{"id":25,"date":"2017-08-23T14:23:41","date_gmt":"2017-08-23T12:23:41","guid":{"rendered":"http:\/\/blogs.nabu.de\/zugvoegel\/?page_id=25"},"modified":"2026-02-19T08:01:22","modified_gmt":"2026-02-19T07:01:22","slug":"impressum","status":"publish","type":"page","link":"https:\/\/blogs.nabu.de\/zugvoegel\/impressum\/","title":{"rendered":"Impressum"},"content":{"rendered":"<h1>Impressum und Datenschutzhinweis<\/h1>\n<p>Der Naturschutzbund Deutschland (NABU) e.V. m\u00f6chte Menschen daf\u00fcr begeistern, sich durch gemeinschaftliches Handeln f\u00fcr die Natur einzusetzen. Wir wollen, dass auch kommende Generationen eine Erde vorfinden, die lebenswert ist, die \u00fcber eine gro\u00dfe Vielfalt an Lebensr\u00e4umen und Arten, sowie \u00fcber gute Luft, sauberes Wasser, gesunde B\u00f6den und ein H\u00f6chstma\u00df an endlichen Ressourcen verf\u00fcgt.<\/p>\n<p><strong>NABU \u2013 Naturschutzbund Deutschland e.V.<\/strong><br \/>\nCharit\u00e9stra\u00dfe 3<br \/>\n10117 Berlin<\/p>\n<p>Tel. 030-28 49 84-0<br \/>\nFax 030-28 49 84-20 00<br \/>\n<a href=\"mailto:blogs@NABU.de\">blogs@NABU.de<\/a><a href=\"mailto:NABU@NABU.de\"><br \/>\n<\/a><a href=\"http:\/\/www.NABU.de\">www.NABU.de <\/a><\/p>\n<p><strong>Postanschrift<\/strong><br \/>\nNABU \u2013 Naturschutzbund Deutschland e.V.<br \/>\n10108 Berlin<\/p>\n<p>Registergericht: Amtsgericht Stuttgart | Registernummer: VR 2303<br \/>\nUmsatzsteueridentifikation-Nr.: DE 155765809<\/p>\n<p><strong>Pr\u00e4sident<\/strong><br \/>\nJ\u00f6rg-Andreas Kr\u00fcger<\/p>\n<p><strong>Gesch\u00e4ftsf\u00fchrung<\/strong><br \/>\nSusanne Baumann, Ingo Ammermann (V.i.S.d.P.)<\/p>\n<p>blogs.NABU.de sind ein Teil des Onlineangebots des NABU. Hier befindet sich das vollst\u00e4ndige Impressum: <a href=\"https:\/\/www.nabu.de\/wir-ueber-uns\/impressum.html\" target=\"_blank\" rel=\"noopener\">www.nabu.de\/wir-ueber-uns\/impressum.html<\/a><\/p>\n<p><strong>Datenschutzhinweis<\/strong>: Es gelten die Datenschutzhinweise von <a href=\"https:\/\/www.nabu.de\/wir-ueber-uns\/datenschutz.html\" target=\"_blank\" rel=\"noopener\">www.NABU.de<\/a><\/p>\n<p>Wir verwenden Ihre Daten nur f\u00fcr den Betrieb dieses Blogs. Grunds\u00e4tzlich werden Ihre Daten nicht an Dritte weiter gegeben, es sei denn, Sie \u00fcbermitteln sie uns zur Ver\u00f6ffentlichung. Der Verwendung Ihrer Daten k\u00f6nnen Sie jederzeit formlos widersprechen, z.B. per E-Mail an redaktion@nabu.de.<\/p>\n<p>E-Mail-Benachrichtigungen: Sie haben die M\u00f6glichkeit, sich neue Blogbeitr\u00e4ge automatisch per E-Mail zusenden zu lassen. Dazu tragen Sie Ihre E-Mail-Adresse in das entsprechende Formular in der rechten Spalte ein. Ihre E-Mail-Adresse wird nicht an Dritte weitergegeben.<\/p>\n<p><strong>Real Cookie Banner<\/strong><\/p>\n<p>Zur Verwaltung der eingesetzten Cookies und \u00e4hnlichen Technologien (Tracking-Pixel, Web-Beacons etc.) und diesbez\u00fcglicher Einwilligungen setzen wir das Consent Tool &#8222;Real Cookie Banner&#8220; ein. Details zur Funktionsweise von &#8222;Real Cookie Banner&#8220; findest du unter &lt;a href=&#8220;https:\/\/devowl.io\/de\/rcb\/datenverarbeitung\/&#8220; rel=&#8220;noreferrer&#8220; target=&#8220;_blank&#8220;&gt;https:\/\/devowl.io\/de\/rcb\/datenverarbeitung\/&lt;\/a&gt;.<\/p>\n<p>Rechtsgrundlagen f\u00fcr die Verarbeitung von personenbezogenen Daten in diesem Zusammenhang sind Art. 6 Abs. 1 lit. c DS-GVO und Art. 6 Abs. 1 lit. f DS-GVO. Unser berechtigtes Interesse ist die Verwaltung der eingesetzten Cookies und \u00e4hnlichen Technologien und der diesbez\u00fcglichen Einwilligungen.<\/p>\n<p>Die Bereitstellung der personenbezogenen Daten ist weder vertraglich vorgeschrieben noch f\u00fcr den Abschluss eines Vertrages notwendig. Du bist nicht verpflichtet die personenbezogenen Daten bereitzustellen. Wenn du die personenbezogenen Daten nicht bereitstellst, k\u00f6nnen wir deine Einwilligungen nicht verwalten.<\/p>\n<!-- Begin Yuzo --><div class='yuzo_related_post style-1'  data-version='5.12.74'><!-- without result --><div class='yuzo_clearfixed yuzo__title yuzo__title'><h3>Related Post<\/h3><\/div>\n\t\t\t\t\t\t  <div class=\"relatedthumb \" style=\"width:125px;float:left;overflow:hidden;\">  \n\t\t\t\t\t\t\t  \n\t\t\t\t\t\t\t  <a  href=\"https:\/\/blogs.nabu.de\/zugvoegel\/turteltauben\/2019\/09\/karte-der-turteltauben\/\"  >\n\t\t\t\t\t\t\t\t\t  <div class=\"yuzo-img-wrap \" style=\"width: 125px;height:90px;\">\n\t\t\t\t\t\t\t\t\t\t\n\t\t\t\t\t\t\t\t\t\t<div class=\"yuzo-img\" style=\"background:url('https:\/\/blogs.nabu.de\/zugvoegel\/wp-content\/plugins\/yuzo-related-post\/assets\/images\/default.png') 50% 50% no-repeat;width: 125px;height:90px;margin-bottom: 5px;background-size: cover; \"><\/div>\n\t\t\t\t\t\t\t\t\t  <\/div>\n\t\t\t\t\t\t\t\t\t  \n\t\t\t\t\t\t\t\t   <span class=\"yuzo__text--title\" style=\"font-size:13px;\">Karte der Turteltauben<\/span>\n\t\t\t\t\t\t\t  \n\t\t\t\t\t\t\t  \n\t\t\t\t\t\t\t  <\/a>\n\n\t\t\t\t\t\t  <\/div>\n\t\t\t\t\t\t  <div class=\"relatedthumb \" style=\"width:125px;float:left;overflow:hidden;\">  \n\t\t\t\t\t\t\t  \n\t\t\t\t\t\t\t  <a  href=\"https:\/\/blogs.nabu.de\/zugvoegel\/turteltauben\/2019\/09\/zwei-der-drei-lieberoser-turteltauben-sind-bereits-unterwegs\/\"  >\n\t\t\t\t\t\t\t\t\t  <div class=\"yuzo-img-wrap \" style=\"width: 125px;height:90px;\">\n\t\t\t\t\t\t\t\t\t\t\n\t\t\t\t\t\t\t\t\t\t<div class=\"yuzo-img\" style=\"background:url('https:\/\/blogs.nabu.de\/zugvoegel\/wp-content\/uploads\/sites\/10\/2019\/09\/DSCN0088-150x150.jpg') 50% 50% no-repeat;width: 125px;height:90px;margin-bottom: 5px;background-size: cover; \"><\/div>\n\t\t\t\t\t\t\t\t\t  <\/div>\n\t\t\t\t\t\t\t\t\t  \n\t\t\t\t\t\t\t\t   <span class=\"yuzo__text--title\" style=\"font-size:13px;\">Zwei der drei Lieberoser Turteltauben sind bereits...<\/span>\n\t\t\t\t\t\t\t  \n\t\t\t\t\t\t\t  \n\t\t\t\t\t\t\t  <\/a>\n\n\t\t\t\t\t\t  <\/div>\n\t\t\t\t\t\t  <div class=\"relatedthumb \" style=\"width:125px;float:left;overflow:hidden;\">  \n\t\t\t\t\t\t\t  \n\t\t\t\t\t\t\t  <a  href=\"https:\/\/blogs.nabu.de\/zugvoegel\/turteltauben\/2020\/01\/cyril-am-dan-doutchi-see\/\"  >\n\t\t\t\t\t\t\t\t\t  <div class=\"yuzo-img-wrap \" style=\"width: 125px;height:90px;\">\n\t\t\t\t\t\t\t\t\t\t\n\t\t\t\t\t\t\t\t\t\t<div class=\"yuzo-img\" style=\"background:url('https:\/\/blogs.nabu.de\/zugvoegel\/wp-content\/uploads\/sites\/10\/2020\/01\/Cyril_20200126-150x150.png') 50% 50% no-repeat;width: 125px;height:90px;margin-bottom: 5px;background-size: cover; \"><\/div>\n\t\t\t\t\t\t\t\t\t  <\/div>\n\t\t\t\t\t\t\t\t\t  \n\t\t\t\t\t\t\t\t   <span class=\"yuzo__text--title\" style=\"font-size:13px;\">Cyril am Dan Doutchi See<\/span>\n\t\t\t\t\t\t\t  \n\t\t\t\t\t\t\t  \n\t\t\t\t\t\t\t  <\/a>\n\n\t\t\t\t\t\t  <\/div>\n\t\t\t\t\t\t  <div class=\"relatedthumb \" style=\"width:125px;float:left;overflow:hidden;\">  \n\t\t\t\t\t\t\t  \n\t\t\t\t\t\t\t  <a  href=\"https:\/\/blogs.nabu.de\/zugvoegel\/allgemein\/2019\/09\/melanie-startet-nach-frankreich-durch\/\"  >\n\t\t\t\t\t\t\t\t\t  <div class=\"yuzo-img-wrap \" style=\"width: 125px;height:90px;\">\n\t\t\t\t\t\t\t\t\t\t\n\t\t\t\t\t\t\t\t\t\t<div class=\"yuzo-img\" style=\"background:url('https:\/\/blogs.nabu.de\/zugvoegel\/wp-content\/uploads\/sites\/10\/2019\/09\/Hungen_Villingen-150x150.jpg') 50% 50% no-repeat;width: 125px;height:90px;margin-bottom: 5px;background-size: cover; \"><\/div>\n\t\t\t\t\t\t\t\t\t  <\/div>\n\t\t\t\t\t\t\t\t\t  \n\t\t\t\t\t\t\t\t   <span class=\"yuzo__text--title\" style=\"font-size:13px;\">Melanie startet nach Frankreich durch<\/span>\n\t\t\t\t\t\t\t  \n\t\t\t\t\t\t\t  \n\t\t\t\t\t\t\t  <\/a>\n\n\t\t\t\t\t\t  <\/div>\n\t\t\t\t\t\t  <div class=\"relatedthumb \" style=\"width:125px;float:left;overflow:hidden;\">  \n\t\t\t\t\t\t\t  \n\t\t\t\t\t\t\t  <a  href=\"https:\/\/blogs.nabu.de\/zugvoegel\/turteltauben\/2020\/09\/francescos-sender-verstummt-nach-dreieinhalb-jahren\/\"  >\n\t\t\t\t\t\t\t\t\t  <div class=\"yuzo-img-wrap \" style=\"width: 125px;height:90px;\">\n\t\t\t\t\t\t\t\t\t\t\n\t\t\t\t\t\t\t\t\t\t<div class=\"yuzo-img\" style=\"background:url('https:\/\/blogs.nabu.de\/zugvoegel\/wp-content\/uploads\/sites\/10\/2020\/09\/IMG_7874-150x150.jpg') 50% 50% no-repeat;width: 125px;height:90px;margin-bottom: 5px;background-size: cover; \"><\/div>\n\t\t\t\t\t\t\t\t\t  <\/div>\n\t\t\t\t\t\t\t\t\t  \n\t\t\t\t\t\t\t\t   <span class=\"yuzo__text--title\" style=\"font-size:13px;\">Francescos Sender verstummt nach dreieinhalb Jahre...<\/span>\n\t\t\t\t\t\t\t  \n\t\t\t\t\t\t\t  \n\t\t\t\t\t\t\t  <\/a>\n\n\t\t\t\t\t\t  <\/div>\n<\/div> <style>\n\t\t\t\t\t\t\t\t.yuzo_related_post img{width:120px !important; height:110px !important;}\n\t\t\t\t\t\t\t\t.yuzo_related_post .relatedthumb{line-height:15px;background: !important;color:!important;}\n\t\t\t\t\t\t\t\t.yuzo_related_post .relatedthumb:hover{background:#fcfcf4 !important; -webkit-transition: background 0.2s linear; -moz-transition: background 0.2s linear; -o-transition: background 0.2s linear; transition: background 0.2s linear;;color:!important;}\n\t\t\t\t\t\t\t\t.yuzo_related_post .relatedthumb a{color:!important;}\n\t\t\t\t\t\t\t\t.yuzo_related_post .relatedthumb a:hover{ color:}!important;}\n\t\t\t\t\t\t\t\t.yuzo_related_post .relatedthumb:hover a{ color:!important;}\n\t\t\t\t\t\t\t\t.yuzo_related_post .yuzo_text {color:!important;}\n\t\t\t\t\t\t\t\t.yuzo_related_post .relatedthumb:hover .yuzo_text {color:!important;}\n\t\t\t\t\t\t\t\t.yuzo_related_post .relatedthumb{  margin: 0px  0px  0px  0px;   padding: 5px  5px  5px  5px;  }\n\t\t\t\t\t\t\t\t\n\t\t\t\t\t\t\t\t<\/style> <script>\n\t\t\t\t\t\t  jQuery(document).ready(function( $ ){\n\t\t\t\t\t\t\t\/\/jQuery('.yuzo_related_post').equalizer({ overflow : 'relatedthumb' });\n\t\t\t\t\t\t\tjQuery('.yuzo_related_post .yuzo_wraps').equalizer({ columns : '> div' });\n\t\t\t\t\t\t   })\n\t\t\t\t\t\t  <\/script> <!-- End Yuzo :) -->","protected":false},"excerpt":{"rendered":"<p>Impressum und Datenschutzhinweis Der Naturschutzbund Deutschland (NABU) e.V. m\u00f6chte Menschen daf\u00fcr begeistern, sich durch gemeinschaftliches Handeln f\u00fcr die Natur einzusetzen. Wir wollen, dass auch kommende Generationen eine Erde [&hellip;]<\/p>\n","protected":false},"author":1,"featured_media":0,"parent":0,"menu_order":0,"comment_status":"closed","ping_status":"closed","template":"","meta":{"jetpack_post_was_ever_published":false},"jetpack_sharing_enabled":true,"jetpack_shortlink":"https:\/\/wp.me\/P96bfG-p","jetpack_likes_enabled":true,"jetpack-related-posts":[{"id":22,"url":"https:\/\/blogs.nabu.de\/zugvoegel\/turteltauben-besenderung\/","url_meta":{"origin":25,"position":0},"title":"\u00dcber das Turteltauben-Projekt","date":"23. August 2017","format":false,"excerpt":"\u00dcber die Besenderung unserer Turteltauben Turteltauben sind in Europa stark zur\u00fcckgegangen und stehen in Deutschland als stark gef\u00e4hrdete Art auf der Roten Liste. Neben verschlechterten Lebensbedingungen im Brutgebiet leiden sie unter der Jagd auf sie im Mittelmeerraum. \u00dcber ihr Leben als Zugvogel ist wenig bekannt, doch die Besenderung der zierlichen\u2026","rel":"","context":"\u00c4hnlicher Beitrag","img":{"alt_text":"","src":"https:\/\/i0.wp.com\/blogs.nabu.de\/zugvoegel\/wp-content\/uploads\/sites\/10\/2017\/08\/170822-nabu-turteltaube-michael-wimbauer3-300x200.jpeg?resize=350%2C200","width":350,"height":200},"classes":[]}],"_links":{"self":[{"href":"https:\/\/blogs.nabu.de\/zugvoegel\/wp-json\/wp\/v2\/pages\/25"}],"collection":[{"href":"https:\/\/blogs.nabu.de\/zugvoegel\/wp-json\/wp\/v2\/pages"}],"about":[{"href":"https:\/\/blogs.nabu.de\/zugvoegel\/wp-json\/wp\/v2\/types\/page"}],"author":[{"embeddable":true,"href":"https:\/\/blogs.nabu.de\/zugvoegel\/wp-json\/wp\/v2\/users\/1"}],"replies":[{"embeddable":true,"href":"https:\/\/blogs.nabu.de\/zugvoegel\/wp-json\/wp\/v2\/comments?post=25"}],"version-history":[{"count":6,"href":"https:\/\/blogs.nabu.de\/zugvoegel\/wp-json\/wp\/v2\/pages\/25\/revisions"}],"predecessor-version":[{"id":1207,"href":"https:\/\/blogs.nabu.de\/zugvoegel\/wp-json\/wp\/v2\/pages\/25\/revisions\/1207"}],"wp:attachment":[{"href":"https:\/\/blogs.nabu.de\/zugvoegel\/wp-json\/wp\/v2\/media?parent=25"}],"curies":[{"name":"wp","href":"https:\/\/api.w.org\/{rel}","templated":true}]}}