{"id":22,"date":"2017-08-23T14:21:06","date_gmt":"2017-08-23T12:21:06","guid":{"rendered":"http:\/\/blogs.nabu.de\/zugvoegel\/?page_id=22"},"modified":"2019-10-08T14:08:55","modified_gmt":"2019-10-08T12:08:55","slug":"turteltauben-besenderung","status":"publish","type":"page","link":"https:\/\/blogs.nabu.de\/zugvoegel\/turteltauben-besenderung\/","title":{"rendered":"\u00dcber das Turteltauben-Projekt"},"content":{"rendered":"<h2>\u00dcber die Besenderung unserer Turteltauben<\/h2>\n<p>Turteltauben sind in Europa stark zur\u00fcckgegangen und stehen in Deutschland als stark gef\u00e4hrdete Art auf der Roten Liste. Neben verschlechterten Lebensbedingungen im Brutgebiet leiden sie unter der Jagd auf sie im Mittelmeerraum. \u00dcber ihr Leben als Zugvogel ist wenig bekannt, doch die Besenderung der zierlichen Tauben soll mehr Klarheit bringen.<\/p>\n<p>Die Zahlen zu Bestand und Bejagung der Turteltaube sind ern\u00fcchternd: Von gesch\u00e4tzten 3 bis 6 Millionen Brutpaaren in Europa und Russland werden allein in den Mitgliedsstaaten der EU j\u00e4hrlich gesch\u00e4tzte 2 bis 3 Millionen V\u00f6gel erlegt. Bis auf 600.000 Absch\u00fcsse im Mittelmeerraum sch\u00e4tzt BirdLife International die Verluste bei Turteltauben.<\/p>\n<h3><strong>Absch\u00fcsse in Malta und in anderen L\u00e4ndern legal<\/strong><\/h3>\n<div id=\"attachment_57\" style=\"width: 310px\" class=\"wp-caption alignright\"><img aria-describedby=\"caption-attachment-57\" data-attachment-id=\"57\" data-permalink=\"https:\/\/blogs.nabu.de\/zugvoegel\/turteltauben-besenderung\/attachment\/170822-nabu-turteltaube-michael-wimbauer3\/\" data-orig-file=\"https:\/\/blogs.nabu.de\/zugvoegel\/wp-content\/uploads\/sites\/10\/2017\/08\/170822-nabu-turteltaube-michael-wimbauer3.jpeg\" data-orig-size=\"680,453\" data-comments-opened=\"1\" data-image-meta=\"{&quot;aperture&quot;:&quot;0&quot;,&quot;credit&quot;:&quot;&quot;,&quot;camera&quot;:&quot;&quot;,&quot;caption&quot;:&quot;&quot;,&quot;created_timestamp&quot;:&quot;0&quot;,&quot;copyright&quot;:&quot;&quot;,&quot;focal_length&quot;:&quot;0&quot;,&quot;iso&quot;:&quot;0&quot;,&quot;shutter_speed&quot;:&quot;0&quot;,&quot;title&quot;:&quot;&quot;,&quot;orientation&quot;:&quot;0&quot;}\" data-image-title=\"Turteltaube &#8211; Foto: Michael Wimbauer\/www.naturgucker.de\" data-image-description=\"\" data-image-caption=\"&lt;p&gt;Turteltaube &#8211; Foto: Michael Wimbauer\/www.naturgucker.de&lt;\/p&gt;\n\" data-medium-file=\"https:\/\/blogs.nabu.de\/zugvoegel\/wp-content\/uploads\/sites\/10\/2017\/08\/170822-nabu-turteltaube-michael-wimbauer3-300x200.jpeg\" data-large-file=\"https:\/\/blogs.nabu.de\/zugvoegel\/wp-content\/uploads\/sites\/10\/2017\/08\/170822-nabu-turteltaube-michael-wimbauer3.jpeg\" decoding=\"async\" loading=\"lazy\" class=\"wp-image-57 size-medium\" src=\"http:\/\/blogs.nabu.de\/zugvoegel\/wp-content\/uploads\/sites\/10\/2017\/08\/170822-nabu-turteltaube-michael-wimbauer3-300x200.jpeg\" alt=\"\" width=\"300\" height=\"200\" \/><p id=\"caption-attachment-57\" class=\"wp-caption-text\">Turteltaube &#8211; Foto: Michael Wimbauer\/www.naturgucker.de<\/p><\/div>\n<p>Die Jagd beschr\u00e4nkt sich nicht nur auf nordafrikanische Staaten wie Marokko und Mauretanien, auch auf den Zugwegen in einzelnen Mitgliedsstaaten der Europ\u00e4ischen Union ist die Jagd zugelassen und ein andauernder Streitpunkt. In Griechenland, Spanien, Frankreich, Italien, Zypern, Malta, \u00d6sterreich und Portugal \u2013 wo \u00fcberall wichtige Zwischenstopps auf dem Zugweg liegen, ist die Jagd im Herbst auf dem Flug nach S\u00fcden legal. Die Absch\u00fcsse zu Sport- oder Vergn\u00fcgungszwecken ist nicht nur eine unmittelbare Gefahr f\u00fcr den einzelnen Vogel sondern bedeutet auch den Verlust von wichtigen Lebensr\u00e4umen durch St\u00f6rung.<\/p>\n<p>Als einziges EU-Land hat Malta sogar eine Ausnahmegenehmigung f\u00fcr den Abschuss von 11.000 Turteltauben auch auf dem Fr\u00fchjahrszug. Aufgrund des Drucks von NABU und anderen Naturschutzorganisationen wurde diese Genehmigung 2017 das erste Mal ausgesetzt. Wie lange dieses Moratorium jedoch h\u00e4lt, ist unbekannt.<\/p>\n<h3>Wenig Informationen<\/h3>\n<p>\u00dcber die Zugrouten der Turteltaube ist bisher recht wenig bekannt und die Zusammenh\u00e4nge einzelner Brutbest\u00e4nde und Winterlebensr\u00e4ume sind fast vollkommen unbekannt. Es gibt drei Hauptzugrouten in das \u00dcberwinterungsgebiet &#8211; die Sahelzone s\u00fcdlich der Sahara &#8211; die von den Turteltauben genutzt werden. Erste Beobachtungsdaten lassen vermuten, dass Turteltauben aus Westeuropa \u00fcber die Iberische Halbinsel ziehen und den Winter in der westafrikanischen Sahelzone verbringen. Turteltauben aus Ost- und Zentraleuropa wandern wahrscheinlich \u00fcber Italien, Malta, Zypern, Tunesien und Libyen und \u00fcberwintern weiter \u00f6stlich im Sudan, in \u00c4thiopien und dem Tschad.<\/p>\n<h3><strong>Gemeinsame Forschung ist notwendig<\/strong><\/h3>\n<p>Die Beringung und der Wiederfang von V\u00f6geln sowie die Ausstattung einzelner Individuen mit Satellitensendern und Geolokatoren haben bei vielen Vogelarten Informationen zu Zugrouten und \u00dcberwinterungsgebieten geliefert. Um auch den R\u00fcckgang der Turteltauben zu verstehen und wirksam einzud\u00e4mmen, ist ein internationaler Austausch von Forschungsmethoden und Daten notwendig. Dieses Ziel verfolgt der NABU zusammen mit seinem Partnerverband BirdLife Malta und der Universit\u00e4t Gie\u00dfen, die ein EU-Projekt namens EURODOVE bearbeiten. Das gemeinsame Ziel ist es, besser zu verstehen, wie die verschiedenen Populationen der Turteltauben in Verbindung stehen, wie die Zugrouten genutzt und welche V\u00f6gel wo gejagt werden. Das Ausma\u00df der Infektionen mit Trichomonaden ist bislang nur in England untersucht worden und soll nun ausgeweitet werden. Die durch Trichomonas verursachte Krankheit und Konditionsschw\u00e4chen k\u00f6nnen eine weitere Ursache f\u00fcr den R\u00fcckgang sein.<\/p>\n<h3><strong>Das NABU-Turteltauben-Projekt<\/strong><\/h3>\n<p>In diesem Rahmen wurden bereits 2016 und 2017 auf Malta Turteltauben besendert. Ihre Reise kann nun auf dem Turteltauben Blog des NABU live verfolgt werden. Im n\u00e4chsten Jahr m\u00f6chte der NABU nicht nur die Besenderung von zehn weiteren V\u00f6geln auf Malta unterst\u00fctzen sondern auch zehn weitere V\u00f6gel in ihren deutschen Brutgebieten mit kleinen Rucksacksendern ausstatten. Ihre Reise kann dann beim NABU verfolgt werden. Dass diese Turteltauben au\u00dferdem zu den ersten V\u00f6geln geh\u00f6ren werden, die im Rahmen der ICARUS-Initiative \u00fcber eine Raumsonde der European Space Agenca (ESA) Daten \u00fcbermitteln, ist dabei besonders spannend.<\/p>\n<p><strong>Weitere Informationen<\/strong><\/p>\n<ul>\n<li><a href=\"https:\/\/www.nabu.de\/tiere-und-pflanzen\/voegel\/artenschutz\/turteltaube\/index.html\" target=\"_blank\" rel=\"noopener\">Zum Turteltauben-Steckbrief auf NABU.de<\/a><\/li>\n<\/ul>\n<p><strong>Turteltauben helfen<\/strong><\/p>\n<ul>\n<li><a href=\"https:\/\/www.nabu.de\/spenden-und-mitmachen\/spenden\/22944.html\" target=\"_blank\" rel=\"noopener\">Helfen Sie uns, Beweise zu sammeln und die Jagd zu verhindern<\/a><\/li>\n<\/ul>\n<p>&nbsp;<\/p>\n<!-- Begin Yuzo --><div class='yuzo_related_post style-1'  data-version='5.12.74'><!-- without result --><div class='yuzo_clearfixed yuzo__title yuzo__title'><h3>Related Post<\/h3><\/div>\n\t\t\t\t\t\t  <div class=\"relatedthumb \" style=\"width:125px;float:left;overflow:hidden;\">  \n\t\t\t\t\t\t\t  \n\t\t\t\t\t\t\t  <a  href=\"https:\/\/blogs.nabu.de\/zugvoegel\/turteltauben\/2019\/09\/karte-der-turteltauben\/\"  >\n\t\t\t\t\t\t\t\t\t  <div class=\"yuzo-img-wrap \" style=\"width: 125px;height:90px;\">\n\t\t\t\t\t\t\t\t\t\t\n\t\t\t\t\t\t\t\t\t\t<div class=\"yuzo-img\" style=\"background:url('https:\/\/blogs.nabu.de\/zugvoegel\/wp-content\/plugins\/yuzo-related-post\/assets\/images\/default.png') 50% 50% no-repeat;width: 125px;height:90px;margin-bottom: 5px;background-size: cover; \"><\/div>\n\t\t\t\t\t\t\t\t\t  <\/div>\n\t\t\t\t\t\t\t\t\t  \n\t\t\t\t\t\t\t\t   <span class=\"yuzo__text--title\" style=\"font-size:13px;\">Karte der Turteltauben<\/span>\n\t\t\t\t\t\t\t  \n\t\t\t\t\t\t\t  \n\t\t\t\t\t\t\t  <\/a>\n\n\t\t\t\t\t\t  <\/div>\n\t\t\t\t\t\t  <div class=\"relatedthumb \" style=\"width:125px;float:left;overflow:hidden;\">  \n\t\t\t\t\t\t\t  \n\t\t\t\t\t\t\t  <a  href=\"https:\/\/blogs.nabu.de\/zugvoegel\/turteltauben\/2020\/05\/drei-neue-aus-malta\/\"  >\n\t\t\t\t\t\t\t\t\t  <div class=\"yuzo-img-wrap \" style=\"width: 125px;height:90px;\">\n\t\t\t\t\t\t\t\t\t\t\n\t\t\t\t\t\t\t\t\t\t<div class=\"yuzo-img\" style=\"background:url('https:\/\/blogs.nabu.de\/zugvoegel\/wp-content\/plugins\/yuzo-related-post\/assets\/images\/default.png') 50% 50% no-repeat;width: 125px;height:90px;margin-bottom: 5px;background-size: cover; \"><\/div>\n\t\t\t\t\t\t\t\t\t  <\/div>\n\t\t\t\t\t\t\t\t\t  \n\t\t\t\t\t\t\t\t   <span class=\"yuzo__text--title\" style=\"font-size:13px;\">Drei Neue aus Malta<\/span>\n\t\t\t\t\t\t\t  \n\t\t\t\t\t\t\t  \n\t\t\t\t\t\t\t  <\/a>\n\n\t\t\t\t\t\t  <\/div>\n\t\t\t\t\t\t  <div class=\"relatedthumb \" style=\"width:125px;float:left;overflow:hidden;\">  \n\t\t\t\t\t\t\t  \n\t\t\t\t\t\t\t  <a  href=\"https:\/\/blogs.nabu.de\/zugvoegel\/turteltauben\/2020\/04\/immer-wieder-malta\/\"  >\n\t\t\t\t\t\t\t\t\t  <div class=\"yuzo-img-wrap \" style=\"width: 125px;height:90px;\">\n\t\t\t\t\t\t\t\t\t\t\n\t\t\t\t\t\t\t\t\t\t<div class=\"yuzo-img\" style=\"background:url('https:\/\/blogs.nabu.de\/zugvoegel\/wp-content\/uploads\/sites\/10\/2020\/04\/IMG_0958-150x150.jpg') 50% 50% no-repeat;width: 125px;height:90px;margin-bottom: 5px;background-size: cover; \"><\/div>\n\t\t\t\t\t\t\t\t\t  <\/div>\n\t\t\t\t\t\t\t\t\t  \n\t\t\t\t\t\t\t\t   <span class=\"yuzo__text--title\" style=\"font-size:13px;\">Immer wieder Malta<\/span>\n\t\t\t\t\t\t\t  \n\t\t\t\t\t\t\t  \n\t\t\t\t\t\t\t  <\/a>\n\n\t\t\t\t\t\t  <\/div>\n\t\t\t\t\t\t  <div class=\"relatedthumb \" style=\"width:125px;float:left;overflow:hidden;\">  \n\t\t\t\t\t\t\t  \n\t\t\t\t\t\t\t  <a  href=\"https:\/\/blogs.nabu.de\/zugvoegel\/turteltauben\/2020\/09\/taubert-zieht-die-costa-brava-entlang\/\"  >\n\t\t\t\t\t\t\t\t\t  <div class=\"yuzo-img-wrap \" style=\"width: 125px;height:90px;\">\n\t\t\t\t\t\t\t\t\t\t\n\t\t\t\t\t\t\t\t\t\t<div class=\"yuzo-img\" style=\"background:url('https:\/\/blogs.nabu.de\/zugvoegel\/wp-content\/uploads\/sites\/10\/2020\/09\/IMG_7960-150x150.jpg') 50% 50% no-repeat;width: 125px;height:90px;margin-bottom: 5px;background-size: cover; \"><\/div>\n\t\t\t\t\t\t\t\t\t  <\/div>\n\t\t\t\t\t\t\t\t\t  \n\t\t\t\t\t\t\t\t   <span class=\"yuzo__text--title\" style=\"font-size:13px;\">Taubert zieht die Costa Brava entlang<\/span>\n\t\t\t\t\t\t\t  \n\t\t\t\t\t\t\t  \n\t\t\t\t\t\t\t  <\/a>\n\n\t\t\t\t\t\t  <\/div>\n\t\t\t\t\t\t  <div class=\"relatedthumb \" style=\"width:125px;float:left;overflow:hidden;\">  \n\t\t\t\t\t\t\t  \n\t\t\t\t\t\t\t  <a  href=\"https:\/\/blogs.nabu.de\/zugvoegel\/turteltauben\/2020\/07\/besenderung-2020-das-ist-namenlos-1\/\"  >\n\t\t\t\t\t\t\t\t\t  <div class=\"yuzo-img-wrap \" style=\"width: 125px;height:90px;\">\n\t\t\t\t\t\t\t\t\t\t\n\t\t\t\t\t\t\t\t\t\t<div class=\"yuzo-img\" style=\"background:url('https:\/\/blogs.nabu.de\/zugvoegel\/wp-content\/uploads\/sites\/10\/2020\/07\/TT20_01_A-8_L.-Koch-150x150.jpg') 50% 50% no-repeat;width: 125px;height:90px;margin-bottom: 5px;background-size: cover; \"><\/div>\n\t\t\t\t\t\t\t\t\t  <\/div>\n\t\t\t\t\t\t\t\t\t  \n\t\t\t\t\t\t\t\t   <span class=\"yuzo__text--title\" style=\"font-size:13px;\">Besenderung 2020 \u2013 das ist Romeo<\/span>\n\t\t\t\t\t\t\t  \n\t\t\t\t\t\t\t  \n\t\t\t\t\t\t\t  <\/a>\n\n\t\t\t\t\t\t  <\/div>\n<\/div> <style>\n\t\t\t\t\t\t\t\t.yuzo_related_post img{width:120px !important; height:110px !important;}\n\t\t\t\t\t\t\t\t.yuzo_related_post .relatedthumb{line-height:15px;background: !important;color:!important;}\n\t\t\t\t\t\t\t\t.yuzo_related_post .relatedthumb:hover{background:#fcfcf4 !important; -webkit-transition: background 0.2s linear; -moz-transition: background 0.2s linear; -o-transition: background 0.2s linear; transition: background 0.2s linear;;color:!important;}\n\t\t\t\t\t\t\t\t.yuzo_related_post .relatedthumb a{color:!important;}\n\t\t\t\t\t\t\t\t.yuzo_related_post .relatedthumb a:hover{ color:}!important;}\n\t\t\t\t\t\t\t\t.yuzo_related_post .relatedthumb:hover a{ color:!important;}\n\t\t\t\t\t\t\t\t.yuzo_related_post .yuzo_text {color:!important;}\n\t\t\t\t\t\t\t\t.yuzo_related_post .relatedthumb:hover .yuzo_text {color:!important;}\n\t\t\t\t\t\t\t\t.yuzo_related_post .relatedthumb{  margin: 0px  0px  0px  0px;   padding: 5px  5px  5px  5px;  }\n\t\t\t\t\t\t\t\t\n\t\t\t\t\t\t\t\t<\/style> <script>\n\t\t\t\t\t\t  jQuery(document).ready(function( $ ){\n\t\t\t\t\t\t\t\/\/jQuery('.yuzo_related_post').equalizer({ overflow : 'relatedthumb' });\n\t\t\t\t\t\t\tjQuery('.yuzo_related_post .yuzo_wraps').equalizer({ columns : '> div' });\n\t\t\t\t\t\t   })\n\t\t\t\t\t\t  <\/script> <!-- End Yuzo :) -->","protected":false},"excerpt":{"rendered":"<p>\u00dcber die Besenderung unserer Turteltauben Turteltauben sind in Europa stark zur\u00fcckgegangen und stehen in Deutschland als stark gef\u00e4hrdete Art auf der Roten Liste. Neben verschlechterten Lebensbedingungen im Brutgebiet [&hellip;]<\/p>\n","protected":false},"author":1,"featured_media":0,"parent":0,"menu_order":0,"comment_status":"closed","ping_status":"closed","template":"","meta":{"jetpack_post_was_ever_published":false},"jetpack_sharing_enabled":true,"jetpack_shortlink":"https:\/\/wp.me\/P96bfG-m","jetpack_likes_enabled":true,"jetpack-related-posts":[{"id":25,"url":"https:\/\/blogs.nabu.de\/zugvoegel\/impressum\/","url_meta":{"origin":22,"position":0},"title":"Impressum","date":"23. August 2017","format":false,"excerpt":"Impressum und Datenschutzhinweis Der Naturschutzbund Deutschland (NABU) e.V. m\u00f6chte Menschen daf\u00fcr begeistern, sich durch gemeinschaftliches Handeln f\u00fcr die Natur einzusetzen. Wir wollen, dass auch kommende Generationen eine Erde vorfinden, die lebenswert ist, die \u00fcber eine gro\u00dfe Vielfalt an Lebensr\u00e4umen und Arten, sowie \u00fcber gute Luft, sauberes Wasser, gesunde B\u00f6den und\u2026","rel":"","context":"\u00c4hnlicher Beitrag","img":{"alt_text":"","src":"","width":0,"height":0},"classes":[]},{"id":84,"url":"https:\/\/blogs.nabu.de\/zugvoegel\/turteltauben-karte\/","url_meta":{"origin":22,"position":1},"title":"Turteltauben-Karte","date":"31. August 2017","format":false,"excerpt":"","rel":"","context":"\u00c4hnlicher Beitrag","img":{"alt_text":"","src":"","width":0,"height":0},"classes":[]},{"id":34,"url":"https:\/\/blogs.nabu.de\/zugvoegel\/seite-nicht-gefunden\/","url_meta":{"origin":22,"position":2},"title":"Seite nicht gefunden","date":"23. August 2017","format":false,"excerpt":"Alle V\u00f6gel sind schon ausgeflogen! Entschuldigung. Diese Seite existiert leider nicht. \u00a0","rel":"","context":"\u00c4hnlicher Beitrag","img":{"alt_text":"141219-nabu-nest-fotolia","src":"https:\/\/i0.wp.com\/blogs.nabu.de\/base\/wp-content\/uploads\/2015\/03\/141219-nabu-nest-fotolia.jpg?resize=350%2C200","width":350,"height":200},"classes":[]},{"id":30,"url":"https:\/\/blogs.nabu.de\/zugvoegel\/gaestebuch\/","url_meta":{"origin":22,"position":3},"title":"G\u00e4stebuch","date":"23. August 2017","format":false,"excerpt":"G\u00e4stebuch Haben Sie Fragen, Lob, Kritik? Schreiben Sie in unser G\u00e4stebuch!","rel":"","context":"\u00c4hnlicher Beitrag","img":{"alt_text":"","src":"","width":0,"height":0},"classes":[]}],"_links":{"self":[{"href":"https:\/\/blogs.nabu.de\/zugvoegel\/wp-json\/wp\/v2\/pages\/22"}],"collection":[{"href":"https:\/\/blogs.nabu.de\/zugvoegel\/wp-json\/wp\/v2\/pages"}],"about":[{"href":"https:\/\/blogs.nabu.de\/zugvoegel\/wp-json\/wp\/v2\/types\/page"}],"author":[{"embeddable":true,"href":"https:\/\/blogs.nabu.de\/zugvoegel\/wp-json\/wp\/v2\/users\/1"}],"replies":[{"embeddable":true,"href":"https:\/\/blogs.nabu.de\/zugvoegel\/wp-json\/wp\/v2\/comments?post=22"}],"version-history":[{"count":6,"href":"https:\/\/blogs.nabu.de\/zugvoegel\/wp-json\/wp\/v2\/pages\/22\/revisions"}],"predecessor-version":[{"id":430,"href":"https:\/\/blogs.nabu.de\/zugvoegel\/wp-json\/wp\/v2\/pages\/22\/revisions\/430"}],"wp:attachment":[{"href":"https:\/\/blogs.nabu.de\/zugvoegel\/wp-json\/wp\/v2\/media?parent=22"}],"curies":[{"name":"wp","href":"https:\/\/api.w.org\/{rel}","templated":true}]}}