{"id":8,"date":"2016-02-23T15:40:48","date_gmt":"2016-02-23T14:40:48","guid":{"rendered":"http:\/\/blogs.nabu.de\/trischen\/?page_id=8"},"modified":"2024-07-01T12:20:36","modified_gmt":"2024-07-01T10:20:36","slug":"impressum-datenschutzhinweis","status":"publish","type":"page","link":"https:\/\/blogs.nabu.de\/trischen\/impressum-datenschutzhinweis\/","title":{"rendered":"Impressum"},"content":{"rendered":"<p>NABU \u2013 Naturschutzbund Deutschland e.V.<br \/>\nLandesverband Schleswig Holstein<br \/>\nF\u00e4rberstr. 51<br \/>\n24534 Neum\u00fcnster<\/p>\n<p>Tel. 04321 &#8211; 53 73 4<br \/>\nFax 04321 &#8211; 5981<br \/>\n<a href=\"mailto:info@nabu-sh.de\">Info@NABU-SH.de<\/a><a href=\"mailto:NABU@NABU.de\"><br \/>\n<\/a><a href=\"https:\/\/schleswig-holstein.nabu.de\/\">https:\/\/schleswig-holstein.nabu.de<\/a><\/p>\n<p>Registergericht: Amtsgericht Kiel | Registernummer: VR2093KI<br \/>\nUmsatzsteueridentifikation-Nr.: DE 1 929 287 094<\/p>\n<p><b>Vorsitzender<\/b><br \/>\nAlexander Schwarzlose<\/p>\n<p><b>Gesch\u00e4ftsf\u00fchrung<\/b><br \/>\nThomas Rothmund<\/p>\n<p>blogs.NABU.de\/trischen sind ein Teil des Onlineangebots des NABU Schleswig-Holsteins. Hier befindet sich das <a href=\"https:\/\/schleswig-holstein.nabu.de\/wir-ueber-uns\/organisation\/18523.html\">vollst\u00e4ndige Impressum<\/a>.<\/p>\n<p><strong>Datenschutzhinweis<\/strong>: Es gelten die Datenschutzhinweise von <a href=\"https:\/\/www.nabu.de\/wir-ueber-uns\/datenschutz.html\" target=\"_blank\" rel=\"noopener\">www.NABU.de<\/a><\/p>\n<p>Wir verwenden Ihre Daten nur f\u00fcr den Betrieb dieses Blogs. Grunds\u00e4tzlich werden Ihre Daten nicht an Dritte weiter gegeben, es sei denn, Sie \u00fcbermitteln sie uns zur Ver\u00f6ffentlichung. Der Verwendung Ihrer Daten k\u00f6nnen Sie jederzeit formlos widersprechen, z.B. per E-Mail an redaktion@nabu.de.<\/p>\n<p>E-Mail-Benachrichtigungen: Sie haben die M\u00f6glichkeit, sich neue Blogbeitr\u00e4ge automatisch per E-Mail zusenden zu lassen. Dazu tragen Sie Ihre E-Mail-Adresse in das entsprechende Formular in der rechten Spalte ein. Ihre E-Mail-Adresse wird nicht an Dritte weitergegeben.<\/p>\n<p>&nbsp;<\/p>\n<p><strong>Real Cookie Banner<\/strong><\/p>\n<p>Zur Verwaltung der eingesetzten Cookies und \u00e4hnlichen Technologien (Tracking-Pixel, Web-Beacons etc.) und diesbez\u00fcglicher Einwilligungen setzen wir das Consent Tool &#8222;Real Cookie Banner&#8220; ein. Details zur Funktionsweise von &#8222;Real Cookie Banner&#8220; findest du unter &lt;a href=&#8220;https:\/\/devowl.io\/de\/rcb\/datenverarbeitung\/&#8220; rel=&#8220;noreferrer&#8220; target=&#8220;_blank&#8220;&gt;https:\/\/devowl.io\/de\/rcb\/datenverarbeitung\/&lt;\/a&gt;.<\/p>\n<p>Rechtsgrundlagen f\u00fcr die Verarbeitung von personenbezogenen Daten in diesem Zusammenhang sind Art. 6 Abs. 1 lit. c DS-GVO und Art. 6 Abs. 1 lit. f DS-GVO. Unser berechtigtes Interesse ist die Verwaltung der eingesetzten Cookies und \u00e4hnlichen Technologien und der diesbez\u00fcglichen Einwilligungen.<\/p>\n<p>Die Bereitstellung der personenbezogenen Daten ist weder vertraglich vorgeschrieben noch f\u00fcr den Abschluss eines Vertrages notwendig. Du bist nicht verpflichtet die personenbezogenen Daten bereitzustellen. Wenn du die personenbezogenen Daten nicht bereitstellst, k\u00f6nnen wir deine Einwilligungen nicht verwalten.<\/p>\n<!-- Begin Yuzo --><div class='yuzo_related_post style-1'  data-version='5.12.74'><!-- without result --><div class='yuzo_clearfixed yuzo__title yuzo__title'><h3>Related Post<\/h3><\/div>\n\t\t\t\t\t\t  <div class=\"relatedthumb \" style=\"width:145px;float:left;overflow:hidden;\">  \n\t\t\t\t\t\t\t  \n\t\t\t\t\t\t\t  <a  href=\"https:\/\/blogs.nabu.de\/trischen\/steppenweihen\/\"  >\n\t\t\t\t\t\t\t\t\t  <div class=\"yuzo-img-wrap \" style=\"width: 145px;height:145px;\">\n\t\t\t\t\t\t\t\t\t\t\n\t\t\t\t\t\t\t\t\t\t<div class=\"yuzo-img\" style=\"background:url('https:\/\/blogs.nabu.de\/trischen\/wp-content\/uploads\/sites\/7\/2019\/09\/Steppenweihe-Fr\u00fchjahr-1-150x150.jpg') 50% 50% no-repeat;width: 145px;height:145px;margin-bottom: 5px;background-size: cover; \"><\/div>\n\t\t\t\t\t\t\t\t\t  <\/div>\n\t\t\t\t\t\t\t\t\t  \n\t\t\t\t\t\t\t\t   <span class=\"yuzo__text--title\" style=\"font-size:14px;\">Steppenweihen<\/span>\n\t\t\t\t\t\t\t  \n\t\t\t\t\t\t\t  \n\t\t\t\t\t\t\t  <\/a>\n\n\t\t\t\t\t\t  <\/div>\n\t\t\t\t\t\t  <div class=\"relatedthumb \" style=\"width:145px;float:left;overflow:hidden;\">  \n\t\t\t\t\t\t\t  \n\t\t\t\t\t\t\t  <a  href=\"https:\/\/blogs.nabu.de\/trischen\/vier-jahre-spaeter\/\"  >\n\t\t\t\t\t\t\t\t\t  <div class=\"yuzo-img-wrap \" style=\"width: 145px;height:145px;\">\n\t\t\t\t\t\t\t\t\t\t\n\t\t\t\t\t\t\t\t\t\t<div class=\"yuzo-img\" style=\"background:url('https:\/\/blogs.nabu.de\/trischen\/wp-content\/uploads\/sites\/7\/2021\/08\/LBBG_GB-150x150.png') 50% 50% no-repeat;width: 145px;height:145px;margin-bottom: 5px;background-size: cover; \"><\/div>\n\t\t\t\t\t\t\t\t\t  <\/div>\n\t\t\t\t\t\t\t\t\t  \n\t\t\t\t\t\t\t\t   <span class=\"yuzo__text--title\" style=\"font-size:14px;\">vier Jahre sp\u00e4ter<\/span>\n\t\t\t\t\t\t\t  \n\t\t\t\t\t\t\t  \n\t\t\t\t\t\t\t  <\/a>\n\n\t\t\t\t\t\t  <\/div>\n\t\t\t\t\t\t  <div class=\"relatedthumb \" style=\"width:145px;float:left;overflow:hidden;\">  \n\t\t\t\t\t\t\t  \n\t\t\t\t\t\t\t  <a  href=\"https:\/\/blogs.nabu.de\/trischen\/kann-es-wirklich-liebe-sein-vogelbalz-auf-trischen-teil-4\/\"  >\n\t\t\t\t\t\t\t\t\t  <div class=\"yuzo-img-wrap \" style=\"width: 145px;height:145px;\">\n\t\t\t\t\t\t\t\t\t\t\n\t\t\t\t\t\t\t\t\t\t<div class=\"yuzo-img\" style=\"background:url('https:\/\/blogs.nabu.de\/trischen\/wp-content\/uploads\/sites\/7\/2018\/05\/IMG_3301-150x150.jpg') 50% 50% no-repeat;width: 145px;height:145px;margin-bottom: 5px;background-size: cover; \"><\/div>\n\t\t\t\t\t\t\t\t\t  <\/div>\n\t\t\t\t\t\t\t\t\t  \n\t\t\t\t\t\t\t\t   <span class=\"yuzo__text--title\" style=\"font-size:14px;\">Kann es wirklich Liebe sein? \u2013 Vogelbalz auf...<\/span>\n\t\t\t\t\t\t\t  \n\t\t\t\t\t\t\t  \n\t\t\t\t\t\t\t  <\/a>\n\n\t\t\t\t\t\t  <\/div>\n\t\t\t\t\t\t  <div class=\"relatedthumb \" style=\"width:145px;float:left;overflow:hidden;\">  \n\t\t\t\t\t\t\t  \n\t\t\t\t\t\t\t  <a  href=\"https:\/\/blogs.nabu.de\/trischen\/vom-ankommen-balzen-brueten-und-kueken-fuehren\/\"  >\n\t\t\t\t\t\t\t\t\t  <div class=\"yuzo-img-wrap \" style=\"width: 145px;height:145px;\">\n\t\t\t\t\t\t\t\t\t\t\n\t\t\t\t\t\t\t\t\t\t<div class=\"yuzo-img\" style=\"background:url('https:\/\/blogs.nabu.de\/trischen\/wp-content\/uploads\/sites\/7\/2019\/04\/balzender-Rotschenkel-150x150.jpg') 50% 50% no-repeat;width: 145px;height:145px;margin-bottom: 5px;background-size: cover; \"><\/div>\n\t\t\t\t\t\t\t\t\t  <\/div>\n\t\t\t\t\t\t\t\t\t  \n\t\t\t\t\t\t\t\t   <span class=\"yuzo__text--title\" style=\"font-size:14px;\">Vom Ankommen, Balzen, Br\u00fcten und K\u00fcken f\u00fchren<\/span>\n\t\t\t\t\t\t\t  \n\t\t\t\t\t\t\t  \n\t\t\t\t\t\t\t  <\/a>\n\n\t\t\t\t\t\t  <\/div>\n<\/div> <style>\n\t\t\t\t\t\t\t\t.yuzo_related_post img{width:155px !important; height:145px !important;}\n\t\t\t\t\t\t\t\t.yuzo_related_post .relatedthumb{line-height:16px;background: !important;color:!important;}\n\t\t\t\t\t\t\t\t.yuzo_related_post .relatedthumb:hover{background:#fcfcf4 !important; -webkit-transition: background 0.2s linear; -moz-transition: background 0.2s linear; -o-transition: background 0.2s linear; transition: background 0.2s linear;;color:!important;}\n\t\t\t\t\t\t\t\t.yuzo_related_post .relatedthumb a{color:!important;}\n\t\t\t\t\t\t\t\t.yuzo_related_post .relatedthumb a:hover{ color:}!important;}\n\t\t\t\t\t\t\t\t.yuzo_related_post .relatedthumb:hover a{ color:!important;}\n\t\t\t\t\t\t\t\t.yuzo_related_post .yuzo_text {color:!important;}\n\t\t\t\t\t\t\t\t.yuzo_related_post .relatedthumb:hover .yuzo_text {color:!important;}\n\t\t\t\t\t\t\t\t.yuzo_related_post .relatedthumb{  margin: 0px  0px  0px  0px;   padding: 5px  5px  5px  5px;  }\n\t\t\t\t\t\t\t\t\n\t\t\t\t\t\t\t\t<\/style> <script>\n\t\t\t\t\t\t  jQuery(document).ready(function( $ ){\n\t\t\t\t\t\t\t\/\/jQuery('.yuzo_related_post').equalizer({ overflow : 'relatedthumb' });\n\t\t\t\t\t\t\tjQuery('.yuzo_related_post .yuzo_wraps').equalizer({ columns : '> div' });\n\t\t\t\t\t\t   })\n\t\t\t\t\t\t  <\/script> <!-- End Yuzo :) -->","protected":false},"excerpt":{"rendered":"<p>NABU \u2013 Naturschutzbund Deutschland e.V. Landesverband Schleswig Holstein F\u00e4rberstr. 51 24534 Neum\u00fcnster Tel. 04321 &#8211; 53 73 4 Fax 04321 &#8211; 5981 Info@NABU-SH.de https:\/\/schleswig-holstein.nabu.de Registergericht: Amtsgericht Kiel | [&hellip;]<\/p>\n","protected":false},"author":1,"featured_media":0,"parent":0,"menu_order":0,"comment_status":"closed","ping_status":"closed","template":"page-fullwidth.php","meta":{"jetpack_post_was_ever_published":false},"jetpack_shortlink":"https:\/\/wp.me\/P7gGqE-8","jetpack-related-posts":[{"id":5631,"url":"https:\/\/blogs.nabu.de\/trischen\/vogelwartin-2021\/","url_meta":{"origin":8,"position":0},"title":"Vogelwartin 2021","date":"12. M\u00e4rz 2020","format":false,"excerpt":"Moin, und herzlich Willkommen auf dem NABU-blog der Insel Trischen \u2013 sch\u00f6n, dass sie hier vorbeischauen! Mein Name ist Anne Evers und f\u00fcr die Saison 2021 bin ich Vogelwartin auf der Insel Trischen. Trischen liegt in der Schutzzone 1 des Nationalparks Schleswig-Holsteinisches Wattenmeer und darf somit nur von sehr wenigen\u2026","rel":"","context":"\u00c4hnlicher Beitrag","img":{"alt_text":"","src":"","width":0,"height":0},"classes":[]},{"id":7582,"url":"https:\/\/blogs.nabu.de\/trischen\/vogelwart-2026\/","url_meta":{"origin":8,"position":1},"title":"Naturschutzwart 2026","date":"4. M\u00e4rz 2024","format":false,"excerpt":"Moin! Mein Name ist David Grupp und ich habe das gro\u00dfe Gl\u00fcck, 2026 als Naturschutzwart auf der Insel Trischen arbeiten zu d\u00fcrfen. Die M\u00f6glichkeit, an diesem besonderen Ort zu leben und t\u00e4tig zu sein, bedeutet f\u00fcr mich eine gro\u00dfe pers\u00f6nliche, aber auch fachliche Bereicherung. Meine Faszination f\u00fcr das Wattenmeer und\u2026","rel":"","context":"\u00c4hnlicher Beitrag","img":{"alt_text":"","src":"https:\/\/i0.wp.com\/blogs.nabu.de\/trischen\/wp-content\/uploads\/sites\/7\/2026\/03\/1-e1774958864922-257x300.jpg?resize=350%2C200&ssl=1","width":350,"height":200},"classes":[]},{"id":8032,"url":"https:\/\/blogs.nabu.de\/trischen\/naturschutzwart-2026\/","url_meta":{"origin":8,"position":2},"title":"Naturschutzwart 2026","date":"18. Juni 2025","format":false,"excerpt":"\u00a0 Moin! Mein Name ist David und ich habe das gro\u00dfe Gl\u00fcck, 2026 als Naturschutzwart auf der Insel Trischen arbeiten zu d\u00fcrfen. Die M\u00f6glichkeit, an diesem besonderen Ort zu leben und t\u00e4tig zu sein, bedeutet f\u00fcr mich eine gro\u00dfe pers\u00f6nliche, aber auch fachliche Bereicherung. Meine Faszination f\u00fcr das Wattenmeer und\u2026","rel":"","context":"\u00c4hnlicher Beitrag","img":{"alt_text":"","src":"https:\/\/i0.wp.com\/blogs.nabu.de\/trischen\/wp-content\/uploads\/sites\/7\/2026\/03\/1-e1774958864922-257x300.jpg?resize=350%2C200&ssl=1","width":350,"height":200},"classes":[]},{"id":1831,"url":"https:\/\/blogs.nabu.de\/trischen\/toremq\/","url_meta":{"origin":8,"position":3},"title":"Tore Mayland-Quellhorst (2017)","date":"18. Februar 2017","format":false,"excerpt":"Moin, es freut mich, dass Sie den Weg auf dieses Blog gefunden haben. Mein Name ist Tore Mayland-Quellhorst und f\u00fcr dieses Jahr bin ich der \u201eVogelwart\u201c von Trischen. Genau genommen lebe ich von M\u00e4rz bis Oktober auf der Insel, da das Wetter und die See im Rest des Jahres zu\u2026","rel":"","context":"\u00c4hnlicher Beitrag","img":{"alt_text":"","src":"https:\/\/i0.wp.com\/blogs.nabu.de\/trischen\/wp-content\/uploads\/sites\/7\/2017\/03\/toremq2_web-300x200.jpg?resize=350%2C200","width":350,"height":200},"classes":[]},{"id":5621,"url":"https:\/\/blogs.nabu.de\/trischen\/anne-de-walmont-2019\/","url_meta":{"origin":8,"position":4},"title":"Die Vogelwartin 2019","date":"9. M\u00e4rz 2020","format":false,"excerpt":"Moin, (Foto: A. de Walmont) sch\u00f6n, dass Sie auf dem NABU-blog der Insel Trischen vorbeischauen! Mein Name ist Anne de Walmont und f\u00fcr die Saison 2019 bin ich\u00a0 die Vogelwartin auf Trischen. Auf dieser Internetseite werde ich \u00fcber aktuelle Geschehnisse und Beobachtungen auf der Insel berichten. Aufgewachsen an der nieders\u00e4chsischen\u2026","rel":"","context":"\u00c4hnlicher Beitrag","img":{"alt_text":"","src":"https:\/\/i0.wp.com\/blogs.nabu.de\/trischen\/wp-content\/uploads\/sites\/7\/2019\/04\/Anne-de-Walmont220.jpg?resize=350%2C200&ssl=1","width":350,"height":200},"classes":[]},{"id":7064,"url":"https:\/\/blogs.nabu.de\/trischen\/vogelwartin-2023\/","url_meta":{"origin":8,"position":5},"title":"Vogelwartin 2023","date":"24. Februar 2023","format":false,"excerpt":"Moin Moin und herzlich willkommen auf dem NABU Blog der Insel Trischen. Egal, ob sie zuf\u00e4llig hereingeschneit sind oder diesen Blog schon l\u00e4nger verfolgen, ich lade sie herzlich dazu ein, mich auf diesen Seiten in den kommenden Monaten bei meinen kleinen und gro\u00dfen Erlebnissen auf Trischen zu begleiten. F\u00fcr den\u2026","rel":"","context":"\u00c4hnlicher Beitrag","img":{"alt_text":"","src":"https:\/\/i0.wp.com\/blogs.nabu.de\/trischen\/wp-content\/uploads\/sites\/7\/2023\/03\/Bild_Melli2-225x300.jpg?resize=350%2C200&ssl=1","width":350,"height":200},"classes":[]}],"jetpack_sharing_enabled":true,"_links":{"self":[{"href":"https:\/\/blogs.nabu.de\/trischen\/wp-json\/wp\/v2\/pages\/8"}],"collection":[{"href":"https:\/\/blogs.nabu.de\/trischen\/wp-json\/wp\/v2\/pages"}],"about":[{"href":"https:\/\/blogs.nabu.de\/trischen\/wp-json\/wp\/v2\/types\/page"}],"author":[{"embeddable":true,"href":"https:\/\/blogs.nabu.de\/trischen\/wp-json\/wp\/v2\/users\/1"}],"replies":[{"embeddable":true,"href":"https:\/\/blogs.nabu.de\/trischen\/wp-json\/wp\/v2\/comments?post=8"}],"version-history":[{"count":5,"href":"https:\/\/blogs.nabu.de\/trischen\/wp-json\/wp\/v2\/pages\/8\/revisions"}],"predecessor-version":[{"id":7818,"href":"https:\/\/blogs.nabu.de\/trischen\/wp-json\/wp\/v2\/pages\/8\/revisions\/7818"}],"wp:attachment":[{"href":"https:\/\/blogs.nabu.de\/trischen\/wp-json\/wp\/v2\/media?parent=8"}],"curies":[{"name":"wp","href":"https:\/\/api.w.org\/{rel}","templated":true}]}}