{"id":7582,"date":"2024-03-04T08:44:52","date_gmt":"2024-03-04T07:44:52","guid":{"rendered":"https:\/\/blogs.nabu.de\/trischen\/?page_id=7582"},"modified":"2026-03-31T20:49:03","modified_gmt":"2026-03-31T18:49:03","slug":"vogelwart-2026","status":"publish","type":"page","link":"https:\/\/blogs.nabu.de\/trischen\/vogelwart-2026\/","title":{"rendered":"Naturschutzwart 2026"},"content":{"rendered":"<p><img data-attachment-id=\"8316\" data-permalink=\"https:\/\/blogs.nabu.de\/trischen\/naturschutzwart-2026\/attachment\/1\/\" data-orig-file=\"https:\/\/blogs.nabu.de\/trischen\/wp-content\/uploads\/sites\/7\/2026\/03\/1-e1774958864922.jpg\" data-orig-size=\"854,998\" data-comments-opened=\"0\" data-image-meta=\"{&quot;aperture&quot;:&quot;0&quot;,&quot;credit&quot;:&quot;&quot;,&quot;camera&quot;:&quot;&quot;,&quot;caption&quot;:&quot;&quot;,&quot;created_timestamp&quot;:&quot;0&quot;,&quot;copyright&quot;:&quot;&quot;,&quot;focal_length&quot;:&quot;0&quot;,&quot;iso&quot;:&quot;0&quot;,&quot;shutter_speed&quot;:&quot;0&quot;,&quot;title&quot;:&quot;&quot;,&quot;orientation&quot;:&quot;0&quot;}\" data-image-title=\"\" data-image-description=\"\" data-image-caption=\"\" data-medium-file=\"https:\/\/blogs.nabu.de\/trischen\/wp-content\/uploads\/sites\/7\/2026\/03\/1-e1774958864922-257x300.jpg\" data-large-file=\"https:\/\/blogs.nabu.de\/trischen\/wp-content\/uploads\/sites\/7\/2026\/03\/1-666x1000.jpg\" decoding=\"async\" loading=\"lazy\" class=\"alignright wp-image-8316 size-medium\" src=\"https:\/\/blogs.nabu.de\/trischen\/wp-content\/uploads\/sites\/7\/2026\/03\/1-e1774958864922-257x300.jpg\" alt=\"\" width=\"257\" height=\"300\" \/><\/p>\n<p>Moin!<br \/>\nMein Name ist David Grupp und ich habe das gro\u00dfe Gl\u00fcck, 2026 als Naturschutzwart auf der Insel Trischen arbeiten zu d\u00fcrfen. Die M\u00f6glichkeit, an diesem besonderen Ort zu leben und t\u00e4tig zu sein, bedeutet f\u00fcr mich eine gro\u00dfe pers\u00f6nliche, aber auch fachliche Bereicherung.<\/p>\n<p>Meine Faszination f\u00fcr das Wattenmeer und die K\u00fcste hat sich vor allem durch meine mehrj\u00e4hrige Mitarbeit im Artenhilfsprojekt f\u00fcr die Lachseeschwalbe im Neufelderkoog entwickelt. Dort habe ich das Wattenmeer als dynamischen und zugleich \u00e4u\u00dferst sensiblen Lebensraum intensiv kennen- und sch\u00e4tzen gelernt.<\/p>\n<p>Nach einem holprigen akademischen (Nicht-)Werdegang war ich in verschiedenen Bereichen des praktischen Naturschutzes, der Forschung und der Umweltplanung t\u00e4tig. Besonders wichtig ist mir dabei die direkte, naturschutzfachliche Arbeit in und mit der Natur.<\/p>\n<p>Neben der Vogelwelt interessieren mich vor allem Nachtfalter, mit deren Bestimmung ich mich auch in meiner Freizeit sehr gerne besch\u00e4ftige. Au\u00dferdem begeistern mich Citizen-Science-Ans\u00e4tze (\u201eB\u00fcrger:innenwissenschaft\u201c) sowie moderne Methoden der Tier- und Pflanzenerfassung, die ich als gro\u00dfe Chance f\u00fcr den Naturschutz sehe.<\/p>\n<p>Trischen empfinde ich als einen einzigartigen Ort, an dem sich Schutz, Forschung und das Leben und Arbeiten in der Natur\u00a0auf besondere Weise verbinden. Ich freue mich sehr darauf, meinen Beitrag zum Erhalt dieses besonderen Lebensraums zu leisten und meine Zeit in den Dienst dieser Insel und ihrer tierischen Bewohner zu stellen \u2013 und nat\u00fcrlich darauf, wenn ihr mich in dieser spannenden Zeit \u00fcber den Trischen-Blog begleitet.<\/p>\n<p>Zur Insel Trischen: Die Insel gilt als \u201ePerle des Nationalparks\u201c und liegt etwa 10 km vom Dithmarscher Festland entfernt, mitten in der Nationalparkzone 1 des Schleswig-Holsteinischen Wattenmeers. Das Besondere an Trischen ist, dass sich die dort vorkommenden Organismen und ihr Lebensraum, ganz nach dem Nationalpark-Motto \u201eNatur Natur sein lassen\u201c, frei und ungest\u00f6rt entfalten k\u00f6nnen \u2013 ein Zustand der weltweiten Seltenheitswert erreicht hat. Um dies zu gew\u00e4hrleisten, bedarf es zum Betreten Trischens einer Ausnahmegenehmigung. Nur einem*einer Vogelwart*in ist es gestattet von Mitte M\u00e4rz bis Mitte Oktober auf dem kleinen sichelf\u00f6rmigen Eiland zu leben.<\/p>\n<p>Ich freue mich sehr \u00fcber euer Interesse an meiner Arbeit und diesem faszinierenden Ort. Falls euch bestimmte Themen rund um Trischen besonders interessieren oder ihr Fragen habt, schreibt sie mir gerne ins G\u00e4stebuch oder in die Kommentare der kommenden Beitr\u00e4ge \u2013 ich werde versuchen darauf einzugehen!<\/p>\n<!-- Begin Yuzo --><div class='yuzo_related_post style-1'  data-version='5.12.74'><!-- without result --><div class='yuzo_clearfixed yuzo__title yuzo__title'><h3>Related Post<\/h3><\/div>\n\t\t\t\t\t\t  <div class=\"relatedthumb \" style=\"width:145px;float:left;overflow:hidden;\">  \n\t\t\t\t\t\t\t  \n\t\t\t\t\t\t\t  <a  href=\"https:\/\/blogs.nabu.de\/trischen\/hochwasser-ueberflutet-einige-gelege\/\"  >\n\t\t\t\t\t\t\t\t\t  <div class=\"yuzo-img-wrap \" style=\"width: 145px;height:145px;\">\n\t\t\t\t\t\t\t\t\t\t\n\t\t\t\t\t\t\t\t\t\t<div class=\"yuzo-img\" style=\"background:url('https:\/\/blogs.nabu.de\/trischen\/wp-content\/uploads\/sites\/7\/2016\/05\/DSC07960-150x150.jpg') 50% 50% no-repeat;width: 145px;height:145px;margin-bottom: 5px;background-size: cover; \"><\/div>\n\t\t\t\t\t\t\t\t\t  <\/div>\n\t\t\t\t\t\t\t\t\t  \n\t\t\t\t\t\t\t\t   <span class=\"yuzo__text--title\" style=\"font-size:14px;\">Hochwasser \u00fcberflutet einige Gelege!<\/span>\n\t\t\t\t\t\t\t  \n\t\t\t\t\t\t\t  \n\t\t\t\t\t\t\t  <\/a>\n\n\t\t\t\t\t\t  <\/div>\n\t\t\t\t\t\t  <div class=\"relatedthumb \" style=\"width:145px;float:left;overflow:hidden;\">  \n\t\t\t\t\t\t\t  \n\t\t\t\t\t\t\t  <a  href=\"https:\/\/blogs.nabu.de\/trischen\/warten-auf-das-meer\/\"  >\n\t\t\t\t\t\t\t\t\t  <div class=\"yuzo-img-wrap \" style=\"width: 145px;height:145px;\">\n\t\t\t\t\t\t\t\t\t\t\n\t\t\t\t\t\t\t\t\t\t<div class=\"yuzo-img\" style=\"background:url('https:\/\/blogs.nabu.de\/trischen\/wp-content\/uploads\/sites\/7\/2019\/04\/IMG_1375-150x150.jpg') 50% 50% no-repeat;width: 145px;height:145px;margin-bottom: 5px;background-size: cover; \"><\/div>\n\t\t\t\t\t\t\t\t\t  <\/div>\n\t\t\t\t\t\t\t\t\t  \n\t\t\t\t\t\t\t\t   <span class=\"yuzo__text--title\" style=\"font-size:14px;\">Warten auf das Meer<\/span>\n\t\t\t\t\t\t\t  \n\t\t\t\t\t\t\t  \n\t\t\t\t\t\t\t  <\/a>\n\n\t\t\t\t\t\t  <\/div>\n\t\t\t\t\t\t  <div class=\"relatedthumb \" style=\"width:145px;float:left;overflow:hidden;\">  \n\t\t\t\t\t\t\t  \n\t\t\t\t\t\t\t  <a  href=\"https:\/\/blogs.nabu.de\/trischen\/luft-liebe-und-teure-geschenke-vogelbalz-auf-trischen-teil-3\/\"  >\n\t\t\t\t\t\t\t\t\t  <div class=\"yuzo-img-wrap \" style=\"width: 145px;height:145px;\">\n\t\t\t\t\t\t\t\t\t\t\n\t\t\t\t\t\t\t\t\t\t<div class=\"yuzo-img\" style=\"background:url('https:\/\/blogs.nabu.de\/trischen\/wp-content\/uploads\/sites\/7\/2018\/05\/IMG_2986-150x150.jpg') 50% 50% no-repeat;width: 145px;height:145px;margin-bottom: 5px;background-size: cover; \"><\/div>\n\t\t\t\t\t\t\t\t\t  <\/div>\n\t\t\t\t\t\t\t\t\t  \n\t\t\t\t\t\t\t\t   <span class=\"yuzo__text--title\" style=\"font-size:14px;\">Luft, Liebe und teure Geschenke \u2013 Vogelbalz ...<\/span>\n\t\t\t\t\t\t\t  \n\t\t\t\t\t\t\t  \n\t\t\t\t\t\t\t  <\/a>\n\n\t\t\t\t\t\t  <\/div>\n\t\t\t\t\t\t  <div class=\"relatedthumb \" style=\"width:145px;float:left;overflow:hidden;\">  \n\t\t\t\t\t\t\t  \n\t\t\t\t\t\t\t  <a  href=\"https:\/\/blogs.nabu.de\/trischen\/brutvogelkartierung-auf-trischen-geht-weiter\/\"  >\n\t\t\t\t\t\t\t\t\t  <div class=\"yuzo-img-wrap \" style=\"width: 145px;height:145px;\">\n\t\t\t\t\t\t\t\t\t\t\n\t\t\t\t\t\t\t\t\t\t<div class=\"yuzo-img\" style=\"background:url('https:\/\/blogs.nabu.de\/trischen\/wp-content\/uploads\/sites\/7\/2016\/05\/DSC07894-150x150.jpg') 50% 50% no-repeat;width: 145px;height:145px;margin-bottom: 5px;background-size: cover; \"><\/div>\n\t\t\t\t\t\t\t\t\t  <\/div>\n\t\t\t\t\t\t\t\t\t  \n\t\t\t\t\t\t\t\t   <span class=\"yuzo__text--title\" style=\"font-size:14px;\">Brutvogelkartierung auf Trischen geht weiter<\/span>\n\t\t\t\t\t\t\t  \n\t\t\t\t\t\t\t  \n\t\t\t\t\t\t\t  <\/a>\n\n\t\t\t\t\t\t  <\/div>\n<\/div> <style>\n\t\t\t\t\t\t\t\t.yuzo_related_post img{width:155px !important; height:145px !important;}\n\t\t\t\t\t\t\t\t.yuzo_related_post .relatedthumb{line-height:16px;background: !important;color:!important;}\n\t\t\t\t\t\t\t\t.yuzo_related_post .relatedthumb:hover{background:#fcfcf4 !important; -webkit-transition: background 0.2s linear; -moz-transition: background 0.2s linear; -o-transition: background 0.2s linear; transition: background 0.2s linear;;color:!important;}\n\t\t\t\t\t\t\t\t.yuzo_related_post .relatedthumb a{color:!important;}\n\t\t\t\t\t\t\t\t.yuzo_related_post .relatedthumb a:hover{ color:}!important;}\n\t\t\t\t\t\t\t\t.yuzo_related_post .relatedthumb:hover a{ color:!important;}\n\t\t\t\t\t\t\t\t.yuzo_related_post .yuzo_text {color:!important;}\n\t\t\t\t\t\t\t\t.yuzo_related_post .relatedthumb:hover .yuzo_text {color:!important;}\n\t\t\t\t\t\t\t\t.yuzo_related_post .relatedthumb{  margin: 0px  0px  0px  0px;   padding: 5px  5px  5px  5px;  }\n\t\t\t\t\t\t\t\t\n\t\t\t\t\t\t\t\t<\/style> <script>\n\t\t\t\t\t\t  jQuery(document).ready(function( $ ){\n\t\t\t\t\t\t\t\/\/jQuery('.yuzo_related_post').equalizer({ overflow : 'relatedthumb' });\n\t\t\t\t\t\t\tjQuery('.yuzo_related_post .yuzo_wraps').equalizer({ columns : '> div' });\n\t\t\t\t\t\t   })\n\t\t\t\t\t\t  <\/script> <!-- End Yuzo :) -->","protected":false},"excerpt":{"rendered":"<p>Moin! Mein Name ist David Grupp und ich habe das gro\u00dfe Gl\u00fcck, 2026 als Naturschutzwart auf der Insel Trischen arbeiten zu d\u00fcrfen. Die M\u00f6glichkeit, an diesem besonderen Ort [&hellip;]<\/p>\n","protected":false},"author":1,"featured_media":0,"parent":0,"menu_order":0,"comment_status":"closed","ping_status":"closed","template":"","meta":{"jetpack_post_was_ever_published":false},"jetpack_shortlink":"https:\/\/wp.me\/P7gGqE-1Yi","jetpack-related-posts":[{"id":8032,"url":"https:\/\/blogs.nabu.de\/trischen\/naturschutzwart-2026\/","url_meta":{"origin":7582,"position":0},"title":"Naturschutzwart 2026","date":"18. Juni 2025","format":false,"excerpt":"\u00a0 Moin! Mein Name ist David und ich habe das gro\u00dfe Gl\u00fcck, 2026 als Naturschutzwart auf der Insel Trischen arbeiten zu d\u00fcrfen. Die M\u00f6glichkeit, an diesem besonderen Ort zu leben und t\u00e4tig zu sein, bedeutet f\u00fcr mich eine gro\u00dfe pers\u00f6nliche, aber auch fachliche Bereicherung. Meine Faszination f\u00fcr das Wattenmeer und\u2026","rel":"","context":"\u00c4hnlicher Beitrag","img":{"alt_text":"","src":"https:\/\/i0.wp.com\/blogs.nabu.de\/trischen\/wp-content\/uploads\/sites\/7\/2026\/03\/1-e1774958864922-257x300.jpg?resize=350%2C200&ssl=1","width":350,"height":200},"classes":[]},{"id":1831,"url":"https:\/\/blogs.nabu.de\/trischen\/toremq\/","url_meta":{"origin":7582,"position":1},"title":"Tore Mayland-Quellhorst (2017)","date":"18. Februar 2017","format":false,"excerpt":"Moin, es freut mich, dass Sie den Weg auf dieses Blog gefunden haben. Mein Name ist Tore Mayland-Quellhorst und f\u00fcr dieses Jahr bin ich der \u201eVogelwart\u201c von Trischen. Genau genommen lebe ich von M\u00e4rz bis Oktober auf der Insel, da das Wetter und die See im Rest des Jahres zu\u2026","rel":"","context":"\u00c4hnlicher Beitrag","img":{"alt_text":"","src":"https:\/\/i0.wp.com\/blogs.nabu.de\/trischen\/wp-content\/uploads\/sites\/7\/2017\/03\/toremq2_web-300x200.jpg?resize=350%2C200","width":350,"height":200},"classes":[]},{"id":2898,"url":"https:\/\/blogs.nabu.de\/trischen\/jonaskotlarz\/","url_meta":{"origin":7582,"position":2},"title":"Jonas Kotlarz (2018)","date":"14. Februar 2018","format":false,"excerpt":"Moin, herzlich willkommen auf diesem Blog, ich freue mich \u00fcber Ihren Besuch. Mein Name ist Jonas Kotlarz und in diesem Jahr habe ich die gro\u00dfe Ehre, als NABU-Vogelwart die Saison von M\u00e4rz bis Oktober auf der Insel Trischen verbringen zu d\u00fcrfen. An dem Leben unter V\u00f6geln und im Rhythmus der\u2026","rel":"","context":"\u00c4hnlicher Beitrag","img":{"alt_text":"","src":"https:\/\/i0.wp.com\/blogs.nabu.de\/trischen\/wp-content\/uploads\/sites\/7\/2018\/02\/JonasKotlarz_Vogelwart2018-300x200.jpg?resize=350%2C200","width":350,"height":200},"classes":[]},{"id":5621,"url":"https:\/\/blogs.nabu.de\/trischen\/anne-de-walmont-2019\/","url_meta":{"origin":7582,"position":3},"title":"Die Vogelwartin 2019","date":"9. M\u00e4rz 2020","format":false,"excerpt":"Moin, (Foto: A. de Walmont) sch\u00f6n, dass Sie auf dem NABU-blog der Insel Trischen vorbeischauen! Mein Name ist Anne de Walmont und f\u00fcr die Saison 2019 bin ich\u00a0 die Vogelwartin auf Trischen. Auf dieser Internetseite werde ich \u00fcber aktuelle Geschehnisse und Beobachtungen auf der Insel berichten. Aufgewachsen an der nieders\u00e4chsischen\u2026","rel":"","context":"\u00c4hnlicher Beitrag","img":{"alt_text":"","src":"https:\/\/i0.wp.com\/blogs.nabu.de\/trischen\/wp-content\/uploads\/sites\/7\/2019\/04\/Anne-de-Walmont220.jpg?resize=350%2C200&ssl=1","width":350,"height":200},"classes":[]},{"id":138,"url":"https:\/\/blogs.nabu.de\/trischen\/marcovieregge\/","url_meta":{"origin":7582,"position":4},"title":"Marco Vieregge (2016)","date":"3. M\u00e4rz 2016","format":false,"excerpt":"Moin, Ich bin Marco Maier (weil ich geheiratet habe, hei\u00dfe ich seit Okt. 2016 Marco Vieregge) und betreue Trischen in der Saison 2016 als Vogelwart. Daf\u00fcr lebe ich von M\u00e4rz bis Oktober in einer kleinen H\u00fctte auf der Insel. Mit diesem Blog versuche ich, Sie durch Bilder und Beitr\u00e4ge auf\u2026","rel":"","context":"\u00c4hnlicher Beitrag","img":{"alt_text":"","src":"https:\/\/i0.wp.com\/blogs.nabu.de\/trischen\/wp-content\/uploads\/sites\/7\/2016\/03\/DSC08040-Kopie-225x300.jpg?resize=350%2C200","width":350,"height":200},"classes":[]},{"id":5631,"url":"https:\/\/blogs.nabu.de\/trischen\/vogelwartin-2021\/","url_meta":{"origin":7582,"position":5},"title":"Vogelwartin 2021","date":"12. M\u00e4rz 2020","format":false,"excerpt":"Moin, und herzlich Willkommen auf dem NABU-blog der Insel Trischen \u2013 sch\u00f6n, dass sie hier vorbeischauen! Mein Name ist Anne Evers und f\u00fcr die Saison 2021 bin ich Vogelwartin auf der Insel Trischen. Trischen liegt in der Schutzzone 1 des Nationalparks Schleswig-Holsteinisches Wattenmeer und darf somit nur von sehr wenigen\u2026","rel":"","context":"\u00c4hnlicher Beitrag","img":{"alt_text":"","src":"","width":0,"height":0},"classes":[]}],"jetpack_sharing_enabled":true,"_links":{"self":[{"href":"https:\/\/blogs.nabu.de\/trischen\/wp-json\/wp\/v2\/pages\/7582"}],"collection":[{"href":"https:\/\/blogs.nabu.de\/trischen\/wp-json\/wp\/v2\/pages"}],"about":[{"href":"https:\/\/blogs.nabu.de\/trischen\/wp-json\/wp\/v2\/types\/page"}],"author":[{"embeddable":true,"href":"https:\/\/blogs.nabu.de\/trischen\/wp-json\/wp\/v2\/users\/1"}],"replies":[{"embeddable":true,"href":"https:\/\/blogs.nabu.de\/trischen\/wp-json\/wp\/v2\/comments?post=7582"}],"version-history":[{"count":12,"href":"https:\/\/blogs.nabu.de\/trischen\/wp-json\/wp\/v2\/pages\/7582\/revisions"}],"predecessor-version":[{"id":8336,"href":"https:\/\/blogs.nabu.de\/trischen\/wp-json\/wp\/v2\/pages\/7582\/revisions\/8336"}],"wp:attachment":[{"href":"https:\/\/blogs.nabu.de\/trischen\/wp-json\/wp\/v2\/media?parent=7582"}],"curies":[{"name":"wp","href":"https:\/\/api.w.org\/{rel}","templated":true}]}}