{"id":7064,"date":"2023-02-24T16:41:19","date_gmt":"2023-02-24T15:41:19","guid":{"rendered":"http:\/\/blogs.nabu.de\/trischen\/?page_id=7064"},"modified":"2023-03-16T10:21:50","modified_gmt":"2023-03-16T09:21:50","slug":"vogelwartin-2023","status":"publish","type":"page","link":"https:\/\/blogs.nabu.de\/trischen\/vogelwartin-2023\/","title":{"rendered":"Vogelwartin 2023"},"content":{"rendered":"<p>Moin Moin <img data-attachment-id=\"7090\" data-permalink=\"https:\/\/blogs.nabu.de\/trischen\/vogelwartin-2023\/bild_melli2\/\" data-orig-file=\"https:\/\/blogs.nabu.de\/trischen\/wp-content\/uploads\/sites\/7\/2023\/03\/Bild_Melli2.jpg\" data-orig-size=\"600,800\" data-comments-opened=\"0\" data-image-meta=\"{&quot;aperture&quot;:&quot;0&quot;,&quot;credit&quot;:&quot;&quot;,&quot;camera&quot;:&quot;&quot;,&quot;caption&quot;:&quot;&quot;,&quot;created_timestamp&quot;:&quot;0&quot;,&quot;copyright&quot;:&quot;&quot;,&quot;focal_length&quot;:&quot;0&quot;,&quot;iso&quot;:&quot;0&quot;,&quot;shutter_speed&quot;:&quot;0&quot;,&quot;title&quot;:&quot;&quot;,&quot;orientation&quot;:&quot;0&quot;}\" data-image-title=\"Bild_Melli2\" data-image-description=\"\" data-image-caption=\"\" data-medium-file=\"https:\/\/blogs.nabu.de\/trischen\/wp-content\/uploads\/sites\/7\/2023\/03\/Bild_Melli2-225x300.jpg\" data-large-file=\"https:\/\/blogs.nabu.de\/trischen\/wp-content\/uploads\/sites\/7\/2023\/03\/Bild_Melli2.jpg\" decoding=\"async\" loading=\"lazy\" class=\"alignnone size-medium wp-image-7090 alignright\" src=\"https:\/\/blogs.nabu.de\/trischen\/wp-content\/uploads\/sites\/7\/2023\/03\/Bild_Melli2-225x300.jpg\" alt=\"\" width=\"225\" height=\"300\" \/><\/p>\n<p>und herzlich willkommen auf dem NABU Blog der Insel Trischen. Egal, ob sie zuf\u00e4llig hereingeschneit sind oder diesen Blog schon l\u00e4nger verfolgen, ich lade sie herzlich dazu ein, mich auf diesen Seiten in den kommenden Monaten bei meinen kleinen und gro\u00dfen Erlebnissen auf Trischen zu begleiten.<\/p>\n<p>F\u00fcr den Fall, dass sie Trischen noch nicht kennen: Die Insel gilt als \u201ePerle des Nationalparks\u201c und liegt etwa 10km vom Dithmarscher Festland entfernt, mitten in der Nationalparkzone 1 des Schleswig-Holsteinischen Wattenmeers. Das Besondere an Trischen ist, dass sich die dort vorkommenden Organismen und ihr Lebensraum, ganz nach dem Nationalpark-Motto \u201eNatur Natur sein lassen\u201c, frei und ungest\u00f6rt entfalten k\u00f6nnen &#8211; ein Zustand der weltweiten Seltenheitswert erreicht hat. Um dies zu gew\u00e4hrleisten, bedarf es zum Betreten Trischens einer Ausnahmegenehmigung. Nur einem*einer Vogelwart*in ist es gestattet von Mitte M\u00e4rz bis Mitte Oktober auf dem kleinen sichelf\u00f6rmigen Eiland zu leben.<\/p>\n<p>Und wie sie es sich vermutlich schon denken k\u00f6nnen, habe ich das unglaubliche Privileg dieses Jahr in die Rolle der Vogelwartin auf Trischen zu schl\u00fcpfen! Meine Aufgaben sind vielf\u00e4ltig, einen Gro\u00dfteil meiner Zeit werde ich jedoch damit verbringen, die Prozesse und Organismen vor Ort zu beobachten und zu dokumentieren. So stehe ich beispielsweise stundenlang an dem erh\u00f6hten Standpunkt meiner H\u00fctte, z\u00e4hle die gefiederten Inselbewohner und -g\u00e4ste oder zeichne Brutreviere in einer Karte ein. Denn auch f\u00fcr mich gilt es, St\u00f6rungen m\u00f6glichst zu vermeiden.<\/p>\n<p>Damit sie auch wissen mit wem sie es hier zu tun haben: Mein Name ist Melanie Theel, und auch wenn ich kein geb\u00fcrtiges Nordlicht bin, hat sich mein Herz schon lange der norddeutschen K\u00fcste verschrieben. Direkt nach dem Abitur zog es mich in den Norden und seitdem lebe ich fast ununterbrochen an der Nord- und Ostseek\u00fcste. Dort nahm ich an verschiedenen Freiwilligenprojekten in B\u00fcsum, sowie auf Mellum und Fehmarn teil, absolvierte mein Naturschutzstudium in Greifswald und entdeckte meine neue Leidenschaft: Die Ornithologie. Nach meinem Studium verschlug es mich zun\u00e4chst in ein Planungsb\u00fcro nach Sachsen-Anhalt, um dort als Ornithologin zu arbeiten. Doch schnell war klar, dass mich mein Weg wieder zur\u00fcckf\u00fchren wird. Dass er mich ausgerechnet nach Trischen f\u00fchrt, hatte ich nie zu tr\u00e4umen gewagt.<\/p>\n<p>Und auch wenn ich sie nicht in persona mit auf die Insel nehmen kann, so kann ich sie in diesem Blog an meinem Leben auf Trischen teilhaben lassen, das von den Gesetzen der Natur gepr\u00e4gt ist und mir erm\u00f6glicht, die t\u00e4glichen Ver\u00e4nderungen in einem dynamischen System hautnah mitverfolgen zu k\u00f6nnen. Hier werde ich ihnen meine Aufgaben, Beobachtungen und Erlebnisse schildern und die besonderen Eindr\u00fccke bildlich f\u00fcr sie festhalten. Ich hoffe viele unvergessliche Momente auf Trischen mit ihnen zu erleben und sie f\u00fcr die Vielfalt und Unber\u00fchrtheit dieses besonderen \u00d6kosystems zu begeistern.<\/p>\n<p>Vielleicht schon bis bald im Trischen-Blog!<\/p>\n<p>&nbsp;<\/p>\n<p>Melanie Theel<\/p>\n<!-- Begin Yuzo --><div class='yuzo_related_post style-1'  data-version='5.12.74'><!-- without result --><div class='yuzo_clearfixed yuzo__title yuzo__title'><h3>Related Post<\/h3><\/div>\n\t\t\t\t\t\t  <div class=\"relatedthumb \" style=\"width:145px;float:left;overflow:hidden;\">  \n\t\t\t\t\t\t\t  \n\t\t\t\t\t\t\t  <a  href=\"https:\/\/blogs.nabu.de\/trischen\/7070-2\/\"  >\n\t\t\t\t\t\t\t\t\t  <div class=\"yuzo-img-wrap \" style=\"width: 145px;height:145px;\">\n\t\t\t\t\t\t\t\t\t\t\n\t\t\t\t\t\t\t\t\t\t<div class=\"yuzo-img\" style=\"background:url('https:\/\/blogs.nabu.de\/trischen\/wp-content\/uploads\/sites\/7\/2023\/03\/IMG-20221001-WA0022-150x150.jpg') 50% 50% no-repeat;width: 145px;height:145px;margin-bottom: 5px;background-size: cover; \"><\/div>\n\t\t\t\t\t\t\t\t\t  <\/div>\n\t\t\t\t\t\t\t\t\t  \n\t\t\t\t\t\t\t\t   <span class=\"yuzo__text--title\" style=\"font-size:14px;\">Auf Wiederlesen!<\/span>\n\t\t\t\t\t\t\t  \n\t\t\t\t\t\t\t  \n\t\t\t\t\t\t\t  <\/a>\n\n\t\t\t\t\t\t  <\/div>\n\t\t\t\t\t\t  <div class=\"relatedthumb \" style=\"width:145px;float:left;overflow:hidden;\">  \n\t\t\t\t\t\t\t  \n\t\t\t\t\t\t\t  <a  href=\"https:\/\/blogs.nabu.de\/trischen\/loefflerberingung\/\"  >\n\t\t\t\t\t\t\t\t\t  <div class=\"yuzo-img-wrap \" style=\"width: 145px;height:145px;\">\n\t\t\t\t\t\t\t\t\t\t\n\t\t\t\t\t\t\t\t\t\t<div class=\"yuzo-img\" style=\"background:url('https:\/\/blogs.nabu.de\/trischen\/wp-content\/uploads\/sites\/7\/2016\/05\/L\u00f6fflerberingung-I-150x150.jpg') 50% 50% no-repeat;width: 145px;height:145px;margin-bottom: 5px;background-size: cover; \"><\/div>\n\t\t\t\t\t\t\t\t\t  <\/div>\n\t\t\t\t\t\t\t\t\t  \n\t\t\t\t\t\t\t\t   <span class=\"yuzo__text--title\" style=\"font-size:14px;\">L\u00f6fflerberingung verlief erfolgreich!<\/span>\n\t\t\t\t\t\t\t  \n\t\t\t\t\t\t\t  \n\t\t\t\t\t\t\t  <\/a>\n\n\t\t\t\t\t\t  <\/div>\n\t\t\t\t\t\t  <div class=\"relatedthumb \" style=\"width:145px;float:left;overflow:hidden;\">  \n\t\t\t\t\t\t\t  \n\t\t\t\t\t\t\t  <a  href=\"https:\/\/blogs.nabu.de\/trischen\/neustes-von-den-meeresfruechten\/\"  >\n\t\t\t\t\t\t\t\t\t  <div class=\"yuzo-img-wrap \" style=\"width: 145px;height:145px;\">\n\t\t\t\t\t\t\t\t\t\t\n\t\t\t\t\t\t\t\t\t\t<div class=\"yuzo-img\" style=\"background:url('https:\/\/blogs.nabu.de\/trischen\/wp-content\/uploads\/sites\/7\/2017\/05\/mandarine_web-150x150.jpg') 50% 50% no-repeat;width: 145px;height:145px;margin-bottom: 5px;background-size: cover; \"><\/div>\n\t\t\t\t\t\t\t\t\t  <\/div>\n\t\t\t\t\t\t\t\t\t  \n\t\t\t\t\t\t\t\t   <span class=\"yuzo__text--title\" style=\"font-size:14px;\">Neustes von den Meeresfr\u00fcchten \u2026<\/span>\n\t\t\t\t\t\t\t  \n\t\t\t\t\t\t\t  \n\t\t\t\t\t\t\t  <\/a>\n\n\t\t\t\t\t\t  <\/div>\n\t\t\t\t\t\t  <div class=\"relatedthumb \" style=\"width:145px;float:left;overflow:hidden;\">  \n\t\t\t\t\t\t\t  \n\t\t\t\t\t\t\t  <a  href=\"https:\/\/blogs.nabu.de\/trischen\/hochwasser-setzt-brutvoegeln-zu\/\"  >\n\t\t\t\t\t\t\t\t\t  <div class=\"yuzo-img-wrap \" style=\"width: 145px;height:145px;\">\n\t\t\t\t\t\t\t\t\t\t\n\t\t\t\t\t\t\t\t\t\t<div class=\"yuzo-img\" style=\"background:url('https:\/\/blogs.nabu.de\/trischen\/wp-content\/uploads\/sites\/7\/2019\/06\/Blick-Richtung-S\u00fcden-150x150.jpg') 50% 50% no-repeat;width: 145px;height:145px;margin-bottom: 5px;background-size: cover; \"><\/div>\n\t\t\t\t\t\t\t\t\t  <\/div>\n\t\t\t\t\t\t\t\t\t  \n\t\t\t\t\t\t\t\t   <span class=\"yuzo__text--title\" style=\"font-size:14px;\">Hochwasser setzt Brutv\u00f6geln zu<\/span>\n\t\t\t\t\t\t\t  \n\t\t\t\t\t\t\t  \n\t\t\t\t\t\t\t  <\/a>\n\n\t\t\t\t\t\t  <\/div>\n<\/div> <style>\n\t\t\t\t\t\t\t\t.yuzo_related_post img{width:155px !important; height:145px !important;}\n\t\t\t\t\t\t\t\t.yuzo_related_post .relatedthumb{line-height:16px;background: !important;color:!important;}\n\t\t\t\t\t\t\t\t.yuzo_related_post .relatedthumb:hover{background:#fcfcf4 !important; -webkit-transition: background 0.2s linear; -moz-transition: background 0.2s linear; -o-transition: background 0.2s linear; transition: background 0.2s linear;;color:!important;}\n\t\t\t\t\t\t\t\t.yuzo_related_post .relatedthumb a{color:!important;}\n\t\t\t\t\t\t\t\t.yuzo_related_post .relatedthumb a:hover{ color:}!important;}\n\t\t\t\t\t\t\t\t.yuzo_related_post .relatedthumb:hover a{ color:!important;}\n\t\t\t\t\t\t\t\t.yuzo_related_post .yuzo_text {color:!important;}\n\t\t\t\t\t\t\t\t.yuzo_related_post .relatedthumb:hover .yuzo_text {color:!important;}\n\t\t\t\t\t\t\t\t.yuzo_related_post .relatedthumb{  margin: 0px  0px  0px  0px;   padding: 5px  5px  5px  5px;  }\n\t\t\t\t\t\t\t\t\n\t\t\t\t\t\t\t\t<\/style> <script>\n\t\t\t\t\t\t  jQuery(document).ready(function( $ ){\n\t\t\t\t\t\t\t\/\/jQuery('.yuzo_related_post').equalizer({ overflow : 'relatedthumb' });\n\t\t\t\t\t\t\tjQuery('.yuzo_related_post .yuzo_wraps').equalizer({ columns : '> div' });\n\t\t\t\t\t\t   })\n\t\t\t\t\t\t  <\/script> <!-- End Yuzo :) -->","protected":false},"excerpt":{"rendered":"<p>Moin Moin und herzlich willkommen auf dem NABU Blog der Insel Trischen. Egal, ob sie zuf\u00e4llig hereingeschneit sind oder diesen Blog schon l\u00e4nger verfolgen, ich lade sie herzlich [&hellip;]<\/p>\n","protected":false},"author":143,"featured_media":0,"parent":0,"menu_order":0,"comment_status":"closed","ping_status":"closed","template":"","meta":{"jetpack_post_was_ever_published":false},"jetpack_shortlink":"https:\/\/wp.me\/P7gGqE-1PW","jetpack-related-posts":[{"id":5631,"url":"https:\/\/blogs.nabu.de\/trischen\/vogelwartin-2021\/","url_meta":{"origin":7064,"position":0},"title":"Vogelwartin 2021","date":"12. M\u00e4rz 2020","format":false,"excerpt":"Moin, und herzlich Willkommen auf dem NABU-blog der Insel Trischen \u2013 sch\u00f6n, dass sie hier vorbeischauen! Mein Name ist Anne Evers und f\u00fcr die Saison 2021 bin ich Vogelwartin auf der Insel Trischen. Trischen liegt in der Schutzzone 1 des Nationalparks Schleswig-Holsteinisches Wattenmeer und darf somit nur von sehr wenigen\u2026","rel":"","context":"\u00c4hnlicher Beitrag","img":{"alt_text":"","src":"","width":0,"height":0},"classes":[]},{"id":8032,"url":"https:\/\/blogs.nabu.de\/trischen\/naturschutzwart-2026\/","url_meta":{"origin":7064,"position":1},"title":"Naturschutzwart 2026","date":"18. Juni 2025","format":false,"excerpt":"\u00a0 Moin! Mein Name ist David und ich habe das gro\u00dfe Gl\u00fcck, 2026 als Naturschutzwart auf der Insel Trischen arbeiten zu d\u00fcrfen. Die M\u00f6glichkeit, an diesem besonderen Ort zu leben und t\u00e4tig zu sein, bedeutet f\u00fcr mich eine gro\u00dfe pers\u00f6nliche, aber auch fachliche Bereicherung. Meine Faszination f\u00fcr das Wattenmeer und\u2026","rel":"","context":"\u00c4hnlicher Beitrag","img":{"alt_text":"","src":"https:\/\/i0.wp.com\/blogs.nabu.de\/trischen\/wp-content\/uploads\/sites\/7\/2026\/03\/1-e1774958864922-257x300.jpg?resize=350%2C200&ssl=1","width":350,"height":200},"classes":[]},{"id":2898,"url":"https:\/\/blogs.nabu.de\/trischen\/jonaskotlarz\/","url_meta":{"origin":7064,"position":2},"title":"Jonas Kotlarz (2018)","date":"14. Februar 2018","format":false,"excerpt":"Moin, herzlich willkommen auf diesem Blog, ich freue mich \u00fcber Ihren Besuch. Mein Name ist Jonas Kotlarz und in diesem Jahr habe ich die gro\u00dfe Ehre, als NABU-Vogelwart die Saison von M\u00e4rz bis Oktober auf der Insel Trischen verbringen zu d\u00fcrfen. An dem Leben unter V\u00f6geln und im Rhythmus der\u2026","rel":"","context":"\u00c4hnlicher Beitrag","img":{"alt_text":"","src":"https:\/\/i0.wp.com\/blogs.nabu.de\/trischen\/wp-content\/uploads\/sites\/7\/2018\/02\/JonasKotlarz_Vogelwart2018-300x200.jpg?resize=350%2C200","width":350,"height":200},"classes":[]},{"id":1831,"url":"https:\/\/blogs.nabu.de\/trischen\/toremq\/","url_meta":{"origin":7064,"position":3},"title":"Tore Mayland-Quellhorst (2017)","date":"18. Februar 2017","format":false,"excerpt":"Moin, es freut mich, dass Sie den Weg auf dieses Blog gefunden haben. Mein Name ist Tore Mayland-Quellhorst und f\u00fcr dieses Jahr bin ich der \u201eVogelwart\u201c von Trischen. Genau genommen lebe ich von M\u00e4rz bis Oktober auf der Insel, da das Wetter und die See im Rest des Jahres zu\u2026","rel":"","context":"\u00c4hnlicher Beitrag","img":{"alt_text":"","src":"https:\/\/i0.wp.com\/blogs.nabu.de\/trischen\/wp-content\/uploads\/sites\/7\/2017\/03\/toremq2_web-300x200.jpg?resize=350%2C200","width":350,"height":200},"classes":[]},{"id":7582,"url":"https:\/\/blogs.nabu.de\/trischen\/vogelwart-2026\/","url_meta":{"origin":7064,"position":4},"title":"Naturschutzwart 2026","date":"4. M\u00e4rz 2024","format":false,"excerpt":"Moin! Mein Name ist David Grupp und ich habe das gro\u00dfe Gl\u00fcck, 2026 als Naturschutzwart auf der Insel Trischen arbeiten zu d\u00fcrfen. Die M\u00f6glichkeit, an diesem besonderen Ort zu leben und t\u00e4tig zu sein, bedeutet f\u00fcr mich eine gro\u00dfe pers\u00f6nliche, aber auch fachliche Bereicherung. Meine Faszination f\u00fcr das Wattenmeer und\u2026","rel":"","context":"\u00c4hnlicher Beitrag","img":{"alt_text":"","src":"https:\/\/i0.wp.com\/blogs.nabu.de\/trischen\/wp-content\/uploads\/sites\/7\/2026\/03\/1-e1774958864922-257x300.jpg?resize=350%2C200&ssl=1","width":350,"height":200},"classes":[]},{"id":300,"url":"https:\/\/blogs.nabu.de\/trischen\/mehr-zu-trischen\/","url_meta":{"origin":7064,"position":5},"title":"Mehr zu Trischen","date":"31. M\u00e4rz 2016","format":false,"excerpt":"Trischen \u2013 Perle im Nationalpark \u00a0 Trischen ist etwas ganz Besonderes und das aus vielen Gr\u00fcnden. Schon lange vor Nationalpark und Weltnaturerbe haben Menschen den Wert f\u00fcr die Natur erkannt und so geh\u00f6rt Trischen seit 1909 zu den gesch\u00fctzten Seevogelfreist\u00e4tten. Schon seit \u00fcber einhundert Jahren gibt es Vogelschutz auf der\u2026","rel":"","context":"\u00c4hnlicher Beitrag","img":{"alt_text":"","src":"https:\/\/i0.wp.com\/blogs.nabu.de\/trischen\/wp-content\/uploads\/sites\/7\/2016\/03\/Trischen-von-oben.jpeg?resize=350%2C200","width":350,"height":200},"classes":[]}],"jetpack_sharing_enabled":true,"_links":{"self":[{"href":"https:\/\/blogs.nabu.de\/trischen\/wp-json\/wp\/v2\/pages\/7064"}],"collection":[{"href":"https:\/\/blogs.nabu.de\/trischen\/wp-json\/wp\/v2\/pages"}],"about":[{"href":"https:\/\/blogs.nabu.de\/trischen\/wp-json\/wp\/v2\/types\/page"}],"author":[{"embeddable":true,"href":"https:\/\/blogs.nabu.de\/trischen\/wp-json\/wp\/v2\/users\/143"}],"replies":[{"embeddable":true,"href":"https:\/\/blogs.nabu.de\/trischen\/wp-json\/wp\/v2\/comments?post=7064"}],"version-history":[{"count":3,"href":"https:\/\/blogs.nabu.de\/trischen\/wp-json\/wp\/v2\/pages\/7064\/revisions"}],"predecessor-version":[{"id":7091,"href":"https:\/\/blogs.nabu.de\/trischen\/wp-json\/wp\/v2\/pages\/7064\/revisions\/7091"}],"wp:attachment":[{"href":"https:\/\/blogs.nabu.de\/trischen\/wp-json\/wp\/v2\/media?parent=7064"}],"curies":[{"name":"wp","href":"https:\/\/api.w.org\/{rel}","templated":true}]}}