{"id":6422,"date":"2022-03-01T12:38:08","date_gmt":"2022-03-01T11:38:08","guid":{"rendered":"http:\/\/blogs.nabu.de\/trischen\/?page_id=6422"},"modified":"2022-03-02T15:31:42","modified_gmt":"2022-03-02T14:31:42","slug":"vogelwart-2022-2","status":"publish","type":"page","link":"https:\/\/blogs.nabu.de\/trischen\/vogelwart-2022-2\/","title":{"rendered":"Vogelwart 2022"},"content":{"rendered":"<p>Moin, liebe Leserin und lieber Leser! <img data-attachment-id=\"6417\" data-permalink=\"https:\/\/blogs.nabu.de\/trischen\/?attachment_id=6417\" data-orig-file=\"https:\/\/blogs.nabu.de\/trischen\/wp-content\/uploads\/sites\/7\/2022\/02\/till-holsten-vogelwart2022.jpg\" data-orig-size=\"800,534\" data-comments-opened=\"0\" data-image-meta=\"{&quot;aperture&quot;:&quot;0&quot;,&quot;credit&quot;:&quot;&quot;,&quot;camera&quot;:&quot;&quot;,&quot;caption&quot;:&quot;&quot;,&quot;created_timestamp&quot;:&quot;0&quot;,&quot;copyright&quot;:&quot;&quot;,&quot;focal_length&quot;:&quot;0&quot;,&quot;iso&quot;:&quot;0&quot;,&quot;shutter_speed&quot;:&quot;0&quot;,&quot;title&quot;:&quot;&quot;,&quot;orientation&quot;:&quot;0&quot;}\" data-image-title=\"Vogelwart 2022\" data-image-description=\"\" data-image-caption=\"\" data-medium-file=\"https:\/\/blogs.nabu.de\/trischen\/wp-content\/uploads\/sites\/7\/2022\/02\/till-holsten-vogelwart2022-300x200.jpg\" data-large-file=\"https:\/\/blogs.nabu.de\/trischen\/wp-content\/uploads\/sites\/7\/2022\/02\/till-holsten-vogelwart2022.jpg\" decoding=\"async\" loading=\"lazy\" class=\"alignnone size-medium wp-image-6417 alignright\" src=\"https:\/\/blogs.nabu.de\/trischen\/wp-content\/uploads\/sites\/7\/2022\/02\/till-holsten-vogelwart2022-300x200.jpg\" alt=\"\" width=\"300\" height=\"200\" \/><\/p>\n<p>Haben Sie schon einmal beobachtet, wie ein emsiges Vogelpaar seine Jungen aufzieht? Haben Sie schon einmal die Nase so tief im Sturm gehabt, dass es Ihnen fast den Atem verschlug? Haben Sie sich, die F\u00fc\u00dfe im warmen Sand, schon einmal gefragt, welche Muschel das wohl sein mag \u2013 und haben Sie schon einmal das Knistern im Watt belauscht?<\/p>\n<p>Ganz gleich, wie Ihre Antwort ausf\u00e4llt: Ich m\u00f6chte Sie einladen, das zu Alles zu erleben \u2013 und Antworten auf diese und noch viel mehr Fragen zu finden.<\/p>\n<p>Ich \u2013 das ist Till Holsten, der Vogelwart auf Trischen im Jahr 2022. Nach f\u00fcnf Jahren, die ich in Hamburg als Kinderarzt gearbeitet habe, lege ich nun mein Stethoskop zur Seite und nehme das Fernglas in die Hand. Dabei schwingt f\u00fcr mich sogar ein bisschen das Gef\u00fchl von Heimkehr mit, da ich bereits vor vielen Jahren meinen Zivildienst im NABU-Naturzentrum Katinger Watt absolviert habe. Direkt nach dem Studium hatte ich mich dann gleich noch einmal der Ornithologie verschrieben und mich mit dem Brutverhalten von Seeschwalben und Seeregenpfeifern besch\u00e4ftigt, bevor meine Arbeit in der Klinik begann.<\/p>\n<p>F\u00fcr die Dauer eines Sommers darf ich nun in einem Pfahlbau auf der der wohl wildesten Insel der Nordsee, nur begleitet vom Rufen der Seev\u00f6gel und mit den Gezeiten als Taktgeber meiner Tage, leben und arbeiten: Trischen. Das ist ein kleines, halbmondf\u00f6rmiges St\u00fcck Land im Nationalpark Schleswig-Holsteinisches Wattenmeer, gerade eben noch im Einzugsgebiet der Elbm\u00fcndung. Es setzt sich aus einigen kleinen D\u00fcnen, etwas Salzwiese auf der einen und einem breiten Strand auf der anderen Seite zusammen. Das Besondere: Menschen haben keinen Zutritt. Die Natur darf sich frei entwickeln. Und so ist Trischen einer der wichtigsten R\u00fcckzugsorte f\u00fcr Brutgesch\u00e4ft und Mauser etlicher Vogelarten. Ein genauer Blick offenbart aber noch viel mehr Natursch\u00e4tze. Meine Daseinsberechtigung an diesem sensiblen Ort besteht darin, die Entwicklung der Best\u00e4nde von Tieren und Pflanzen, aber auch der Inselgeologie, zu beobachten und zu dokumentieren. Ich m\u00f6chte Ihnen mit dem Tagebuch dieser Website, in dem Sie regelm\u00e4\u00dfig meine Eintr\u00e4ge lesen k\u00f6nnen, gerne ein Fenster in diese spannende Welt bieten. Sehen Sie durch meine Augen, h\u00f6ren Sie mit meinen Ohren \u2013 und wenn Sie den Computer abschalten, vergessen Sie nicht, auch im eigenen Garten oder im Park der Natur ein bisschen Aufmerksamkeit und Raum in Ihrem Leben zu schenken.<\/p>\n<p>Ich freue mich sehr dar\u00fcber, wenn Sie mich im kommenden Jahr begleiten!<\/p>\n<p>Ihr<\/p>\n<p>Till Holsten<\/p>\n<!-- Begin Yuzo --><div class='yuzo_related_post style-1'  data-version='5.12.74'><!-- without result --><div class='yuzo_clearfixed yuzo__title yuzo__title'><h3>Related Post<\/h3><\/div>\n\t\t\t\t\t\t  <div class=\"relatedthumb \" style=\"width:145px;float:left;overflow:hidden;\">  \n\t\t\t\t\t\t\t  \n\t\t\t\t\t\t\t  <a  href=\"https:\/\/blogs.nabu.de\/trischen\/vogelzug-extrem\/\"  >\n\t\t\t\t\t\t\t\t\t  <div class=\"yuzo-img-wrap \" style=\"width: 145px;height:145px;\">\n\t\t\t\t\t\t\t\t\t\t\n\t\t\t\t\t\t\t\t\t\t<div class=\"yuzo-img\" style=\"background:url('https:\/\/blogs.nabu.de\/trischen\/wp-content\/uploads\/sites\/7\/2021\/05\/IMG_6213-150x150.jpg') 50% 50% no-repeat;width: 145px;height:145px;margin-bottom: 5px;background-size: cover; \"><\/div>\n\t\t\t\t\t\t\t\t\t  <\/div>\n\t\t\t\t\t\t\t\t\t  \n\t\t\t\t\t\t\t\t   <span class=\"yuzo__text--title\" style=\"font-size:14px;\">Vogelzug extrem<\/span>\n\t\t\t\t\t\t\t  \n\t\t\t\t\t\t\t  \n\t\t\t\t\t\t\t  <\/a>\n\n\t\t\t\t\t\t  <\/div>\n\t\t\t\t\t\t  <div class=\"relatedthumb \" style=\"width:145px;float:left;overflow:hidden;\">  \n\t\t\t\t\t\t\t  \n\t\t\t\t\t\t\t  <a  href=\"https:\/\/blogs.nabu.de\/trischen\/ueber-einmaligkeit\/\"  >\n\t\t\t\t\t\t\t\t\t  <div class=\"yuzo-img-wrap \" style=\"width: 145px;height:145px;\">\n\t\t\t\t\t\t\t\t\t\t\n\t\t\t\t\t\t\t\t\t\t<div class=\"yuzo-img\" style=\"background:url('https:\/\/blogs.nabu.de\/trischen\/wp-content\/plugins\/yuzo-related-post\/assets\/images\/default.png') 50% 50% no-repeat;width: 145px;height:145px;margin-bottom: 5px;background-size: cover; \"><\/div>\n\t\t\t\t\t\t\t\t\t  <\/div>\n\t\t\t\t\t\t\t\t\t  \n\t\t\t\t\t\t\t\t   <span class=\"yuzo__text--title\" style=\"font-size:14px;\">\u00dcber Einmaligkeit<\/span>\n\t\t\t\t\t\t\t  \n\t\t\t\t\t\t\t  \n\t\t\t\t\t\t\t  <\/a>\n\n\t\t\t\t\t\t  <\/div>\n\t\t\t\t\t\t  <div class=\"relatedthumb \" style=\"width:145px;float:left;overflow:hidden;\">  \n\t\t\t\t\t\t\t  \n\t\t\t\t\t\t\t  <a  href=\"https:\/\/blogs.nabu.de\/trischen\/sommerstuerme\/\"  >\n\t\t\t\t\t\t\t\t\t  <div class=\"yuzo-img-wrap \" style=\"width: 145px;height:145px;\">\n\t\t\t\t\t\t\t\t\t\t\n\t\t\t\t\t\t\t\t\t\t<div class=\"yuzo-img\" style=\"background:url('https:\/\/blogs.nabu.de\/trischen\/wp-content\/uploads\/sites\/7\/2023\/08\/Dreizehenmoewe-150x150.jpg') 50% 50% no-repeat;width: 145px;height:145px;margin-bottom: 5px;background-size: cover; \"><\/div>\n\t\t\t\t\t\t\t\t\t  <\/div>\n\t\t\t\t\t\t\t\t\t  \n\t\t\t\t\t\t\t\t   <span class=\"yuzo__text--title\" style=\"font-size:14px;\">Sommerst\u00fcrme<\/span>\n\t\t\t\t\t\t\t  \n\t\t\t\t\t\t\t  \n\t\t\t\t\t\t\t  <\/a>\n\n\t\t\t\t\t\t  <\/div>\n\t\t\t\t\t\t  <div class=\"relatedthumb \" style=\"width:145px;float:left;overflow:hidden;\">  \n\t\t\t\t\t\t\t  \n\t\t\t\t\t\t\t  <a  href=\"https:\/\/blogs.nabu.de\/trischen\/ein-einsamer-kranich\/\"  >\n\t\t\t\t\t\t\t\t\t  <div class=\"yuzo-img-wrap \" style=\"width: 145px;height:145px;\">\n\t\t\t\t\t\t\t\t\t\t\n\t\t\t\t\t\t\t\t\t\t<div class=\"yuzo-img\" style=\"background:url('https:\/\/blogs.nabu.de\/trischen\/wp-content\/uploads\/sites\/7\/2019\/05\/Kranich-1-e1559323793591-150x150.jpg') 50% 50% no-repeat;width: 145px;height:145px;margin-bottom: 5px;background-size: cover; \"><\/div>\n\t\t\t\t\t\t\t\t\t  <\/div>\n\t\t\t\t\t\t\t\t\t  \n\t\t\t\t\t\t\t\t   <span class=\"yuzo__text--title\" style=\"font-size:14px;\">Ein einsamer Kranich<\/span>\n\t\t\t\t\t\t\t  \n\t\t\t\t\t\t\t  \n\t\t\t\t\t\t\t  <\/a>\n\n\t\t\t\t\t\t  <\/div>\n<\/div> <style>\n\t\t\t\t\t\t\t\t.yuzo_related_post img{width:155px !important; height:145px !important;}\n\t\t\t\t\t\t\t\t.yuzo_related_post .relatedthumb{line-height:16px;background: !important;color:!important;}\n\t\t\t\t\t\t\t\t.yuzo_related_post .relatedthumb:hover{background:#fcfcf4 !important; -webkit-transition: background 0.2s linear; -moz-transition: background 0.2s linear; -o-transition: background 0.2s linear; transition: background 0.2s linear;;color:!important;}\n\t\t\t\t\t\t\t\t.yuzo_related_post .relatedthumb a{color:!important;}\n\t\t\t\t\t\t\t\t.yuzo_related_post .relatedthumb a:hover{ color:}!important;}\n\t\t\t\t\t\t\t\t.yuzo_related_post .relatedthumb:hover a{ color:!important;}\n\t\t\t\t\t\t\t\t.yuzo_related_post .yuzo_text {color:!important;}\n\t\t\t\t\t\t\t\t.yuzo_related_post .relatedthumb:hover .yuzo_text {color:!important;}\n\t\t\t\t\t\t\t\t.yuzo_related_post .relatedthumb{  margin: 0px  0px  0px  0px;   padding: 5px  5px  5px  5px;  }\n\t\t\t\t\t\t\t\t\n\t\t\t\t\t\t\t\t<\/style> <script>\n\t\t\t\t\t\t  jQuery(document).ready(function( $ ){\n\t\t\t\t\t\t\t\/\/jQuery('.yuzo_related_post').equalizer({ overflow : 'relatedthumb' });\n\t\t\t\t\t\t\tjQuery('.yuzo_related_post .yuzo_wraps').equalizer({ columns : '> div' });\n\t\t\t\t\t\t   })\n\t\t\t\t\t\t  <\/script> <!-- End Yuzo :) -->","protected":false},"excerpt":{"rendered":"<p>Moin, liebe Leserin und lieber Leser! Haben Sie schon einmal beobachtet, wie ein emsiges Vogelpaar seine Jungen aufzieht? Haben Sie schon einmal die Nase so tief im Sturm [&hellip;]<\/p>\n","protected":false},"author":1,"featured_media":0,"parent":0,"menu_order":0,"comment_status":"closed","ping_status":"closed","template":"","meta":{"jetpack_post_was_ever_published":false},"jetpack_shortlink":"https:\/\/wp.me\/P7gGqE-1FA","jetpack-related-posts":[{"id":300,"url":"https:\/\/blogs.nabu.de\/trischen\/mehr-zu-trischen\/","url_meta":{"origin":6422,"position":0},"title":"Mehr zu Trischen","date":"31. M\u00e4rz 2016","format":false,"excerpt":"Trischen \u2013 Perle im Nationalpark \u00a0 Trischen ist etwas ganz Besonderes und das aus vielen Gr\u00fcnden. Schon lange vor Nationalpark und Weltnaturerbe haben Menschen den Wert f\u00fcr die Natur erkannt und so geh\u00f6rt Trischen seit 1909 zu den gesch\u00fctzten Seevogelfreist\u00e4tten. Schon seit \u00fcber einhundert Jahren gibt es Vogelschutz auf der\u2026","rel":"","context":"\u00c4hnlicher Beitrag","img":{"alt_text":"","src":"https:\/\/i0.wp.com\/blogs.nabu.de\/trischen\/wp-content\/uploads\/sites\/7\/2016\/03\/Trischen-von-oben.jpeg?resize=350%2C200","width":350,"height":200},"classes":[]},{"id":138,"url":"https:\/\/blogs.nabu.de\/trischen\/marcovieregge\/","url_meta":{"origin":6422,"position":1},"title":"Marco Vieregge (2016)","date":"3. M\u00e4rz 2016","format":false,"excerpt":"Moin, Ich bin Marco Maier (weil ich geheiratet habe, hei\u00dfe ich seit Okt. 2016 Marco Vieregge) und betreue Trischen in der Saison 2016 als Vogelwart. Daf\u00fcr lebe ich von M\u00e4rz bis Oktober in einer kleinen H\u00fctte auf der Insel. Mit diesem Blog versuche ich, Sie durch Bilder und Beitr\u00e4ge auf\u2026","rel":"","context":"\u00c4hnlicher Beitrag","img":{"alt_text":"","src":"https:\/\/i0.wp.com\/blogs.nabu.de\/trischen\/wp-content\/uploads\/sites\/7\/2016\/03\/DSC08040-Kopie-225x300.jpg?resize=350%2C200","width":350,"height":200},"classes":[]},{"id":2898,"url":"https:\/\/blogs.nabu.de\/trischen\/jonaskotlarz\/","url_meta":{"origin":6422,"position":2},"title":"Jonas Kotlarz (2018)","date":"14. Februar 2018","format":false,"excerpt":"Moin, herzlich willkommen auf diesem Blog, ich freue mich \u00fcber Ihren Besuch. Mein Name ist Jonas Kotlarz und in diesem Jahr habe ich die gro\u00dfe Ehre, als NABU-Vogelwart die Saison von M\u00e4rz bis Oktober auf der Insel Trischen verbringen zu d\u00fcrfen. An dem Leben unter V\u00f6geln und im Rhythmus der\u2026","rel":"","context":"\u00c4hnlicher Beitrag","img":{"alt_text":"","src":"https:\/\/i0.wp.com\/blogs.nabu.de\/trischen\/wp-content\/uploads\/sites\/7\/2018\/02\/JonasKotlarz_Vogelwart2018-300x200.jpg?resize=350%2C200","width":350,"height":200},"classes":[]},{"id":5631,"url":"https:\/\/blogs.nabu.de\/trischen\/vogelwartin-2021\/","url_meta":{"origin":6422,"position":3},"title":"Vogelwartin 2021","date":"12. M\u00e4rz 2020","format":false,"excerpt":"Moin, und herzlich Willkommen auf dem NABU-blog der Insel Trischen \u2013 sch\u00f6n, dass sie hier vorbeischauen! Mein Name ist Anne Evers und f\u00fcr die Saison 2021 bin ich Vogelwartin auf der Insel Trischen. Trischen liegt in der Schutzzone 1 des Nationalparks Schleswig-Holsteinisches Wattenmeer und darf somit nur von sehr wenigen\u2026","rel":"","context":"\u00c4hnlicher Beitrag","img":{"alt_text":"","src":"","width":0,"height":0},"classes":[]},{"id":1778,"url":"https:\/\/blogs.nabu.de\/trischen\/archiv\/","url_meta":{"origin":6422,"position":4},"title":"Archiv","date":"6. Februar 2017","format":false,"excerpt":"Ehemalige Vogelwarte Melanie Theel (2023) Till Holsten (2022) Anne Evers (2020 \/ 2021) Anne de Walmont (2019) Jonas (2018) Tore (2017) Marco (2016) Christin (2015) Vogelartenlisten Artenliste Brutv\u00f6gel Brutvogeldaten 2018 Brutvogeldaten 2017 Brutvogeldaten 2016 Blogbeitr\u00e4ge 2018 2017 2016 Beobachtungsliste seit 2017 2016 Strandfunde seit 2017 2016 Trischen in Bildern 2020\u2026","rel":"","context":"\u00c4hnlicher Beitrag","img":{"alt_text":"","src":"","width":0,"height":0},"classes":[]},{"id":1820,"url":"https:\/\/blogs.nabu.de\/trischen\/beobachtungsliste2017\/","url_meta":{"origin":6422,"position":5},"title":"Beobachtungsliste","date":"18. Februar 2017","format":false,"excerpt":"In dieser Rubrik werden spannende Beobachtungen, die auf Trischen gemacht werden, aufgelistet und dargestellt.","rel":"","context":"\u00c4hnlicher Beitrag","img":{"alt_text":"","src":"https:\/\/i0.wp.com\/blogs.nabu.de\/trischen\/wp-content\/uploads\/sites\/7\/2016\/03\/DSC04841-Kopie.jpg?resize=350%2C200","width":350,"height":200},"classes":[]}],"jetpack_sharing_enabled":true,"_links":{"self":[{"href":"https:\/\/blogs.nabu.de\/trischen\/wp-json\/wp\/v2\/pages\/6422"}],"collection":[{"href":"https:\/\/blogs.nabu.de\/trischen\/wp-json\/wp\/v2\/pages"}],"about":[{"href":"https:\/\/blogs.nabu.de\/trischen\/wp-json\/wp\/v2\/types\/page"}],"author":[{"embeddable":true,"href":"https:\/\/blogs.nabu.de\/trischen\/wp-json\/wp\/v2\/users\/1"}],"replies":[{"embeddable":true,"href":"https:\/\/blogs.nabu.de\/trischen\/wp-json\/wp\/v2\/comments?post=6422"}],"version-history":[{"count":4,"href":"https:\/\/blogs.nabu.de\/trischen\/wp-json\/wp\/v2\/pages\/6422\/revisions"}],"predecessor-version":[{"id":6430,"href":"https:\/\/blogs.nabu.de\/trischen\/wp-json\/wp\/v2\/pages\/6422\/revisions\/6430"}],"wp:attachment":[{"href":"https:\/\/blogs.nabu.de\/trischen\/wp-json\/wp\/v2\/media?parent=6422"}],"curies":[{"name":"wp","href":"https:\/\/api.w.org\/{rel}","templated":true}]}}