{"id":5621,"date":"2020-03-09T18:52:13","date_gmt":"2020-03-09T17:52:13","guid":{"rendered":"http:\/\/blogs.nabu.de\/trischen\/?page_id=5621"},"modified":"2020-03-09T18:52:13","modified_gmt":"2020-03-09T17:52:13","slug":"anne-de-walmont-2019","status":"publish","type":"page","link":"https:\/\/blogs.nabu.de\/trischen\/anne-de-walmont-2019\/","title":{"rendered":"Die Vogelwartin 2019"},"content":{"rendered":"<p>Moin,<\/p>\n<div id=\"attachment_4514\" class=\"wp-caption alignright\">\n<p><img data-attachment-id=\"4514\" data-permalink=\"https:\/\/blogs.nabu.de\/trischen\/anne-de-walmont220\/\" data-orig-file=\"https:\/\/blogs.nabu.de\/trischen\/wp-content\/uploads\/sites\/7\/2019\/04\/Anne-de-Walmont220.jpg\" data-orig-size=\"200,200\" data-comments-opened=\"0\" data-image-meta=\"{&quot;aperture&quot;:&quot;0&quot;,&quot;credit&quot;:&quot;&quot;,&quot;camera&quot;:&quot;&quot;,&quot;caption&quot;:&quot;&quot;,&quot;created_timestamp&quot;:&quot;0&quot;,&quot;copyright&quot;:&quot;&quot;,&quot;focal_length&quot;:&quot;0&quot;,&quot;iso&quot;:&quot;0&quot;,&quot;shutter_speed&quot;:&quot;0&quot;,&quot;title&quot;:&quot;&quot;,&quot;orientation&quot;:&quot;0&quot;}\" data-image-title=\"Anne-de-Walmont220\" data-image-description=\"&lt;p&gt;Vogelwartin Anne de Walmont&lt;\/p&gt;\n\" data-image-caption=\"&lt;p&gt;Vogelwartin Anne de Walmont&lt;\/p&gt;\n\" data-medium-file=\"https:\/\/blogs.nabu.de\/trischen\/wp-content\/uploads\/sites\/7\/2019\/04\/Anne-de-Walmont220.jpg\" data-large-file=\"https:\/\/blogs.nabu.de\/trischen\/wp-content\/uploads\/sites\/7\/2019\/04\/Anne-de-Walmont220.jpg\" decoding=\"async\" loading=\"lazy\" class=\"wp-image-4514 size-full\" style=\"border: 0px none;vertical-align: middle;height: auto;margin: 0px;max-width: 100%;padding: 0px;width: auto\" src=\"https:\/\/blogs.nabu.de\/trischen\/wp-content\/uploads\/sites\/7\/2019\/04\/Anne-de-Walmont220.jpg\" alt=\"\" width=\"200\" height=\"200\" \/><\/p>\n<p class=\"wp-caption-text\">(Foto: A. de Walmont)<\/p>\n<\/div>\n<p>sch\u00f6n, dass Sie auf dem NABU-blog der Insel Trischen vorbeischauen!<\/p>\n<p>Mein Name ist Anne de Walmont und f\u00fcr die Saison 2019 bin ich\u00a0 die Vogelwartin auf Trischen.<br \/>\nAuf dieser Internetseite werde ich \u00fcber aktuelle Geschehnisse und Beobachtungen auf der Insel berichten.<\/p>\n<p>Aufgewachsen an der nieders\u00e4chsischen Nordseek\u00fcste im \u201eLand Wursten\u201c ist mir das Wattenmeer seit der Kindheit vertraut. Neue Beobachtungen und Funde im Watt und auf dem Deich zu machen, war f\u00fcr mich allt\u00e4gliche Selbstverst\u00e4ndlichkeit.<br \/>\nWie viel Gl\u00fcck ich hatte, in der N\u00e4he eines solchen \u00d6kosystems zu leben, begriff ich erst w\u00e4hrend meines Freiwilligen \u00f6kologischen Jahres auf Pellworm bei der Schutzstation Wattenmeer und noch einmal auf eine v\u00f6llig andere Weise, als ich die Nordsee f\u00fcr einige Jahre verlie\u00df.<br \/>\nW\u00e4hrend meiner Zeit auf Pellworm bekam ich einen ganz neuen Einblick in die Vogelwelt und die Faszination hat mich seitdem nicht mehr losgelassen.<br \/>\nIn den folgenden Studien- und Lehrjahren in G\u00f6ttingen und Halle (Saale) musste ich pl\u00f6tzlich feststellen, dass mir das Meer fehlte. Darum wohne ich seit ein paar Jahren in Bremen und bin dem Wattenmeer somit wieder um einiges n\u00e4herger\u00fcckt. F\u00fcr mich war es selbstverst\u00e4ndlich, dass ich mich, zur\u00fcck im n\u00e4heren K\u00fcstenumfeld, wieder aktiv der Vogelwelt zuwenden und durch regelm\u00e4\u00dfige Z\u00e4hlungen zur Springtide in einem eigenen Z\u00e4hlgebiet einen kleinen Teil zum Schutz der Vogelwelt beitragen w\u00fcrde.<\/p>\n<p>Auf Trischen geht meine T\u00e4tigkeit weit \u00fcber die Springtidenz\u00e4hlung der Rastv\u00f6gel hinaus. Auch die Brutv\u00f6gel werden erfasst, durchziehende V\u00f6gel beobachtet und dokumentiert, das Watt an einigen Stellen exemplarisch kartiert, die Vegetation genauer unter die Lupe genommen und die Insel mit ihren dynamischen Ver\u00e4nderungen vermessen. Auch das Sammeln von Wetterdaten und Melden von eventuellen St\u00f6rungen geh\u00f6ren zu meinen Aufgaben.<\/p>\n<p>Trischen liegt in der Schutzzone I des Nationalparks Schleswig-Holsteinisches Wattenmeer und ist Weltnaturerbe. Somit darf die Insel nur von sehr wenigen Menschen betreten werden.<br \/>\nIch freue mich sehr, eine dieser Personen zu sein und bin gespannt auf die Zeit von Mitte M\u00e4rz bis Mitte Oktober, die ich auf Trischen verbringen darf.<\/p>\n<p>Sie k\u00f6nnen mich \u00fcber diesen blog w\u00e4hrend meiner Zeit als Vogelwartin begleiten. In den unterschiedlichen Rubriken werde ich Beitr\u00e4ge ver\u00f6ffentlichen und Sie \u00fcber die aktuellen Geschehnisse informieren. Ich w\u00fcnsche Ihnen viel Freude beim Lesen und St\u00f6bern und freue mich \u00fcber Kommentare im G\u00e4stebuch!<\/p>\n<!-- Begin Yuzo --><div class='yuzo_related_post style-1'  data-version='5.12.74'><!-- without result --><div class='yuzo_clearfixed yuzo__title yuzo__title'><h3>Related Post<\/h3><\/div>\n\t\t\t\t\t\t  <div class=\"relatedthumb \" style=\"width:145px;float:left;overflow:hidden;\">  \n\t\t\t\t\t\t\t  \n\t\t\t\t\t\t\t  <a  href=\"https:\/\/blogs.nabu.de\/trischen\/das-haessliche-geschenk\/\"  >\n\t\t\t\t\t\t\t\t\t  <div class=\"yuzo-img-wrap \" style=\"width: 145px;height:145px;\">\n\t\t\t\t\t\t\t\t\t\t\n\t\t\t\t\t\t\t\t\t\t<div class=\"yuzo-img\" style=\"background:url('https:\/\/blogs.nabu.de\/trischen\/wp-content\/uploads\/sites\/7\/2020\/10\/IMG_3992-150x150.jpg') 50% 50% no-repeat;width: 145px;height:145px;margin-bottom: 5px;background-size: cover; \"><\/div>\n\t\t\t\t\t\t\t\t\t  <\/div>\n\t\t\t\t\t\t\t\t\t  \n\t\t\t\t\t\t\t\t   <span class=\"yuzo__text--title\" style=\"font-size:14px;\">Das h\u00e4ssliche Geschenk<\/span>\n\t\t\t\t\t\t\t  \n\t\t\t\t\t\t\t  \n\t\t\t\t\t\t\t  <\/a>\n\n\t\t\t\t\t\t  <\/div>\n\t\t\t\t\t\t  <div class=\"relatedthumb \" style=\"width:145px;float:left;overflow:hidden;\">  \n\t\t\t\t\t\t\t  \n\t\t\t\t\t\t\t  <a  href=\"https:\/\/blogs.nabu.de\/trischen\/sandfaenger\/\"  >\n\t\t\t\t\t\t\t\t\t  <div class=\"yuzo-img-wrap \" style=\"width: 145px;height:145px;\">\n\t\t\t\t\t\t\t\t\t\t\n\t\t\t\t\t\t\t\t\t\t<div class=\"yuzo-img\" style=\"background:url('https:\/\/blogs.nabu.de\/trischen\/wp-content\/uploads\/sites\/7\/2021\/08\/IMG_8433-150x150.jpg') 50% 50% no-repeat;width: 145px;height:145px;margin-bottom: 5px;background-size: cover; \"><\/div>\n\t\t\t\t\t\t\t\t\t  <\/div>\n\t\t\t\t\t\t\t\t\t  \n\t\t\t\t\t\t\t\t   <span class=\"yuzo__text--title\" style=\"font-size:14px;\">Sandf\u00e4nger<\/span>\n\t\t\t\t\t\t\t  \n\t\t\t\t\t\t\t  \n\t\t\t\t\t\t\t  <\/a>\n\n\t\t\t\t\t\t  <\/div>\n\t\t\t\t\t\t  <div class=\"relatedthumb \" style=\"width:145px;float:left;overflow:hidden;\">  \n\t\t\t\t\t\t\t  \n\t\t\t\t\t\t\t  <a  href=\"https:\/\/blogs.nabu.de\/trischen\/der-greif\/\"  >\n\t\t\t\t\t\t\t\t\t  <div class=\"yuzo-img-wrap \" style=\"width: 145px;height:145px;\">\n\t\t\t\t\t\t\t\t\t\t\n\t\t\t\t\t\t\t\t\t\t<div class=\"yuzo-img\" style=\"background:url('https:\/\/blogs.nabu.de\/trischen\/wp-content\/plugins\/yuzo-related-post\/assets\/images\/default.png') 50% 50% no-repeat;width: 145px;height:145px;margin-bottom: 5px;background-size: cover; \"><\/div>\n\t\t\t\t\t\t\t\t\t  <\/div>\n\t\t\t\t\t\t\t\t\t  \n\t\t\t\t\t\t\t\t   <span class=\"yuzo__text--title\" style=\"font-size:14px;\">Der Greif<\/span>\n\t\t\t\t\t\t\t  \n\t\t\t\t\t\t\t  \n\t\t\t\t\t\t\t  <\/a>\n\n\t\t\t\t\t\t  <\/div>\n\t\t\t\t\t\t  <div class=\"relatedthumb \" style=\"width:145px;float:left;overflow:hidden;\">  \n\t\t\t\t\t\t\t  \n\t\t\t\t\t\t\t  <a  href=\"https:\/\/blogs.nabu.de\/trischen\/brutvogelkartierung-auf-trischen-geht-weiter\/\"  >\n\t\t\t\t\t\t\t\t\t  <div class=\"yuzo-img-wrap \" style=\"width: 145px;height:145px;\">\n\t\t\t\t\t\t\t\t\t\t\n\t\t\t\t\t\t\t\t\t\t<div class=\"yuzo-img\" style=\"background:url('https:\/\/blogs.nabu.de\/trischen\/wp-content\/uploads\/sites\/7\/2016\/05\/DSC07894-150x150.jpg') 50% 50% no-repeat;width: 145px;height:145px;margin-bottom: 5px;background-size: cover; \"><\/div>\n\t\t\t\t\t\t\t\t\t  <\/div>\n\t\t\t\t\t\t\t\t\t  \n\t\t\t\t\t\t\t\t   <span class=\"yuzo__text--title\" style=\"font-size:14px;\">Brutvogelkartierung auf Trischen geht weiter<\/span>\n\t\t\t\t\t\t\t  \n\t\t\t\t\t\t\t  \n\t\t\t\t\t\t\t  <\/a>\n\n\t\t\t\t\t\t  <\/div>\n<\/div> <style>\n\t\t\t\t\t\t\t\t.yuzo_related_post img{width:155px !important; height:145px !important;}\n\t\t\t\t\t\t\t\t.yuzo_related_post .relatedthumb{line-height:16px;background: !important;color:!important;}\n\t\t\t\t\t\t\t\t.yuzo_related_post .relatedthumb:hover{background:#fcfcf4 !important; -webkit-transition: background 0.2s linear; -moz-transition: background 0.2s linear; -o-transition: background 0.2s linear; transition: background 0.2s linear;;color:!important;}\n\t\t\t\t\t\t\t\t.yuzo_related_post .relatedthumb a{color:!important;}\n\t\t\t\t\t\t\t\t.yuzo_related_post .relatedthumb a:hover{ color:}!important;}\n\t\t\t\t\t\t\t\t.yuzo_related_post .relatedthumb:hover a{ color:!important;}\n\t\t\t\t\t\t\t\t.yuzo_related_post .yuzo_text {color:!important;}\n\t\t\t\t\t\t\t\t.yuzo_related_post .relatedthumb:hover .yuzo_text {color:!important;}\n\t\t\t\t\t\t\t\t.yuzo_related_post .relatedthumb{  margin: 0px  0px  0px  0px;   padding: 5px  5px  5px  5px;  }\n\t\t\t\t\t\t\t\t\n\t\t\t\t\t\t\t\t<\/style> <script>\n\t\t\t\t\t\t  jQuery(document).ready(function( $ ){\n\t\t\t\t\t\t\t\/\/jQuery('.yuzo_related_post').equalizer({ overflow : 'relatedthumb' });\n\t\t\t\t\t\t\tjQuery('.yuzo_related_post .yuzo_wraps').equalizer({ columns : '> div' });\n\t\t\t\t\t\t   })\n\t\t\t\t\t\t  <\/script> <!-- End Yuzo :) -->","protected":false},"excerpt":{"rendered":"<p>Moin, (Foto: A. de Walmont) sch\u00f6n, dass Sie auf dem NABU-blog der Insel Trischen vorbeischauen! Mein Name ist Anne de Walmont und f\u00fcr die Saison 2019 bin ich\u00a0 [&hellip;]<\/p>\n","protected":false},"author":96,"featured_media":0,"parent":0,"menu_order":0,"comment_status":"closed","ping_status":"closed","template":"","meta":{"jetpack_post_was_ever_published":false},"jetpack_shortlink":"https:\/\/wp.me\/P7gGqE-1sF","jetpack-related-posts":[{"id":5631,"url":"https:\/\/blogs.nabu.de\/trischen\/vogelwartin-2021\/","url_meta":{"origin":5621,"position":0},"title":"Vogelwartin 2021","date":"12. M\u00e4rz 2020","format":false,"excerpt":"Moin, und herzlich Willkommen auf dem NABU-blog der Insel Trischen \u2013 sch\u00f6n, dass sie hier vorbeischauen! Mein Name ist Anne Evers und f\u00fcr die Saison 2021 bin ich Vogelwartin auf der Insel Trischen. Trischen liegt in der Schutzzone 1 des Nationalparks Schleswig-Holsteinisches Wattenmeer und darf somit nur von sehr wenigen\u2026","rel":"","context":"\u00c4hnlicher Beitrag","img":{"alt_text":"","src":"","width":0,"height":0},"classes":[]},{"id":7064,"url":"https:\/\/blogs.nabu.de\/trischen\/vogelwartin-2023\/","url_meta":{"origin":5621,"position":1},"title":"Vogelwartin 2023","date":"24. Februar 2023","format":false,"excerpt":"Moin Moin und herzlich willkommen auf dem NABU Blog der Insel Trischen. Egal, ob sie zuf\u00e4llig hereingeschneit sind oder diesen Blog schon l\u00e4nger verfolgen, ich lade sie herzlich dazu ein, mich auf diesen Seiten in den kommenden Monaten bei meinen kleinen und gro\u00dfen Erlebnissen auf Trischen zu begleiten. F\u00fcr den\u2026","rel":"","context":"\u00c4hnlicher Beitrag","img":{"alt_text":"","src":"https:\/\/i0.wp.com\/blogs.nabu.de\/trischen\/wp-content\/uploads\/sites\/7\/2023\/03\/Bild_Melli2-225x300.jpg?resize=350%2C200&ssl=1","width":350,"height":200},"classes":[]},{"id":2038,"url":"https:\/\/blogs.nabu.de\/trischen\/christinkunze\/","url_meta":{"origin":5621,"position":2},"title":"Christin Kunze (2015)","date":"6. April 2017","format":false,"excerpt":"Moin, ich freue mich, dass Sie die Trischen-Website besuchen. Mein Name ist Christin Kunze. Ich bin 27 Jahre alt und in dieser Saison von M\u00e4rz bis Oktober als NABU-Vogelwartin auf Trischen t\u00e4tig. Ob Sie das Geschehen auf Trischen schon l\u00e4nger verfolgen oder gerade erst davon erfahren haben und nun neugierig\u2026","rel":"","context":"\u00c4hnlicher Beitrag","img":{"alt_text":"","src":"https:\/\/i0.wp.com\/blogs.nabu.de\/trischen\/wp-content\/uploads\/sites\/7\/2017\/04\/vogelwartin_spektiv_klein.jpg?resize=350%2C200&ssl=1","width":350,"height":200},"classes":[]},{"id":2898,"url":"https:\/\/blogs.nabu.de\/trischen\/jonaskotlarz\/","url_meta":{"origin":5621,"position":3},"title":"Jonas Kotlarz (2018)","date":"14. Februar 2018","format":false,"excerpt":"Moin, herzlich willkommen auf diesem Blog, ich freue mich \u00fcber Ihren Besuch. Mein Name ist Jonas Kotlarz und in diesem Jahr habe ich die gro\u00dfe Ehre, als NABU-Vogelwart die Saison von M\u00e4rz bis Oktober auf der Insel Trischen verbringen zu d\u00fcrfen. An dem Leben unter V\u00f6geln und im Rhythmus der\u2026","rel":"","context":"\u00c4hnlicher Beitrag","img":{"alt_text":"","src":"https:\/\/i0.wp.com\/blogs.nabu.de\/trischen\/wp-content\/uploads\/sites\/7\/2018\/02\/JonasKotlarz_Vogelwart2018-300x200.jpg?resize=350%2C200","width":350,"height":200},"classes":[]},{"id":5611,"url":"https:\/\/blogs.nabu.de\/trischen\/trischen-in-bildern-2020\/","url_meta":{"origin":5621,"position":4},"title":"Trischen in Bildern 2021 bis 2026","date":"9. M\u00e4rz 2020","format":false,"excerpt":"April 2026 Nachdem der M\u00e4rz sehr trocken war, bescherte der April dann doch zumindest ein paar wenige Regentage, und so bekommt die Insel langsam auch Farbe. \u00a0 \u00a0 M\u00e4rz 2026 Meine erste Woche auf der Insel. September 2025 Der Herbst ist da, die Tage werden k\u00fcrzer, der Queller verf\u00e4rbt sich\u2026","rel":"","context":"\u00c4hnlicher Beitrag","img":{"alt_text":"","src":"https:\/\/i0.wp.com\/blogs.nabu.de\/trischen\/wp-content\/uploads\/sites\/7\/2021\/10\/IMG_0934.jpg?resize=350%2C200&ssl=1","width":350,"height":200},"classes":[]},{"id":138,"url":"https:\/\/blogs.nabu.de\/trischen\/marcovieregge\/","url_meta":{"origin":5621,"position":5},"title":"Marco Vieregge (2016)","date":"3. M\u00e4rz 2016","format":false,"excerpt":"Moin, Ich bin Marco Maier (weil ich geheiratet habe, hei\u00dfe ich seit Okt. 2016 Marco Vieregge) und betreue Trischen in der Saison 2016 als Vogelwart. Daf\u00fcr lebe ich von M\u00e4rz bis Oktober in einer kleinen H\u00fctte auf der Insel. Mit diesem Blog versuche ich, Sie durch Bilder und Beitr\u00e4ge auf\u2026","rel":"","context":"\u00c4hnlicher Beitrag","img":{"alt_text":"","src":"https:\/\/i0.wp.com\/blogs.nabu.de\/trischen\/wp-content\/uploads\/sites\/7\/2016\/03\/DSC08040-Kopie-225x300.jpg?resize=350%2C200","width":350,"height":200},"classes":[]}],"jetpack_sharing_enabled":true,"_links":{"self":[{"href":"https:\/\/blogs.nabu.de\/trischen\/wp-json\/wp\/v2\/pages\/5621"}],"collection":[{"href":"https:\/\/blogs.nabu.de\/trischen\/wp-json\/wp\/v2\/pages"}],"about":[{"href":"https:\/\/blogs.nabu.de\/trischen\/wp-json\/wp\/v2\/types\/page"}],"author":[{"embeddable":true,"href":"https:\/\/blogs.nabu.de\/trischen\/wp-json\/wp\/v2\/users\/96"}],"replies":[{"embeddable":true,"href":"https:\/\/blogs.nabu.de\/trischen\/wp-json\/wp\/v2\/comments?post=5621"}],"version-history":[{"count":1,"href":"https:\/\/blogs.nabu.de\/trischen\/wp-json\/wp\/v2\/pages\/5621\/revisions"}],"predecessor-version":[{"id":5623,"href":"https:\/\/blogs.nabu.de\/trischen\/wp-json\/wp\/v2\/pages\/5621\/revisions\/5623"}],"wp:attachment":[{"href":"https:\/\/blogs.nabu.de\/trischen\/wp-json\/wp\/v2\/media?parent=5621"}],"curies":[{"name":"wp","href":"https:\/\/api.w.org\/{rel}","templated":true}]}}