{"id":300,"date":"2016-03-31T20:38:23","date_gmt":"2016-03-31T18:38:23","guid":{"rendered":"http:\/\/blogs.nabu.de\/trischen\/?page_id=300"},"modified":"2021-01-06T15:28:44","modified_gmt":"2021-01-06T14:28:44","slug":"mehr-zu-trischen","status":"publish","type":"page","link":"https:\/\/blogs.nabu.de\/trischen\/mehr-zu-trischen\/","title":{"rendered":"Mehr zu Trischen"},"content":{"rendered":"<div class=\"main-content\">\n<div class=\"txt-img\">\n<h1 style=\"text-align: center\">Trischen \u2013 Perle im Nationalpark<\/h1>\n<div id=\"attachment_7\" style=\"width: 734px\" class=\"wp-caption aligncenter\"><img aria-describedby=\"caption-attachment-7\" data-attachment-id=\"7\" data-permalink=\"https:\/\/blogs.nabu.de\/trischen\/?attachment_id=7\" data-orig-file=\"https:\/\/blogs.nabu.de\/trischen\/wp-content\/uploads\/sites\/7\/2016\/02\/Vogelwaerterhuette-bg.jpg\" data-orig-size=\"1200,900\" data-comments-opened=\"1\" data-image-meta=\"{&quot;aperture&quot;:&quot;0&quot;,&quot;credit&quot;:&quot;&quot;,&quot;camera&quot;:&quot;&quot;,&quot;caption&quot;:&quot;&quot;,&quot;created_timestamp&quot;:&quot;0&quot;,&quot;copyright&quot;:&quot;&quot;,&quot;focal_length&quot;:&quot;0&quot;,&quot;iso&quot;:&quot;0&quot;,&quot;shutter_speed&quot;:&quot;0&quot;,&quot;title&quot;:&quot;&quot;,&quot;orientation&quot;:&quot;0&quot;}\" data-image-title=\"Vogelw\u00e4rterh\u00fctte &#8211; Foto: B. Marten Philipps\" data-image-description=\"\" data-image-caption=\"\" data-medium-file=\"https:\/\/blogs.nabu.de\/trischen\/wp-content\/uploads\/sites\/7\/2016\/02\/Vogelwaerterhuette-bg-300x225.jpg\" data-large-file=\"https:\/\/blogs.nabu.de\/trischen\/wp-content\/uploads\/sites\/7\/2016\/02\/Vogelwaerterhuette-bg-1000x750.jpg\" decoding=\"async\" loading=\"lazy\" class=\"wp-image-7\" src=\"https:\/\/blogs.nabu.de\/trischen\/wp-content\/uploads\/sites\/7\/2016\/02\/Vogelwaerterhuette-bg.jpg\" alt=\"Vogelw\u00e4rterh\u00fctte - Foto: B. Marten Philipps\" width=\"724\" height=\"543\" \/><p id=\"caption-attachment-7\" class=\"wp-caption-text\">Vogelw\u00e4rterh\u00fctte &#8211; Foto: Bj\u00f6rn Marten Philipps<\/p><\/div>\n<p>&nbsp;<\/p>\n<p>Trischen ist etwas ganz Besonderes und das aus vielen Gr\u00fcnden. Schon lange vor Nationalpark und Weltnaturerbe haben Menschen den Wert f\u00fcr die Natur erkannt und so geh\u00f6rt Trischen seit 1909 zu den gesch\u00fctzten Seevogelfreist\u00e4tten. Schon seit \u00fcber einhundert Jahren gibt es Vogelschutz auf der einzigen Insel vor der K\u00fcste Dithmarschens.<\/p>\n<\/div>\n<div class=\"txt-img\">\n<p>In den 1920er Jahren gab es sogar einen Bauernhof und mehr als 80 ha eingedeichtes Land. Die forschreitenden Wanderung der Insel und heftige Sturmfluten liessen eine dauerhafte Besiedlung der Insel allerdings nicht zu. Heute wohnt nur noch im Sommer der Vogelwart \/ die Vogelwartin in einer rund 15 m\u00b2 gro\u00dfen Holzh\u00fctte auf Stelzen.<\/p>\n<\/div>\n<div class=\"txt-img\">\n<p>Auch wenn die Insel ein Schutzgebiet ist, findet rundherum eine Nutzung auf verschieden Art und Weise statt. In den 1980er Jahren, noch vor der Gr\u00fcndung des Nationalparks, baute man in der unmittelbaren Nachbarschaft eine \u00d6lf\u00f6rderstation, die\u00a0<a href=\"http:\/\/www.mittelplate.de\/de\/insel-mittelplate\" target=\"_blank\" rel=\"noopener\">Mittelplate A<\/a> . Trotz Protesten und Kampagnen besteht diese als Nachbar Trischens bis heute. Auf die Insel wurde auch schon geschossen: Vom Meldorfer Speicherkoog aus scho\u00df die Bundeswehr zu Versuchszwecken in Richtung Nordsee.<\/p>\n<\/div>\n<div class=\"txt-img\">\n<p>Die Vergangenheit der Insel ist also bewegt und hat viele Geschichten zu bieten. Einige davon finden Sie hier auf der Homepage zur <a href=\"https:\/\/schleswig-holstein.nabu.de\/natur-und-landschaft\/nabu-schutzgebiete\/trischen\/historie\/index.html\" target=\"_blank\" rel=\"noopener\">Historie von Trischen<\/a>.<\/p>\n<p>Seit jeher ist es eine wichtige Angelegenheit auch bei striktem Betretungsverbot den &#8222;Besuchern&#8220; das aktuelle Geschehen auf der Insel nahe zu bringen. Aus diesem Grund pflegt der Naturschutzwart \/ die Naturschuztwartin in jedem Jahr diesen Blog und erz\u00e4hlt vom Leben auf der Insel.<\/p>\n<\/div>\n<\/div>\n<p>Unter folgenden Links finden Sie weitere Informationen rund um die Insel und ihre Geschichte.<\/p>\n<ul>\n<li><a href=\"https:\/\/schleswig-holstein.nabu.de\/natur-und-landschaft\/nabu-schutzgebiete\/trischen\/historie\/index.html\" target=\"_blank\" rel=\"noopener\">Historie von Trischen <\/a><\/li>\n<\/ul>\n<ul>\n<li><a href=\"https:\/\/schleswig-holstein.nabu.de\/natur-und-landschaft\/nabu-schutzgebiete\/trischen\/inselwelt\/index.html\" target=\"_blank\" rel=\"noopener\">Inselwelt Trischen <\/a><\/li>\n<\/ul>\n<div class=\"tiled-gallery type-rectangular tiled-gallery-unresized\" data-original-width=\"940\" data-carousel-extra='{&quot;blog_id&quot;:7,&quot;permalink&quot;:&quot;https:\\\/\\\/blogs.nabu.de\\\/trischen\\\/mehr-zu-trischen\\\/&quot;,&quot;likes_blog_id&quot;:107410700}' itemscope itemtype=\"http:\/\/schema.org\/ImageGallery\" > <div class=\"gallery-row\" style=\"width: 940px; height: 314px;\" data-original-width=\"940\" data-original-height=\"314\" > <div class=\"gallery-group images-1\" style=\"width: 470px; height: 314px;\" data-original-width=\"470\" data-original-height=\"314\" > <div class=\"tiled-gallery-item tiled-gallery-item-large\" itemprop=\"associatedMedia\" itemscope itemtype=\"http:\/\/schema.org\/ImageObject\"> <a href=\"https:\/\/blogs.nabu.de\/trischen\/mehr-zu-trischen\/trischen-von-oben\/\" border=\"0\" itemprop=\"url\"> <meta itemprop=\"width\" content=\"466\"> <meta itemprop=\"height\" content=\"310\"> <img data-attachment-id=\"454\" data-orig-file=\"https:\/\/blogs.nabu.de\/trischen\/wp-content\/uploads\/sites\/7\/2016\/03\/Trischen-von-oben.jpeg\" data-orig-size=\"680,453\" data-comments-opened=\"\" data-image-meta=\"{&quot;aperture&quot;:&quot;0&quot;,&quot;credit&quot;:&quot;&quot;,&quot;camera&quot;:&quot;&quot;,&quot;caption&quot;:&quot;&quot;,&quot;created_timestamp&quot;:&quot;0&quot;,&quot;copyright&quot;:&quot;&quot;,&quot;focal_length&quot;:&quot;0&quot;,&quot;iso&quot;:&quot;0&quot;,&quot;shutter_speed&quot;:&quot;0&quot;,&quot;title&quot;:&quot;&quot;,&quot;orientation&quot;:&quot;1&quot;}\" data-image-title=\"Trischen von oben (Quelle: NABU Schleswig-Holstein))\" data-image-description=\"\" data-medium-file=\"https:\/\/blogs.nabu.de\/trischen\/wp-content\/uploads\/sites\/7\/2016\/03\/Trischen-von-oben-300x200.jpeg\" data-large-file=\"https:\/\/blogs.nabu.de\/trischen\/wp-content\/uploads\/sites\/7\/2016\/03\/Trischen-von-oben.jpeg\" src=\"https:\/\/i0.wp.com\/blogs.nabu.de\/trischen\/wp-content\/uploads\/sites\/7\/2016\/03\/Trischen-von-oben.jpeg?w=466&#038;h=310&#038;ssl=1\" width=\"466\" height=\"310\" data-original-width=\"466\" data-original-height=\"310\" itemprop=\"http:\/\/schema.org\/image\" title=\"Trischen von oben (Quelle: NABU Schleswig-Holstein))\" alt=\"Trischen von oben (Quelle: NABU Schleswig-Holstein))\" style=\"width: 466px; height: 310px;\" \/> <\/a> <div class=\"tiled-gallery-caption\" itemprop=\"caption description\"> Trischen von oben (Quelle: NABU Schleswig-Holstein)) <\/div> <\/div> <\/div> <!-- close group --> <div class=\"gallery-group images-1\" style=\"width: 470px; height: 314px;\" data-original-width=\"470\" data-original-height=\"314\" > <div class=\"tiled-gallery-item tiled-gallery-item-large\" itemprop=\"associatedMedia\" itemscope itemtype=\"http:\/\/schema.org\/ImageObject\"> <a href=\"https:\/\/blogs.nabu.de\/trischen\/mehr-zu-trischen\/luisenhof\/\" border=\"0\" itemprop=\"url\"> <meta itemprop=\"width\" content=\"466\"> <meta itemprop=\"height\" content=\"310\"> <img data-attachment-id=\"453\" data-orig-file=\"https:\/\/blogs.nabu.de\/trischen\/wp-content\/uploads\/sites\/7\/2016\/03\/Luisenhof.jpeg\" data-orig-size=\"680,453\" data-comments-opened=\"\" data-image-meta=\"{&quot;aperture&quot;:&quot;0&quot;,&quot;credit&quot;:&quot;&quot;,&quot;camera&quot;:&quot;MG8100 series&quot;,&quot;caption&quot;:&quot;&quot;,&quot;created_timestamp&quot;:&quot;1388238183&quot;,&quot;copyright&quot;:&quot;&quot;,&quot;focal_length&quot;:&quot;0&quot;,&quot;iso&quot;:&quot;0&quot;,&quot;shutter_speed&quot;:&quot;0&quot;,&quot;title&quot;:&quot;&quot;,&quot;orientation&quot;:&quot;1&quot;}\" data-image-title=\"Luisenhof Quelle: Archiv NABU-Schleswig-Holstein\" data-image-description=\"\" data-medium-file=\"https:\/\/blogs.nabu.de\/trischen\/wp-content\/uploads\/sites\/7\/2016\/03\/Luisenhof-300x200.jpeg\" data-large-file=\"https:\/\/blogs.nabu.de\/trischen\/wp-content\/uploads\/sites\/7\/2016\/03\/Luisenhof.jpeg\" src=\"https:\/\/i0.wp.com\/blogs.nabu.de\/trischen\/wp-content\/uploads\/sites\/7\/2016\/03\/Luisenhof.jpeg?w=466&#038;h=310&#038;ssl=1\" width=\"466\" height=\"310\" data-original-width=\"466\" data-original-height=\"310\" itemprop=\"http:\/\/schema.org\/image\" title=\"Luisenhof Quelle: Archiv NABU-Schleswig-Holstein\" alt=\"Luisenhof (Quelle: Archiv NABU-Schleswig-Holstein )\" style=\"width: 466px; height: 310px;\" \/> <\/a> <div class=\"tiled-gallery-caption\" itemprop=\"caption description\"> Luisenhof (Quelle: Archiv NABU-Schleswig-Holstein ) <\/div> <\/div> <\/div> <!-- close group --> <\/div> <!-- close row --> <\/div>\n<!-- Begin Yuzo --><div class='yuzo_related_post style-1'  data-version='5.12.74'><!-- without result --><div class='yuzo_clearfixed yuzo__title yuzo__title'><h3>Related Post<\/h3><\/div>\n\t\t\t\t\t\t  <div class=\"relatedthumb \" style=\"width:145px;float:left;overflow:hidden;\">  \n\t\t\t\t\t\t\t  \n\t\t\t\t\t\t\t  <a  href=\"https:\/\/blogs.nabu.de\/trischen\/wintergaeste-teil-1\/\"  >\n\t\t\t\t\t\t\t\t\t  <div class=\"yuzo-img-wrap \" style=\"width: 145px;height:145px;\">\n\t\t\t\t\t\t\t\t\t\t\n\t\t\t\t\t\t\t\t\t\t<div class=\"yuzo-img\" style=\"background:url('https:\/\/blogs.nabu.de\/trischen\/wp-content\/uploads\/sites\/7\/2017\/03\/schneeammer_web-150x150.jpg') 50% 50% no-repeat;width: 145px;height:145px;margin-bottom: 5px;background-size: cover; \"><\/div>\n\t\t\t\t\t\t\t\t\t  <\/div>\n\t\t\t\t\t\t\t\t\t  \n\t\t\t\t\t\t\t\t   <span class=\"yuzo__text--title\" style=\"font-size:14px;\">Winterg\u00e4ste Teil 1<\/span>\n\t\t\t\t\t\t\t  \n\t\t\t\t\t\t\t  \n\t\t\t\t\t\t\t  <\/a>\n\n\t\t\t\t\t\t  <\/div>\n\t\t\t\t\t\t  <div class=\"relatedthumb \" style=\"width:145px;float:left;overflow:hidden;\">  \n\t\t\t\t\t\t\t  \n\t\t\t\t\t\t\t  <a  href=\"https:\/\/blogs.nabu.de\/trischen\/tristes-watt-von-wegen\/\"  >\n\t\t\t\t\t\t\t\t\t  <div class=\"yuzo-img-wrap \" style=\"width: 145px;height:145px;\">\n\t\t\t\t\t\t\t\t\t\t\n\t\t\t\t\t\t\t\t\t\t<div class=\"yuzo-img\" style=\"background:url('https:\/\/blogs.nabu.de\/trischen\/wp-content\/uploads\/sites\/7\/2023\/09\/Watt-1-150x150.jpg') 50% 50% no-repeat;width: 145px;height:145px;margin-bottom: 5px;background-size: cover; \"><\/div>\n\t\t\t\t\t\t\t\t\t  <\/div>\n\t\t\t\t\t\t\t\t\t  \n\t\t\t\t\t\t\t\t   <span class=\"yuzo__text--title\" style=\"font-size:14px;\">Tristes Watt \u2013 von wegen!<\/span>\n\t\t\t\t\t\t\t  \n\t\t\t\t\t\t\t  \n\t\t\t\t\t\t\t  <\/a>\n\n\t\t\t\t\t\t  <\/div>\n\t\t\t\t\t\t  <div class=\"relatedthumb \" style=\"width:145px;float:left;overflow:hidden;\">  \n\t\t\t\t\t\t\t  \n\t\t\t\t\t\t\t  <a  href=\"https:\/\/blogs.nabu.de\/trischen\/die-erste-wespenspinne-der-saison\/\"  >\n\t\t\t\t\t\t\t\t\t  <div class=\"yuzo-img-wrap \" style=\"width: 145px;height:145px;\">\n\t\t\t\t\t\t\t\t\t\t\n\t\t\t\t\t\t\t\t\t\t<div class=\"yuzo-img\" style=\"background:url('https:\/\/blogs.nabu.de\/trischen\/wp-content\/uploads\/sites\/7\/2018\/08\/P8128323-150x150.jpg') 50% 50% no-repeat;width: 145px;height:145px;margin-bottom: 5px;background-size: cover; \"><\/div>\n\t\t\t\t\t\t\t\t\t  <\/div>\n\t\t\t\t\t\t\t\t\t  \n\t\t\t\t\t\t\t\t   <span class=\"yuzo__text--title\" style=\"font-size:14px;\">Die erste Wespenspinne der Saison<\/span>\n\t\t\t\t\t\t\t  \n\t\t\t\t\t\t\t  \n\t\t\t\t\t\t\t  <\/a>\n\n\t\t\t\t\t\t  <\/div>\n\t\t\t\t\t\t  <div class=\"relatedthumb \" style=\"width:145px;float:left;overflow:hidden;\">  \n\t\t\t\t\t\t\t  \n\t\t\t\t\t\t\t  <a  href=\"https:\/\/blogs.nabu.de\/trischen\/koeniglicher-besuch\/\"  >\n\t\t\t\t\t\t\t\t\t  <div class=\"yuzo-img-wrap \" style=\"width: 145px;height:145px;\">\n\t\t\t\t\t\t\t\t\t\t\n\t\t\t\t\t\t\t\t\t\t<div class=\"yuzo-img\" style=\"background:url('https:\/\/blogs.nabu.de\/trischen\/wp-content\/uploads\/sites\/7\/2018\/04\/P4120440-Andere-150x150.jpg') 50% 50% no-repeat;width: 145px;height:145px;margin-bottom: 5px;background-size: cover; \"><\/div>\n\t\t\t\t\t\t\t\t\t  <\/div>\n\t\t\t\t\t\t\t\t\t  \n\t\t\t\t\t\t\t\t   <span class=\"yuzo__text--title\" style=\"font-size:14px;\">K\u00f6niglicher Besuch<\/span>\n\t\t\t\t\t\t\t  \n\t\t\t\t\t\t\t  \n\t\t\t\t\t\t\t  <\/a>\n\n\t\t\t\t\t\t  <\/div>\n<\/div> <style>\n\t\t\t\t\t\t\t\t.yuzo_related_post img{width:155px !important; height:145px !important;}\n\t\t\t\t\t\t\t\t.yuzo_related_post .relatedthumb{line-height:16px;background: !important;color:!important;}\n\t\t\t\t\t\t\t\t.yuzo_related_post .relatedthumb:hover{background:#fcfcf4 !important; -webkit-transition: background 0.2s linear; -moz-transition: background 0.2s linear; -o-transition: background 0.2s linear; transition: background 0.2s linear;;color:!important;}\n\t\t\t\t\t\t\t\t.yuzo_related_post .relatedthumb a{color:!important;}\n\t\t\t\t\t\t\t\t.yuzo_related_post .relatedthumb a:hover{ color:}!important;}\n\t\t\t\t\t\t\t\t.yuzo_related_post .relatedthumb:hover a{ color:!important;}\n\t\t\t\t\t\t\t\t.yuzo_related_post .yuzo_text {color:!important;}\n\t\t\t\t\t\t\t\t.yuzo_related_post .relatedthumb:hover .yuzo_text {color:!important;}\n\t\t\t\t\t\t\t\t.yuzo_related_post .relatedthumb{  margin: 0px  0px  0px  0px;   padding: 5px  5px  5px  5px;  }\n\t\t\t\t\t\t\t\t\n\t\t\t\t\t\t\t\t<\/style> <script>\n\t\t\t\t\t\t  jQuery(document).ready(function( $ ){\n\t\t\t\t\t\t\t\/\/jQuery('.yuzo_related_post').equalizer({ overflow : 'relatedthumb' });\n\t\t\t\t\t\t\tjQuery('.yuzo_related_post .yuzo_wraps').equalizer({ columns : '> div' });\n\t\t\t\t\t\t   })\n\t\t\t\t\t\t  <\/script> <!-- End Yuzo :) -->","protected":false},"excerpt":{"rendered":"<p>Trischen \u2013 Perle im Nationalpark &nbsp; Trischen ist etwas ganz Besonderes und das aus vielen Gr\u00fcnden. Schon lange vor Nationalpark und Weltnaturerbe haben Menschen den Wert f\u00fcr die [&hellip;]<\/p>\n","protected":false},"author":50,"featured_media":0,"parent":0,"menu_order":0,"comment_status":"closed","ping_status":"closed","template":"","meta":{"jetpack_post_was_ever_published":false},"jetpack_shortlink":"https:\/\/wp.me\/P7gGqE-4Q","jetpack-related-posts":[{"id":1831,"url":"https:\/\/blogs.nabu.de\/trischen\/toremq\/","url_meta":{"origin":300,"position":0},"title":"Tore Mayland-Quellhorst (2017)","date":"18. Februar 2017","format":false,"excerpt":"Moin, es freut mich, dass Sie den Weg auf dieses Blog gefunden haben. Mein Name ist Tore Mayland-Quellhorst und f\u00fcr dieses Jahr bin ich der \u201eVogelwart\u201c von Trischen. Genau genommen lebe ich von M\u00e4rz bis Oktober auf der Insel, da das Wetter und die See im Rest des Jahres zu\u2026","rel":"","context":"\u00c4hnlicher Beitrag","img":{"alt_text":"","src":"https:\/\/i0.wp.com\/blogs.nabu.de\/trischen\/wp-content\/uploads\/sites\/7\/2017\/03\/toremq2_web-300x200.jpg?resize=350%2C200","width":350,"height":200},"classes":[]},{"id":7064,"url":"https:\/\/blogs.nabu.de\/trischen\/vogelwartin-2023\/","url_meta":{"origin":300,"position":1},"title":"Vogelwartin 2023","date":"24. Februar 2023","format":false,"excerpt":"Moin Moin und herzlich willkommen auf dem NABU Blog der Insel Trischen. Egal, ob sie zuf\u00e4llig hereingeschneit sind oder diesen Blog schon l\u00e4nger verfolgen, ich lade sie herzlich dazu ein, mich auf diesen Seiten in den kommenden Monaten bei meinen kleinen und gro\u00dfen Erlebnissen auf Trischen zu begleiten. F\u00fcr den\u2026","rel":"","context":"\u00c4hnlicher Beitrag","img":{"alt_text":"","src":"https:\/\/i0.wp.com\/blogs.nabu.de\/trischen\/wp-content\/uploads\/sites\/7\/2023\/03\/Bild_Melli2-225x300.jpg?resize=350%2C200&ssl=1","width":350,"height":200},"classes":[]},{"id":7582,"url":"https:\/\/blogs.nabu.de\/trischen\/vogelwart-2026\/","url_meta":{"origin":300,"position":2},"title":"Naturschutzwart 2026","date":"4. M\u00e4rz 2024","format":false,"excerpt":"Moin! Mein Name ist David Grupp und ich habe das gro\u00dfe Gl\u00fcck, 2026 als Naturschutzwart auf der Insel Trischen arbeiten zu d\u00fcrfen. Die M\u00f6glichkeit, an diesem besonderen Ort zu leben und t\u00e4tig zu sein, bedeutet f\u00fcr mich eine gro\u00dfe pers\u00f6nliche, aber auch fachliche Bereicherung. Meine Faszination f\u00fcr das Wattenmeer und\u2026","rel":"","context":"\u00c4hnlicher Beitrag","img":{"alt_text":"","src":"https:\/\/i0.wp.com\/blogs.nabu.de\/trischen\/wp-content\/uploads\/sites\/7\/2026\/03\/1-e1774958864922-257x300.jpg?resize=350%2C200&ssl=1","width":350,"height":200},"classes":[]},{"id":8032,"url":"https:\/\/blogs.nabu.de\/trischen\/naturschutzwart-2026\/","url_meta":{"origin":300,"position":3},"title":"Naturschutzwart 2026","date":"18. Juni 2025","format":false,"excerpt":"\u00a0 Moin! Mein Name ist David und ich habe das gro\u00dfe Gl\u00fcck, 2026 als Naturschutzwart auf der Insel Trischen arbeiten zu d\u00fcrfen. Die M\u00f6glichkeit, an diesem besonderen Ort zu leben und t\u00e4tig zu sein, bedeutet f\u00fcr mich eine gro\u00dfe pers\u00f6nliche, aber auch fachliche Bereicherung. Meine Faszination f\u00fcr das Wattenmeer und\u2026","rel":"","context":"\u00c4hnlicher Beitrag","img":{"alt_text":"","src":"https:\/\/i0.wp.com\/blogs.nabu.de\/trischen\/wp-content\/uploads\/sites\/7\/2026\/03\/1-e1774958864922-257x300.jpg?resize=350%2C200&ssl=1","width":350,"height":200},"classes":[]},{"id":2898,"url":"https:\/\/blogs.nabu.de\/trischen\/jonaskotlarz\/","url_meta":{"origin":300,"position":4},"title":"Jonas Kotlarz (2018)","date":"14. Februar 2018","format":false,"excerpt":"Moin, herzlich willkommen auf diesem Blog, ich freue mich \u00fcber Ihren Besuch. Mein Name ist Jonas Kotlarz und in diesem Jahr habe ich die gro\u00dfe Ehre, als NABU-Vogelwart die Saison von M\u00e4rz bis Oktober auf der Insel Trischen verbringen zu d\u00fcrfen. An dem Leben unter V\u00f6geln und im Rhythmus der\u2026","rel":"","context":"\u00c4hnlicher Beitrag","img":{"alt_text":"","src":"https:\/\/i0.wp.com\/blogs.nabu.de\/trischen\/wp-content\/uploads\/sites\/7\/2018\/02\/JonasKotlarz_Vogelwart2018-300x200.jpg?resize=350%2C200","width":350,"height":200},"classes":[]},{"id":5631,"url":"https:\/\/blogs.nabu.de\/trischen\/vogelwartin-2021\/","url_meta":{"origin":300,"position":5},"title":"Vogelwartin 2021","date":"12. M\u00e4rz 2020","format":false,"excerpt":"Moin, und herzlich Willkommen auf dem NABU-blog der Insel Trischen \u2013 sch\u00f6n, dass sie hier vorbeischauen! Mein Name ist Anne Evers und f\u00fcr die Saison 2021 bin ich Vogelwartin auf der Insel Trischen. Trischen liegt in der Schutzzone 1 des Nationalparks Schleswig-Holsteinisches Wattenmeer und darf somit nur von sehr wenigen\u2026","rel":"","context":"\u00c4hnlicher Beitrag","img":{"alt_text":"","src":"","width":0,"height":0},"classes":[]}],"jetpack_sharing_enabled":true,"_links":{"self":[{"href":"https:\/\/blogs.nabu.de\/trischen\/wp-json\/wp\/v2\/pages\/300"}],"collection":[{"href":"https:\/\/blogs.nabu.de\/trischen\/wp-json\/wp\/v2\/pages"}],"about":[{"href":"https:\/\/blogs.nabu.de\/trischen\/wp-json\/wp\/v2\/types\/page"}],"author":[{"embeddable":true,"href":"https:\/\/blogs.nabu.de\/trischen\/wp-json\/wp\/v2\/users\/50"}],"replies":[{"embeddable":true,"href":"https:\/\/blogs.nabu.de\/trischen\/wp-json\/wp\/v2\/comments?post=300"}],"version-history":[{"count":7,"href":"https:\/\/blogs.nabu.de\/trischen\/wp-json\/wp\/v2\/pages\/300\/revisions"}],"predecessor-version":[{"id":5856,"href":"https:\/\/blogs.nabu.de\/trischen\/wp-json\/wp\/v2\/pages\/300\/revisions\/5856"}],"wp:attachment":[{"href":"https:\/\/blogs.nabu.de\/trischen\/wp-json\/wp\/v2\/media?parent=300"}],"curies":[{"name":"wp","href":"https:\/\/api.w.org\/{rel}","templated":true}]}}