{"id":2918,"date":"2018-02-15T12:48:03","date_gmt":"2018-02-15T11:48:03","guid":{"rendered":"http:\/\/blogs.nabu.de\/trischen\/?page_id=2918"},"modified":"2018-02-15T13:02:59","modified_gmt":"2018-02-15T12:02:59","slug":"brutvogeldaten-2017","status":"publish","type":"page","link":"https:\/\/blogs.nabu.de\/trischen\/brutvoegel\/brutvogeldaten-2017\/","title":{"rendered":"Brutvogeldaten 2017"},"content":{"rendered":"<h1>Brutv\u00f6gel 2017<\/h1>\n<p>Im Jahr 2017 br\u00fcteten 23 Vogelarten auf Trischen. In der folgenden Tabelle sind die Brutpaarzahlen der vergangenen vier Jahre aufgelistet.<\/p>\n<table style=\"background-color: #eeeeee;border-spacing: 10px 0px;width: 350px\">\n<thead>\n<tr style=\"background-color: #dddddd\">\n<th><strong>Art<\/strong><\/th>\n<th style=\"text-align: right\"><strong>2014<\/strong><\/th>\n<th style=\"text-align: right\"><strong>2015<\/strong><\/th>\n<th style=\"text-align: right\"><strong>2016<\/strong><\/th>\n<th style=\"text-align: right\"><strong>2017<\/strong><\/th>\n<\/tr>\n<\/thead>\n<tbody>\n<tr>\n<td>Kormoran<\/td>\n<td style=\"text-align: right\">458<\/td>\n<td style=\"text-align: right\">317<\/td>\n<td style=\"text-align: right\">299<\/td>\n<td style=\"text-align: right\">303<\/td>\n<\/tr>\n<tr>\n<td>L\u00f6ffler<\/td>\n<td style=\"text-align: right\">101<\/td>\n<td style=\"text-align: right\">116<\/td>\n<td style=\"text-align: right\">127<\/td>\n<td style=\"text-align: right\">151<\/td>\n<\/tr>\n<tr>\n<td>Wei\u00dfwangengans<\/td>\n<td style=\"text-align: right\">23<\/td>\n<td style=\"text-align: right\">34<\/td>\n<td style=\"text-align: right\">39<\/td>\n<td style=\"text-align: right\">41<\/td>\n<\/tr>\n<tr>\n<td>Graugans<\/td>\n<td style=\"text-align: right\">4<\/td>\n<td style=\"text-align: right\">3<\/td>\n<td style=\"text-align: right\">3<\/td>\n<td style=\"text-align: right\">4<\/td>\n<\/tr>\n<tr>\n<td>Brandgans<\/td>\n<td style=\"text-align: right\">71<\/td>\n<td style=\"text-align: right\">77<\/td>\n<td style=\"text-align: right\">50<\/td>\n<td style=\"text-align: right\">74<\/td>\n<\/tr>\n<tr>\n<td>Stockente<\/td>\n<td style=\"text-align: right\">20<\/td>\n<td style=\"text-align: right\">14<\/td>\n<td style=\"text-align: right\">7<\/td>\n<td style=\"text-align: right\">9<\/td>\n<\/tr>\n<tr>\n<td>Wanderfalke<\/td>\n<td style=\"text-align: right\">1<\/td>\n<td style=\"text-align: right\">1<\/td>\n<td style=\"text-align: right\">1<\/td>\n<td style=\"text-align: right\">1<\/td>\n<\/tr>\n<tr>\n<td>Austernfischer<\/td>\n<td style=\"text-align: right\">94<\/td>\n<td style=\"text-align: right\">90<\/td>\n<td style=\"text-align: right\">85<\/td>\n<td style=\"text-align: right\">136<\/td>\n<\/tr>\n<tr>\n<td>Sandregenpfeifer<\/td>\n<td style=\"text-align: right\">2<\/td>\n<td style=\"text-align: right\">2<\/td>\n<td style=\"text-align: right\">3<\/td>\n<td style=\"text-align: right\">4<\/td>\n<\/tr>\n<tr>\n<td>Rotschenkel<\/td>\n<td style=\"text-align: right\">64<\/td>\n<td style=\"text-align: right\">55<\/td>\n<td style=\"text-align: right\">77<\/td>\n<td style=\"text-align: right\">97<\/td>\n<\/tr>\n<tr>\n<td>Lachm\u00f6we<\/td>\n<td style=\"text-align: right\">120<\/td>\n<td style=\"text-align: right\">98<\/td>\n<td style=\"text-align: right\">79<\/td>\n<td style=\"text-align: right\">255<\/td>\n<\/tr>\n<tr>\n<td>Schwarzkopfm\u00f6we<\/td>\n<td style=\"text-align: right\">0<\/td>\n<td style=\"text-align: right\">0<\/td>\n<td style=\"text-align: right\">1<\/td>\n<td style=\"text-align: right\">1<\/td>\n<\/tr>\n<tr>\n<td>Sturmm\u00f6we<\/td>\n<td style=\"text-align: right\">42<\/td>\n<td style=\"text-align: right\">36<\/td>\n<td style=\"text-align: right\">40<\/td>\n<td style=\"text-align: right\">40<\/td>\n<\/tr>\n<tr>\n<td>Heringsm\u00f6we<\/td>\n<td style=\"text-align: right\">1.932<\/td>\n<td style=\"text-align: right\">931<\/td>\n<td style=\"text-align: right\">1.440<\/td>\n<td style=\"text-align: right\">1.299<\/td>\n<\/tr>\n<tr>\n<td>Silberm\u00f6we<\/td>\n<td style=\"text-align: right\">2.464<\/td>\n<td style=\"text-align: right\">1.169<\/td>\n<td style=\"text-align: right\">1.797<\/td>\n<td style=\"text-align: right\">1.735<\/td>\n<\/tr>\n<tr>\n<td>Mantelm\u00f6we<\/td>\n<td style=\"text-align: right\">5<\/td>\n<td style=\"text-align: right\">2<\/td>\n<td style=\"text-align: right\">2<\/td>\n<td style=\"text-align: right\">6<\/td>\n<\/tr>\n<tr>\n<td>Brandseeschwalbe<\/td>\n<td style=\"text-align: right\">0<\/td>\n<td style=\"text-align: right\">0<\/td>\n<td style=\"text-align: right\">1<\/td>\n<td style=\"text-align: right\">1<\/td>\n<\/tr>\n<tr>\n<td>Flussseeschwalbe<\/td>\n<td style=\"text-align: right\">177<\/td>\n<td style=\"text-align: right\">132<\/td>\n<td style=\"text-align: right\">243<\/td>\n<td style=\"text-align: right\">303<\/td>\n<\/tr>\n<tr>\n<td>K\u00fcstenseeschwalbe<\/td>\n<td style=\"text-align: right\">10<\/td>\n<td style=\"text-align: right\">7<\/td>\n<td style=\"text-align: right\">84<\/td>\n<td style=\"text-align: right\">13<\/td>\n<\/tr>\n<tr>\n<td>Zwergseeschwalbe<\/td>\n<td style=\"text-align: right\">24<\/td>\n<td style=\"text-align: right\">7<\/td>\n<td style=\"text-align: right\">29<\/td>\n<td style=\"text-align: right\">35<\/td>\n<\/tr>\n<tr>\n<td>Feldlerche<\/td>\n<td style=\"text-align: right\">8<\/td>\n<td style=\"text-align: right\">9<\/td>\n<td style=\"text-align: right\">11<\/td>\n<td style=\"text-align: right\">32<\/td>\n<\/tr>\n<tr>\n<td>Bachstelze<\/td>\n<td style=\"text-align: right\">2<\/td>\n<td style=\"text-align: right\">2<\/td>\n<td style=\"text-align: right\">2<\/td>\n<td style=\"text-align: right\">3<\/td>\n<\/tr>\n<tr>\n<td>Wiesenpieper<\/td>\n<td style=\"text-align: right\">24<\/td>\n<td style=\"text-align: right\">25<\/td>\n<td style=\"text-align: right\">34<\/td>\n<td style=\"text-align: right\">44<\/td>\n<\/tr>\n<\/tbody>\n<\/table>\n<h4><\/h4>\n<h4>\u00a0M\u00f6wen<\/h4>\n<p>Silber- und Heringsm\u00f6wen waren weiterhin die mit Abstand h\u00e4ufigsten Brutvogelarten mit zusammen gut 3.000 Paaren. Der Brutbestand der Sturmm\u00f6we blieb weitgehend konstant, ebenso bei den Mantelm\u00f6wen. Eine Bestandszunahme war bei den Lachm\u00f6wen zu verzeichnen, die nun wieder in einer gr\u00f6\u00dferen Kolonie mit 255 Paaren im Osten der Insel br\u00fcteten. Leider w\u00e4hlten sie ihren Koloniestandort recht tief, so dass die Gelege im Juni h\u00e4ufig \u00fcbersp\u00fclt wurden und sie keinen Bruterfolg hatten.<\/p>\n<h4>Seeschwalben<\/h4>\n<p>Vor allem Fluss- und Zwergseeschwalben br\u00fcteten erfreulich zahlreich auf Trischen. Ebenso konnte wie 2016 wieder ein Brandseeschwalben-Brutpaar festgestellt werden. Die hohen Hochwasser und der ergiebige Niederschlag im Juni machten den Bruterfolg jedoch leider zunichte.<\/p>\n<h4>Watv\u00f6gel<\/h4>\n<p>Auch Austernfischer, Rotschenkel und Sandregenpfeifer br\u00fcteten wieder zahlreicher als in den vergangenen Jahren auf Trischen, Rotschenkel und Austernfischer in der Salzwiese, Sandregenpfeifer am Strand. Auch ihnen machte das schlechte Wetter zu schaffen. Nachdem den Sandregenpfeifern mehrere Gelege fortgeschwommen waren, wurden aber immerhin noch f\u00fcnf Jungv\u00f6gel fl\u00fcgge.<\/p>\n<h4>G\u00e4nsev\u00f6gel<\/h4>\n<p>Die Erfolgsgeschichte der Wei\u00dfwangeng\u00e4nse auf Trischen ging 2017 unvermindert weiter. Mindestens 41 Brutpaare br\u00fcteten vor allem im Norden der Insel. Ebenfalls br\u00fcteten wieder vier Graugans-Paare auf Trischen. Der Bestand der Brandg\u00e4nse blieb relativ konstant.<\/p>\n<h4>L\u00f6ffler und Kormoran<\/h4>\n<p>Auch bei den L\u00f6fflern setzte sich die Bestandszunahme unver\u00e4ndert fort, 2017 waren es 151 Brutpaare. Bei den Kormoranen scheint sich die Bestandabnahme der vergangenen Jahre dagegen abzuschw\u00e4chen.<\/p>\n<h4>Singv\u00f6gel<\/h4>\n<p>Bei Feldlerchen und Wiesenpieper zeichnete sich ebenfalls eine deutliche Bestandszunahme ab. 2017 wurden 32 Feldlerchen- und 44 Wiesenpieper-Brutpaare gez\u00e4hlt. Bachstelzen br\u00fcteten mit drei Paaren auf Trischen.<\/p>\n<!-- Begin Yuzo --><div class='yuzo_related_post style-1'  data-version='5.12.74'><!-- without result --><div class='yuzo_clearfixed yuzo__title yuzo__title'><h3>Related Post<\/h3><\/div>\n\t\t\t\t\t\t  <div class=\"relatedthumb \" style=\"width:145px;float:left;overflow:hidden;\">  \n\t\t\t\t\t\t\t  \n\t\t\t\t\t\t\t  <a  href=\"https:\/\/blogs.nabu.de\/trischen\/ungebetene-gaeste-teil-2\/\"  >\n\t\t\t\t\t\t\t\t\t  <div class=\"yuzo-img-wrap \" style=\"width: 145px;height:145px;\">\n\t\t\t\t\t\t\t\t\t\t\n\t\t\t\t\t\t\t\t\t\t<div class=\"yuzo-img\" style=\"background:url('https:\/\/blogs.nabu.de\/trischen\/wp-content\/uploads\/sites\/7\/2024\/05\/IMG_9983-150x150.jpg') 50% 50% no-repeat;width: 145px;height:145px;margin-bottom: 5px;background-size: cover; \"><\/div>\n\t\t\t\t\t\t\t\t\t  <\/div>\n\t\t\t\t\t\t\t\t\t  \n\t\t\t\t\t\t\t\t   <span class=\"yuzo__text--title\" style=\"font-size:14px;\">Ungebetene G\u00e4ste Teil 2<\/span>\n\t\t\t\t\t\t\t  \n\t\t\t\t\t\t\t  \n\t\t\t\t\t\t\t  <\/a>\n\n\t\t\t\t\t\t  <\/div>\n\t\t\t\t\t\t  <div class=\"relatedthumb \" style=\"width:145px;float:left;overflow:hidden;\">  \n\t\t\t\t\t\t\t  \n\t\t\t\t\t\t\t  <a  href=\"https:\/\/blogs.nabu.de\/trischen\/ein-unerwarteter-gast\/\"  >\n\t\t\t\t\t\t\t\t\t  <div class=\"yuzo-img-wrap \" style=\"width: 145px;height:145px;\">\n\t\t\t\t\t\t\t\t\t\t\n\t\t\t\t\t\t\t\t\t\t<div class=\"yuzo-img\" style=\"background:url('https:\/\/blogs.nabu.de\/trischen\/wp-content\/uploads\/sites\/7\/2025\/06\/photo_2025-06-25_12-38-24-150x150.jpg') 50% 50% no-repeat;width: 145px;height:145px;margin-bottom: 5px;background-size: cover; \"><\/div>\n\t\t\t\t\t\t\t\t\t  <\/div>\n\t\t\t\t\t\t\t\t\t  \n\t\t\t\t\t\t\t\t   <span class=\"yuzo__text--title\" style=\"font-size:14px;\">Ein unerwarteter Gast<\/span>\n\t\t\t\t\t\t\t  \n\t\t\t\t\t\t\t  \n\t\t\t\t\t\t\t  <\/a>\n\n\t\t\t\t\t\t  <\/div>\n\t\t\t\t\t\t  <div class=\"relatedthumb \" style=\"width:145px;float:left;overflow:hidden;\">  \n\t\t\t\t\t\t\t  \n\t\t\t\t\t\t\t  <a  href=\"https:\/\/blogs.nabu.de\/trischen\/unter-moewen-die-homestory-i\/\"  >\n\t\t\t\t\t\t\t\t\t  <div class=\"yuzo-img-wrap \" style=\"width: 145px;height:145px;\">\n\t\t\t\t\t\t\t\t\t\t\n\t\t\t\t\t\t\t\t\t\t<div class=\"yuzo-img\" style=\"background:url('https:\/\/blogs.nabu.de\/trischen\/wp-content\/plugins\/yuzo-related-post\/assets\/images\/default.png') 50% 50% no-repeat;width: 145px;height:145px;margin-bottom: 5px;background-size: cover; \"><\/div>\n\t\t\t\t\t\t\t\t\t  <\/div>\n\t\t\t\t\t\t\t\t\t  \n\t\t\t\t\t\t\t\t   <span class=\"yuzo__text--title\" style=\"font-size:14px;\">Unter M\u00f6wen \u2013 Die Homestory I<\/span>\n\t\t\t\t\t\t\t  \n\t\t\t\t\t\t\t  \n\t\t\t\t\t\t\t  <\/a>\n\n\t\t\t\t\t\t  <\/div>\n\t\t\t\t\t\t  <div class=\"relatedthumb \" style=\"width:145px;float:left;overflow:hidden;\">  \n\t\t\t\t\t\t\t  \n\t\t\t\t\t\t\t  <a  href=\"https:\/\/blogs.nabu.de\/trischen\/herbst-und-regenwetter-auf-der-vogelinsel\/\"  >\n\t\t\t\t\t\t\t\t\t  <div class=\"yuzo-img-wrap \" style=\"width: 145px;height:145px;\">\n\t\t\t\t\t\t\t\t\t\t\n\t\t\t\t\t\t\t\t\t\t<div class=\"yuzo-img\" style=\"background:url('https:\/\/blogs.nabu.de\/trischen\/wp-content\/uploads\/sites\/7\/2016\/02\/DSC07257-150x150.jpg') 50% 50% no-repeat;width: 145px;height:145px;margin-bottom: 5px;background-size: cover; \"><\/div>\n\t\t\t\t\t\t\t\t\t  <\/div>\n\t\t\t\t\t\t\t\t\t  \n\t\t\t\t\t\t\t\t   <span class=\"yuzo__text--title\" style=\"font-size:14px;\">Herbst- und Regenwetter auf der Vogelinsel<\/span>\n\t\t\t\t\t\t\t  \n\t\t\t\t\t\t\t  \n\t\t\t\t\t\t\t  <\/a>\n\n\t\t\t\t\t\t  <\/div>\n<\/div> <style>\n\t\t\t\t\t\t\t\t.yuzo_related_post img{width:155px !important; height:145px !important;}\n\t\t\t\t\t\t\t\t.yuzo_related_post .relatedthumb{line-height:16px;background: !important;color:!important;}\n\t\t\t\t\t\t\t\t.yuzo_related_post .relatedthumb:hover{background:#fcfcf4 !important; -webkit-transition: background 0.2s linear; -moz-transition: background 0.2s linear; -o-transition: background 0.2s linear; transition: background 0.2s linear;;color:!important;}\n\t\t\t\t\t\t\t\t.yuzo_related_post .relatedthumb a{color:!important;}\n\t\t\t\t\t\t\t\t.yuzo_related_post .relatedthumb a:hover{ color:}!important;}\n\t\t\t\t\t\t\t\t.yuzo_related_post .relatedthumb:hover a{ color:!important;}\n\t\t\t\t\t\t\t\t.yuzo_related_post .yuzo_text {color:!important;}\n\t\t\t\t\t\t\t\t.yuzo_related_post .relatedthumb:hover .yuzo_text {color:!important;}\n\t\t\t\t\t\t\t\t.yuzo_related_post .relatedthumb{  margin: 0px  0px  0px  0px;   padding: 5px  5px  5px  5px;  }\n\t\t\t\t\t\t\t\t\n\t\t\t\t\t\t\t\t<\/style> <script>\n\t\t\t\t\t\t  jQuery(document).ready(function( $ ){\n\t\t\t\t\t\t\t\/\/jQuery('.yuzo_related_post').equalizer({ overflow : 'relatedthumb' });\n\t\t\t\t\t\t\tjQuery('.yuzo_related_post .yuzo_wraps').equalizer({ columns : '> div' });\n\t\t\t\t\t\t   })\n\t\t\t\t\t\t  <\/script> <!-- End Yuzo :) -->","protected":false},"excerpt":{"rendered":"<p>Brutv\u00f6gel 2017 Im Jahr 2017 br\u00fcteten 23 Vogelarten auf Trischen. In der folgenden Tabelle sind die Brutpaarzahlen der vergangenen vier Jahre aufgelistet. Art 2014 2015 2016 2017 Kormoran [&hellip;]<\/p>\n","protected":false},"author":64,"featured_media":0,"parent":1892,"menu_order":0,"comment_status":"closed","ping_status":"closed","template":"","meta":{"jetpack_post_was_ever_published":false},"jetpack_shortlink":"https:\/\/wp.me\/P7gGqE-L4","jetpack-related-posts":[{"id":4378,"url":"https:\/\/blogs.nabu.de\/trischen\/brutvoegel\/brutvoegel-2021\/","url_meta":{"origin":2918,"position":0},"title":"Brutv\u00f6gel 2021","date":"6. November 2018","format":false,"excerpt":"Brutv\u00f6gel 2021 In der folgenden Tabelle sind die Brutpaarzahlen der vergangenen acht Jahre aufgelistet. Im Jahr 2021 br\u00fcteten mindestens 23 Vogelarten auf Trischen - die Rauchschwalbe, welche mit einem Brutpaar auf Trischen br\u00fctete, ist nicht in der Tabelle aufgelistet. \u00a0 Art 2014 2015 2016 2017 2018 2019 2020 2021 Kormoran\u2026","rel":"","context":"\u00c4hnlicher Beitrag","img":{"alt_text":"","src":"","width":0,"height":0},"classes":[]},{"id":1778,"url":"https:\/\/blogs.nabu.de\/trischen\/archiv\/","url_meta":{"origin":2918,"position":1},"title":"Archiv","date":"6. Februar 2017","format":false,"excerpt":"Ehemalige Vogelwarte Melanie Theel (2023) Till Holsten (2022) Anne Evers (2020 \/ 2021) Anne de Walmont (2019) Jonas (2018) Tore (2017) Marco (2016) Christin (2015) Vogelartenlisten Artenliste Brutv\u00f6gel Brutvogeldaten 2018 Brutvogeldaten 2017 Brutvogeldaten 2016 Blogbeitr\u00e4ge 2018 2017 2016 Beobachtungsliste seit 2017 2016 Strandfunde seit 2017 2016 Trischen in Bildern 2020\u2026","rel":"","context":"\u00c4hnlicher Beitrag","img":{"alt_text":"","src":"","width":0,"height":0},"classes":[]},{"id":1892,"url":"https:\/\/blogs.nabu.de\/trischen\/brutvoegel\/","url_meta":{"origin":2918,"position":2},"title":"Brutv\u00f6gel","date":"8. M\u00e4rz 2017","format":false,"excerpt":"Brutv\u00f6gel Auf Trischen br\u00fcten in der Regel 20 bis 28 verschiedene Vogelarten. Den Gro\u00dfteil davon bilden Silber- und Heringsm\u00f6wen mit jeweils ein paar Tausend Brutpaaren, gefolgt von einigen Hundert Lachm\u00f6wen und Flussseeschwalben. Die Salzwiesen werden insbesondere bev\u00f6lkert von den ewig trillernden Rotschenkeln und Austernfischern sowie Wiesenpiepern. Am Strand br\u00fcten Sandregenpfeifer\u2026","rel":"","context":"\u00c4hnlicher Beitrag","img":{"alt_text":"","src":"https:\/\/i0.wp.com\/blogs.nabu.de\/trischen\/wp-content\/uploads\/sites\/7\/2016\/02\/Silberm\u00f6wen.jpg?resize=350%2C200","width":350,"height":200},"classes":[]},{"id":897,"url":"https:\/\/blogs.nabu.de\/trischen\/brutvoegel\/brutvogeldaten-2016\/","url_meta":{"origin":2918,"position":3},"title":"Brutvogeldaten 2016","date":"4. Juli 2016","format":false,"excerpt":"Auf dieser Seite sind die Brutvogeldaten des Jahres 2016 f\u00fcr Sie aufbereitet und zur Verf\u00fcgung gestellt. F\u00fcr jede der Arten, die in den letzten Jahren regelm\u00e4\u00dfig auf Trischen br\u00fcteteten, ist eine Grafik mit der Bestandsentwicklung der letzten 16 Jahren angef\u00fchrt. Zudem gibt die Tabelle exakte Zahlen f\u00fcr die letzen vier\u2026","rel":"","context":"\u00c4hnlicher Beitrag","img":{"alt_text":"","src":"https:\/\/i0.wp.com\/blogs.nabu.de\/trischen\/wp-content\/uploads\/sites\/7\/2016\/07\/Sturmm\u00f6we-300x225.jpg?resize=350%2C200&ssl=1","width":350,"height":200},"classes":[]},{"id":1831,"url":"https:\/\/blogs.nabu.de\/trischen\/toremq\/","url_meta":{"origin":2918,"position":4},"title":"Tore Mayland-Quellhorst (2017)","date":"18. Februar 2017","format":false,"excerpt":"Moin, es freut mich, dass Sie den Weg auf dieses Blog gefunden haben. Mein Name ist Tore Mayland-Quellhorst und f\u00fcr dieses Jahr bin ich der \u201eVogelwart\u201c von Trischen. Genau genommen lebe ich von M\u00e4rz bis Oktober auf der Insel, da das Wetter und die See im Rest des Jahres zu\u2026","rel":"","context":"\u00c4hnlicher Beitrag","img":{"alt_text":"","src":"https:\/\/i0.wp.com\/blogs.nabu.de\/trischen\/wp-content\/uploads\/sites\/7\/2017\/03\/toremq2_web-300x200.jpg?resize=350%2C200","width":350,"height":200},"classes":[]},{"id":138,"url":"https:\/\/blogs.nabu.de\/trischen\/marcovieregge\/","url_meta":{"origin":2918,"position":5},"title":"Marco Vieregge (2016)","date":"3. M\u00e4rz 2016","format":false,"excerpt":"Moin, Ich bin Marco Maier (weil ich geheiratet habe, hei\u00dfe ich seit Okt. 2016 Marco Vieregge) und betreue Trischen in der Saison 2016 als Vogelwart. Daf\u00fcr lebe ich von M\u00e4rz bis Oktober in einer kleinen H\u00fctte auf der Insel. Mit diesem Blog versuche ich, Sie durch Bilder und Beitr\u00e4ge auf\u2026","rel":"","context":"\u00c4hnlicher Beitrag","img":{"alt_text":"","src":"https:\/\/i0.wp.com\/blogs.nabu.de\/trischen\/wp-content\/uploads\/sites\/7\/2016\/03\/DSC08040-Kopie-225x300.jpg?resize=350%2C200","width":350,"height":200},"classes":[]}],"jetpack_sharing_enabled":true,"_links":{"self":[{"href":"https:\/\/blogs.nabu.de\/trischen\/wp-json\/wp\/v2\/pages\/2918"}],"collection":[{"href":"https:\/\/blogs.nabu.de\/trischen\/wp-json\/wp\/v2\/pages"}],"about":[{"href":"https:\/\/blogs.nabu.de\/trischen\/wp-json\/wp\/v2\/types\/page"}],"author":[{"embeddable":true,"href":"https:\/\/blogs.nabu.de\/trischen\/wp-json\/wp\/v2\/users\/64"}],"replies":[{"embeddable":true,"href":"https:\/\/blogs.nabu.de\/trischen\/wp-json\/wp\/v2\/comments?post=2918"}],"version-history":[{"count":35,"href":"https:\/\/blogs.nabu.de\/trischen\/wp-json\/wp\/v2\/pages\/2918\/revisions"}],"predecessor-version":[{"id":2963,"href":"https:\/\/blogs.nabu.de\/trischen\/wp-json\/wp\/v2\/pages\/2918\/revisions\/2963"}],"up":[{"embeddable":true,"href":"https:\/\/blogs.nabu.de\/trischen\/wp-json\/wp\/v2\/pages\/1892"}],"wp:attachment":[{"href":"https:\/\/blogs.nabu.de\/trischen\/wp-json\/wp\/v2\/media?parent=2918"}],"curies":[{"name":"wp","href":"https:\/\/api.w.org\/{rel}","templated":true}]}}