{"id":2898,"date":"2018-02-14T14:44:40","date_gmt":"2018-02-14T13:44:40","guid":{"rendered":"http:\/\/blogs.nabu.de\/trischen\/?page_id=2898"},"modified":"2018-03-05T11:38:19","modified_gmt":"2018-03-05T10:38:19","slug":"jonaskotlarz","status":"publish","type":"page","link":"https:\/\/blogs.nabu.de\/trischen\/jonaskotlarz\/","title":{"rendered":"Jonas Kotlarz (2018)"},"content":{"rendered":"<div id=\"attachment_2931\" style=\"width: 310px\" class=\"wp-caption alignright\"><img aria-describedby=\"caption-attachment-2931\" data-attachment-id=\"2931\" data-permalink=\"https:\/\/blogs.nabu.de\/trischen\/jonaskotlarz\/jonaskotlarz_vogelwart2018\/\" data-orig-file=\"https:\/\/blogs.nabu.de\/trischen\/wp-content\/uploads\/sites\/7\/2018\/02\/JonasKotlarz_Vogelwart2018.jpg\" data-orig-size=\"800,533\" data-comments-opened=\"0\" data-image-meta=\"{&quot;aperture&quot;:&quot;7.1&quot;,&quot;credit&quot;:&quot;Jonas Kotlarz&quot;,&quot;camera&quot;:&quot;Canon EOS 70D&quot;,&quot;caption&quot;:&quot;&quot;,&quot;created_timestamp&quot;:&quot;1517662802&quot;,&quot;copyright&quot;:&quot;&quot;,&quot;focal_length&quot;:&quot;115&quot;,&quot;iso&quot;:&quot;640&quot;,&quot;shutter_speed&quot;:&quot;0.00125&quot;,&quot;title&quot;:&quot;&quot;,&quot;orientation&quot;:&quot;1&quot;}\" data-image-title=\"Jonas Kotlarz &#8211; Vogelwart auf Trischen 2018 (Foto: Jonas Kotlarz).\" data-image-description=\"\" data-image-caption=\"&lt;p&gt;Jonas Kotlarz &#8211; Vogelwart auf Trischen 2018 (Foto: Jonas Kotlarz).&lt;\/p&gt;\n\" data-medium-file=\"https:\/\/blogs.nabu.de\/trischen\/wp-content\/uploads\/sites\/7\/2018\/02\/JonasKotlarz_Vogelwart2018-300x200.jpg\" data-large-file=\"https:\/\/blogs.nabu.de\/trischen\/wp-content\/uploads\/sites\/7\/2018\/02\/JonasKotlarz_Vogelwart2018.jpg\" decoding=\"async\" loading=\"lazy\" class=\"size-medium wp-image-2931\" src=\"http:\/\/blogs.nabu.de\/trischen\/wp-content\/uploads\/sites\/7\/2018\/02\/JonasKotlarz_Vogelwart2018-300x200.jpg\" alt=\"\" width=\"300\" height=\"200\" \/><p id=\"caption-attachment-2931\" class=\"wp-caption-text\">Jonas Kotlarz &#8211; Vogelwart auf Trischen 2018 (Foto: Jonas Kotlarz).<\/p><\/div>\n<p><strong>Moin,<\/strong><\/p>\n<p>herzlich willkommen auf diesem Blog, ich freue mich \u00fcber Ihren Besuch.<\/p>\n<p>Mein Name ist Jonas Kotlarz und in diesem Jahr habe ich die gro\u00dfe Ehre, als NABU-Vogelwart die Saison von M\u00e4rz bis Oktober auf der Insel Trischen verbringen zu d\u00fcrfen.<\/p>\n<p>An dem Leben unter V\u00f6geln und im Rhythmus der Gezeiten m\u00f6chte ich Sie auf diesen Seiten teilhaben lassen. Dazu sende ich \u00fcber einen Internet-Stick regelm\u00e4\u00dfig Beitr\u00e4ge und Bilder aus der kleinen Holzh\u00fctte auf Stelzen in die Welt hinaus. Sie finden sie in den Rubriken \u201eSchaufenster\u201c, \u201eBeobachtungen\u201c, \u201eStrandfunde\u201c und \u201eTrischen in Bildern\u201c. \u00dcber ihre virtuellen Besuche sowie Anmerkungen, Erfahrungen und Geschichten im G\u00e4stebuch freue ich mich sehr.<\/p>\n<p>Schon als Kind habe ich meine Leidenschaft f\u00fcr die Natur und ihren Schutz entdeckt. Besonders die V\u00f6gel haben mich in ihren Bann gezogen. Seither verbringe ich viel Zeit damit, sie zu beobachten, zu fotografieren und zu dokumentieren. Immer wieder zog es mich daf\u00fcr l\u00e4ngere oder k\u00fcrzere Zeit an die K\u00fcste der Nordsee, ins Wattenmeer, auf die Inseln und Halligen. Mein Traum, einmal eine l\u00e4ngere Zeit als Vogelwart im Weltnaturerbe Wattenmeer auf einer einsamen Insel in der Schutzzone I des Nationalparks zu arbeiten, die sonst nur sehr wenige Menschen betreten d\u00fcrfen, geht nun endlich in Erf\u00fcllung.<\/p>\n<p>Nach meinem Studium der Landschafts\u00f6kologie an der Universit\u00e4t Greifswald nehme ich jetzt die Herausforderung an, fernab der gewohnten Zivilisation auf Trischen meine Leidenschaft zum Beruf zu machen.<\/p>\n<p>Hier werde ich nun meinen Aufgaben als Vogelwart nachgehen und die Insel sowie ihre Bewohner beobachten und dokumentieren. Vor allem erfasse ich Brut-, Rast-, und Zugv\u00f6gel, beobachte Meeress\u00e4uger, z\u00e4hle kleine Watt-Tierchen, kartiere Pflanzen und untersuche die Dynamik der Insel. Auch das Wetter und menschliche Einfl\u00fcsse wie der Schiffsverkehr oder St\u00f6rungen werden von mir notiert.<\/p>\n<p>Axel Rohwedder, wird w\u00e4hrend der 7 Monate meine Lebensader sein. Er versorgt mich mit Post, Essen und frischem Trinkwasser sowie guten Gespr\u00e4chen von Mensch zu Mensch.<\/p>\n<p>Ich bin also gespannt auf die Saison 2018. Welchem Wetter werde ich trotzen? Welche \u00a0V\u00f6gel werden sich f\u00fcr die Brut und Jungenaufzucht hier niederlassen oder nur f\u00fcr einen Augenblick auf ihrer Reise vorbeikommen? Ich freue mich auf interessante, sch\u00f6ne und einzigartige Beobachtungen und besonders darauf, sie mit Ihnen zu teilen.<\/p>\n<p>Ob Sie Trischen bereits kennen, oder gerade erst frisch entdeckt haben, ich hoffe, Ihnen die Besonderheit dieser \u201ePerle im Nationalpark\u201c so nah wie m\u00f6glich bringen zu k\u00f6nnen.<\/p>\n<!-- Begin Yuzo --><div class='yuzo_related_post style-1'  data-version='5.12.74'><!-- without result --><div class='yuzo_clearfixed yuzo__title yuzo__title'><h3>Related Post<\/h3><\/div>\n\t\t\t\t\t\t  <div class=\"relatedthumb \" style=\"width:145px;float:left;overflow:hidden;\">  \n\t\t\t\t\t\t\t  \n\t\t\t\t\t\t\t  <a  href=\"https:\/\/blogs.nabu.de\/trischen\/500-jahre-einsamkeit\/\"  >\n\t\t\t\t\t\t\t\t\t  <div class=\"yuzo-img-wrap \" style=\"width: 145px;height:145px;\">\n\t\t\t\t\t\t\t\t\t\t\n\t\t\t\t\t\t\t\t\t\t<div class=\"yuzo-img\" style=\"background:url('https:\/\/blogs.nabu.de\/trischen\/wp-content\/uploads\/sites\/7\/2022\/06\/Islandmuschelblogklein-150x150.jpg') 50% 50% no-repeat;width: 145px;height:145px;margin-bottom: 5px;background-size: cover; \"><\/div>\n\t\t\t\t\t\t\t\t\t  <\/div>\n\t\t\t\t\t\t\t\t\t  \n\t\t\t\t\t\t\t\t   <span class=\"yuzo__text--title\" style=\"font-size:14px;\">500 Jahre Einsamkeit<\/span>\n\t\t\t\t\t\t\t  \n\t\t\t\t\t\t\t  \n\t\t\t\t\t\t\t  <\/a>\n\n\t\t\t\t\t\t  <\/div>\n\t\t\t\t\t\t  <div class=\"relatedthumb \" style=\"width:145px;float:left;overflow:hidden;\">  \n\t\t\t\t\t\t\t  \n\t\t\t\t\t\t\t  <a  href=\"https:\/\/blogs.nabu.de\/trischen\/wozu-in-die-ferne\/\"  >\n\t\t\t\t\t\t\t\t\t  <div class=\"yuzo-img-wrap \" style=\"width: 145px;height:145px;\">\n\t\t\t\t\t\t\t\t\t\t\n\t\t\t\t\t\t\t\t\t\t<div class=\"yuzo-img\" style=\"background:url('https:\/\/blogs.nabu.de\/trischen\/wp-content\/uploads\/sites\/7\/2017\/06\/fernseher_web-150x150.jpg') 50% 50% no-repeat;width: 145px;height:145px;margin-bottom: 5px;background-size: cover; \"><\/div>\n\t\t\t\t\t\t\t\t\t  <\/div>\n\t\t\t\t\t\t\t\t\t  \n\t\t\t\t\t\t\t\t   <span class=\"yuzo__text--title\" style=\"font-size:14px;\">Wozu in die Ferne\u2026<\/span>\n\t\t\t\t\t\t\t  \n\t\t\t\t\t\t\t  \n\t\t\t\t\t\t\t  <\/a>\n\n\t\t\t\t\t\t  <\/div>\n\t\t\t\t\t\t  <div class=\"relatedthumb \" style=\"width:145px;float:left;overflow:hidden;\">  \n\t\t\t\t\t\t\t  \n\t\t\t\t\t\t\t  <a  href=\"https:\/\/blogs.nabu.de\/trischen\/vermessung-der-marner-plate\/\"  >\n\t\t\t\t\t\t\t\t\t  <div class=\"yuzo-img-wrap \" style=\"width: 145px;height:145px;\">\n\t\t\t\t\t\t\t\t\t\t\n\t\t\t\t\t\t\t\t\t\t<div class=\"yuzo-img\" style=\"background:url('https:\/\/blogs.nabu.de\/trischen\/wp-content\/uploads\/sites\/7\/2016\/08\/Marner-Plate-2-Kopie-150x150.jpg') 50% 50% no-repeat;width: 145px;height:145px;margin-bottom: 5px;background-size: cover; \"><\/div>\n\t\t\t\t\t\t\t\t\t  <\/div>\n\t\t\t\t\t\t\t\t\t  \n\t\t\t\t\t\t\t\t   <span class=\"yuzo__text--title\" style=\"font-size:14px;\">Vermessung der Marner Plate<\/span>\n\t\t\t\t\t\t\t  \n\t\t\t\t\t\t\t  \n\t\t\t\t\t\t\t  <\/a>\n\n\t\t\t\t\t\t  <\/div>\n\t\t\t\t\t\t  <div class=\"relatedthumb \" style=\"width:145px;float:left;overflow:hidden;\">  \n\t\t\t\t\t\t\t  \n\t\t\t\t\t\t\t  <a  href=\"https:\/\/blogs.nabu.de\/trischen\/ein-paar-tage\/\"  >\n\t\t\t\t\t\t\t\t\t  <div class=\"yuzo-img-wrap \" style=\"width: 145px;height:145px;\">\n\t\t\t\t\t\t\t\t\t\t\n\t\t\t\t\t\t\t\t\t\t<div class=\"yuzo-img\" style=\"background:url('https:\/\/blogs.nabu.de\/trischen\/wp-content\/uploads\/sites\/7\/2020\/03\/IMG_9466-150x150.jpg') 50% 50% no-repeat;width: 145px;height:145px;margin-bottom: 5px;background-size: cover; \"><\/div>\n\t\t\t\t\t\t\t\t\t  <\/div>\n\t\t\t\t\t\t\t\t\t  \n\t\t\t\t\t\t\t\t   <span class=\"yuzo__text--title\" style=\"font-size:14px;\">Ein paar Tage\u2026<\/span>\n\t\t\t\t\t\t\t  \n\t\t\t\t\t\t\t  \n\t\t\t\t\t\t\t  <\/a>\n\n\t\t\t\t\t\t  <\/div>\n<\/div> <style>\n\t\t\t\t\t\t\t\t.yuzo_related_post img{width:155px !important; height:145px !important;}\n\t\t\t\t\t\t\t\t.yuzo_related_post .relatedthumb{line-height:16px;background: !important;color:!important;}\n\t\t\t\t\t\t\t\t.yuzo_related_post .relatedthumb:hover{background:#fcfcf4 !important; -webkit-transition: background 0.2s linear; -moz-transition: background 0.2s linear; -o-transition: background 0.2s linear; transition: background 0.2s linear;;color:!important;}\n\t\t\t\t\t\t\t\t.yuzo_related_post .relatedthumb a{color:!important;}\n\t\t\t\t\t\t\t\t.yuzo_related_post .relatedthumb a:hover{ color:}!important;}\n\t\t\t\t\t\t\t\t.yuzo_related_post .relatedthumb:hover a{ color:!important;}\n\t\t\t\t\t\t\t\t.yuzo_related_post .yuzo_text {color:!important;}\n\t\t\t\t\t\t\t\t.yuzo_related_post .relatedthumb:hover .yuzo_text {color:!important;}\n\t\t\t\t\t\t\t\t.yuzo_related_post .relatedthumb{  margin: 0px  0px  0px  0px;   padding: 5px  5px  5px  5px;  }\n\t\t\t\t\t\t\t\t\n\t\t\t\t\t\t\t\t<\/style> <script>\n\t\t\t\t\t\t  jQuery(document).ready(function( $ ){\n\t\t\t\t\t\t\t\/\/jQuery('.yuzo_related_post').equalizer({ overflow : 'relatedthumb' });\n\t\t\t\t\t\t\tjQuery('.yuzo_related_post .yuzo_wraps').equalizer({ columns : '> div' });\n\t\t\t\t\t\t   })\n\t\t\t\t\t\t  <\/script> <!-- End Yuzo :) -->","protected":false},"excerpt":{"rendered":"<p>Moin, herzlich willkommen auf diesem Blog, ich freue mich \u00fcber Ihren Besuch. Mein Name ist Jonas Kotlarz und in diesem Jahr habe ich die gro\u00dfe Ehre, als NABU-Vogelwart [&hellip;]<\/p>\n","protected":false},"author":82,"featured_media":0,"parent":0,"menu_order":0,"comment_status":"closed","ping_status":"closed","template":"","meta":{"jetpack_post_was_ever_published":false},"jetpack_shortlink":"https:\/\/wp.me\/P7gGqE-KK","jetpack-related-posts":[{"id":2902,"url":"https:\/\/blogs.nabu.de\/trischen\/trischen-in-bildern2018und2019\/","url_meta":{"origin":2898,"position":0},"title":"Trischen in Bildern 2018 und 2019","date":"14. Februar 2018","format":false,"excerpt":"Oktober 2019 September 2019 August 2019 Juli 2019 Juni 2019 Mai 2019 April 2019 M\u00e4rz 2019 Oktober 2018 September 2018 August 2018 \u00a0 Juli 2018 Juni 2018 Mai 2018 April 2018 M\u00e4rz 2018","rel":"","context":"\u00c4hnlicher Beitrag","img":{"alt_text":"","src":"https:\/\/i0.wp.com\/blogs.nabu.de\/trischen\/wp-content\/uploads\/sites\/7\/2019\/10\/herbstliche-M\u00f6we.jpg?resize=350%2C200","width":350,"height":200},"classes":[]},{"id":1778,"url":"https:\/\/blogs.nabu.de\/trischen\/archiv\/","url_meta":{"origin":2898,"position":1},"title":"Archiv","date":"6. Februar 2017","format":false,"excerpt":"Ehemalige Vogelwarte Melanie Theel (2023) Till Holsten (2022) Anne Evers (2020 \/ 2021) Anne de Walmont (2019) Jonas (2018) Tore (2017) Marco (2016) Christin (2015) Vogelartenlisten Artenliste Brutv\u00f6gel Brutvogeldaten 2018 Brutvogeldaten 2017 Brutvogeldaten 2016 Blogbeitr\u00e4ge 2018 2017 2016 Beobachtungsliste seit 2017 2016 Strandfunde seit 2017 2016 Trischen in Bildern 2020\u2026","rel":"","context":"\u00c4hnlicher Beitrag","img":{"alt_text":"","src":"","width":0,"height":0},"classes":[]},{"id":138,"url":"https:\/\/blogs.nabu.de\/trischen\/marcovieregge\/","url_meta":{"origin":2898,"position":2},"title":"Marco Vieregge (2016)","date":"3. M\u00e4rz 2016","format":false,"excerpt":"Moin, Ich bin Marco Maier (weil ich geheiratet habe, hei\u00dfe ich seit Okt. 2016 Marco Vieregge) und betreue Trischen in der Saison 2016 als Vogelwart. Daf\u00fcr lebe ich von M\u00e4rz bis Oktober in einer kleinen H\u00fctte auf der Insel. Mit diesem Blog versuche ich, Sie durch Bilder und Beitr\u00e4ge auf\u2026","rel":"","context":"\u00c4hnlicher Beitrag","img":{"alt_text":"","src":"https:\/\/i0.wp.com\/blogs.nabu.de\/trischen\/wp-content\/uploads\/sites\/7\/2016\/03\/DSC08040-Kopie-225x300.jpg?resize=350%2C200","width":350,"height":200},"classes":[]},{"id":4443,"url":"https:\/\/blogs.nabu.de\/trischen\/trischen-in-bildern2019\/","url_meta":{"origin":2898,"position":3},"title":"M\u00e4rz 2019","date":"5. April 2019","format":false,"excerpt":"","rel":"","context":"\u00c4hnlicher Beitrag","img":{"alt_text":"","src":"https:\/\/i0.wp.com\/blogs.nabu.de\/trischen\/wp-content\/uploads\/sites\/7\/2019\/04\/IMG_1279.jpg?resize=350%2C200","width":350,"height":200},"classes":[]},{"id":1831,"url":"https:\/\/blogs.nabu.de\/trischen\/toremq\/","url_meta":{"origin":2898,"position":4},"title":"Tore Mayland-Quellhorst (2017)","date":"18. Februar 2017","format":false,"excerpt":"Moin, es freut mich, dass Sie den Weg auf dieses Blog gefunden haben. Mein Name ist Tore Mayland-Quellhorst und f\u00fcr dieses Jahr bin ich der \u201eVogelwart\u201c von Trischen. Genau genommen lebe ich von M\u00e4rz bis Oktober auf der Insel, da das Wetter und die See im Rest des Jahres zu\u2026","rel":"","context":"\u00c4hnlicher Beitrag","img":{"alt_text":"","src":"https:\/\/i0.wp.com\/blogs.nabu.de\/trischen\/wp-content\/uploads\/sites\/7\/2017\/03\/toremq2_web-300x200.jpg?resize=350%2C200","width":350,"height":200},"classes":[]},{"id":300,"url":"https:\/\/blogs.nabu.de\/trischen\/mehr-zu-trischen\/","url_meta":{"origin":2898,"position":5},"title":"Mehr zu Trischen","date":"31. M\u00e4rz 2016","format":false,"excerpt":"Trischen \u2013 Perle im Nationalpark \u00a0 Trischen ist etwas ganz Besonderes und das aus vielen Gr\u00fcnden. Schon lange vor Nationalpark und Weltnaturerbe haben Menschen den Wert f\u00fcr die Natur erkannt und so geh\u00f6rt Trischen seit 1909 zu den gesch\u00fctzten Seevogelfreist\u00e4tten. Schon seit \u00fcber einhundert Jahren gibt es Vogelschutz auf der\u2026","rel":"","context":"\u00c4hnlicher Beitrag","img":{"alt_text":"","src":"https:\/\/i0.wp.com\/blogs.nabu.de\/trischen\/wp-content\/uploads\/sites\/7\/2016\/03\/Trischen-von-oben.jpeg?resize=350%2C200","width":350,"height":200},"classes":[]}],"jetpack_sharing_enabled":true,"_links":{"self":[{"href":"https:\/\/blogs.nabu.de\/trischen\/wp-json\/wp\/v2\/pages\/2898"}],"collection":[{"href":"https:\/\/blogs.nabu.de\/trischen\/wp-json\/wp\/v2\/pages"}],"about":[{"href":"https:\/\/blogs.nabu.de\/trischen\/wp-json\/wp\/v2\/types\/page"}],"author":[{"embeddable":true,"href":"https:\/\/blogs.nabu.de\/trischen\/wp-json\/wp\/v2\/users\/82"}],"replies":[{"embeddable":true,"href":"https:\/\/blogs.nabu.de\/trischen\/wp-json\/wp\/v2\/comments?post=2898"}],"version-history":[{"count":10,"href":"https:\/\/blogs.nabu.de\/trischen\/wp-json\/wp\/v2\/pages\/2898\/revisions"}],"predecessor-version":[{"id":4446,"href":"https:\/\/blogs.nabu.de\/trischen\/wp-json\/wp\/v2\/pages\/2898\/revisions\/4446"}],"wp:attachment":[{"href":"https:\/\/blogs.nabu.de\/trischen\/wp-json\/wp\/v2\/media?parent=2898"}],"curies":[{"name":"wp","href":"https:\/\/api.w.org\/{rel}","templated":true}]}}