{"id":2038,"date":"2017-04-06T14:01:49","date_gmt":"2017-04-06T12:01:49","guid":{"rendered":"http:\/\/blogs.nabu.de\/trischen\/?page_id=2038"},"modified":"2017-04-06T14:01:49","modified_gmt":"2017-04-06T12:01:49","slug":"christinkunze","status":"publish","type":"page","link":"https:\/\/blogs.nabu.de\/trischen\/christinkunze\/","title":{"rendered":"Christin Kunze (2015)"},"content":{"rendered":"<p><strong>Moin,<\/strong><\/p>\n<div id=\"attachment_2039\" style=\"width: 310px\" class=\"wp-caption alignright\"><img aria-describedby=\"caption-attachment-2039\" data-attachment-id=\"2039\" data-permalink=\"https:\/\/blogs.nabu.de\/trischen\/christinkunze\/vogelwartin_spektiv_klein\/\" data-orig-file=\"https:\/\/blogs.nabu.de\/trischen\/wp-content\/uploads\/sites\/7\/2017\/04\/vogelwartin_spektiv_klein.jpg\" data-orig-size=\"800,533\" data-comments-opened=\"0\" data-image-meta=\"{&quot;aperture&quot;:&quot;0&quot;,&quot;credit&quot;:&quot;&quot;,&quot;camera&quot;:&quot;&quot;,&quot;caption&quot;:&quot;&quot;,&quot;created_timestamp&quot;:&quot;0&quot;,&quot;copyright&quot;:&quot;&quot;,&quot;focal_length&quot;:&quot;0&quot;,&quot;iso&quot;:&quot;0&quot;,&quot;shutter_speed&quot;:&quot;0&quot;,&quot;title&quot;:&quot;&quot;,&quot;orientation&quot;:&quot;0&quot;}\" data-image-title=\"Christin Kunze \u2013 Vogelwartin auf Trischen 2015 (Foto: Christin Kunze).\" data-image-description=\"\" data-image-caption=\"&lt;p&gt;Christin Kunze \u2013 Vogelwartin auf Trischen 2015 (Foto: Christin Kunze).&lt;\/p&gt;\n\" data-medium-file=\"https:\/\/blogs.nabu.de\/trischen\/wp-content\/uploads\/sites\/7\/2017\/04\/vogelwartin_spektiv_klein-300x200.jpg\" data-large-file=\"https:\/\/blogs.nabu.de\/trischen\/wp-content\/uploads\/sites\/7\/2017\/04\/vogelwartin_spektiv_klein.jpg\" decoding=\"async\" loading=\"lazy\" class=\"size-medium wp-image-2039\" src=\"http:\/\/blogs.nabu.de\/trischen\/wp-content\/uploads\/sites\/7\/2017\/04\/vogelwartin_spektiv_klein-300x200.jpg\" alt=\"\" width=\"300\" height=\"200\" \/><p id=\"caption-attachment-2039\" class=\"wp-caption-text\">Christin Kunze \u2013 Vogelwartin auf Trischen 2015 (Foto: Christin Kunze).<\/p><\/div>\n<p>ich freue mich, dass Sie die Trischen-Website besuchen. Mein Name ist Christin Kunze. Ich bin 27 Jahre alt und in dieser Saison von M\u00e4rz bis Oktober als NABU-Vogelwartin auf Trischen t\u00e4tig. Ob Sie das Geschehen auf Trischen schon l\u00e4nger verfolgen oder gerade erst davon erfahren haben und nun neugierig sind, was es wohl von so einer menschenleeren Insel im Internet zu berichten gibt, ich hoffe in beiden F\u00e4llen wird diese Seite f\u00fcr Sie informativ und unterhaltsam.<\/p>\n<p>Ich bin in der N\u00e4he von Magdeburg aufgewachsen und habe in Greifswald an der Ostsee \u201eLandschafts\u00f6kologie und Naturschutz\u201c studiert. In dieser Zeit entwickelte sich meine Leidenschaft f\u00fcr die Vogelwelt und ich verbrachte viel Zeit der Semesterferien in Naturschutz- und Forschungsstationen. Seitdem zieht es mich immer wieder an die K\u00fcste.<\/p>\n<p>Schon vor ein paar Jahren bin ich im Internet auf das dithmarscher Eiland gesto\u00dfen. Damals h\u00e4tte ich allerdings noch nicht gedacht, dass ich selber einmal Vogelwartin auf Trischen werde. Das war zugegebener Ma\u00dfen eine relativ spontane Idee. Ein Tag auf Trischen, um das potenzielle neue Zuhause noch einmal genauer unter die Lupe zu nehmen, endete mit einem Tag im Watt \u2013 gestrandet mit Axel und seiner Luise\u2026 denn wir hatten ein Abschleppseil in der Schraube. Zwischen 2 Tiden war dann genug Zeit zum Nachdenken und Abw\u00e4gen \u2026 um dann letztlich doch das Bauchgef\u00fchl entscheiden zu lassen.<\/p>\n<p>Nun freue mich mich, 7 Monate auf der \u201ePerle des Nationalparks\u201c verbringen zu d\u00fcrfen. Zu meinen Aufgaben als Vogelwartin geh\u00f6ren die Dokumentation der Brut- und Gastv\u00f6gel, Wattkartierung, Vegetationsaufnahmen und nat\u00fcrlich \u00d6ffentlichkeitsarbeit. Meine Unterkunft f\u00fcr diese Zeit ist eine 15m\u00b2 gr\u00f6\u00dfe H\u00fctte, die im S\u00fcden der Insel flutsicher auf Holzpfosten steht. Im Laufe der Jahre hat die Insel schon viele VogelwartInnen gesehen. Seit 2008 ist Axel Rohwedder der Inselversorger. Er hat die Aufgabe von seinem Vater \u00fcbernommen. Einmal in der Woche bringt er nun auch mir Post, Essen und Trinkwasser.<\/p>\n<p>Ich bin gespannt, welche \u00dcberraschungen diese Saison bereit h\u00e4lt. Mein Vorg\u00e4nger hat ja schon gezeigt, dass man nie wissen kann, was noch so unbemerkt an unseren K\u00fcsten vorbeizieht und dass es noch einiges zu entdecken gibt. In den Schaufenstern werde ich w\u00e4hrend der 7 Monate aktuelle Einblicke in das Inselgeschehen geben.<\/p>\n<!-- Begin Yuzo --><div class='yuzo_related_post style-1'  data-version='5.12.74'><!-- without result --><div class='yuzo_clearfixed yuzo__title yuzo__title'><h3>Related Post<\/h3><\/div>\n\t\t\t\t\t\t  <div class=\"relatedthumb \" style=\"width:145px;float:left;overflow:hidden;\">  \n\t\t\t\t\t\t\t  \n\t\t\t\t\t\t\t  <a  href=\"https:\/\/blogs.nabu.de\/trischen\/trischen-blueht-teil-2\/\"  >\n\t\t\t\t\t\t\t\t\t  <div class=\"yuzo-img-wrap \" style=\"width: 145px;height:145px;\">\n\t\t\t\t\t\t\t\t\t\t\n\t\t\t\t\t\t\t\t\t\t<div class=\"yuzo-img\" style=\"background:url('https:\/\/blogs.nabu.de\/trischen\/wp-content\/uploads\/sites\/7\/2018\/07\/20180624_Trischen_Limonium-vulgare00006-150x150.jpg') 50% 50% no-repeat;width: 145px;height:145px;margin-bottom: 5px;background-size: cover; \"><\/div>\n\t\t\t\t\t\t\t\t\t  <\/div>\n\t\t\t\t\t\t\t\t\t  \n\t\t\t\t\t\t\t\t   <span class=\"yuzo__text--title\" style=\"font-size:14px;\">Trischen bl\u00fcht, Teil 2<\/span>\n\t\t\t\t\t\t\t  \n\t\t\t\t\t\t\t  \n\t\t\t\t\t\t\t  <\/a>\n\n\t\t\t\t\t\t  <\/div>\n\t\t\t\t\t\t  <div class=\"relatedthumb \" style=\"width:145px;float:left;overflow:hidden;\">  \n\t\t\t\t\t\t\t  \n\t\t\t\t\t\t\t  <a  href=\"https:\/\/blogs.nabu.de\/trischen\/seile-und-meer-senf\/\"  >\n\t\t\t\t\t\t\t\t\t  <div class=\"yuzo-img-wrap \" style=\"width: 145px;height:145px;\">\n\t\t\t\t\t\t\t\t\t\t\n\t\t\t\t\t\t\t\t\t\t<div class=\"yuzo-img\" style=\"background:url('https:\/\/blogs.nabu.de\/trischen\/wp-content\/uploads\/sites\/7\/2017\/07\/stillleben_web-150x150.jpg') 50% 50% no-repeat;width: 145px;height:145px;margin-bottom: 5px;background-size: cover; \"><\/div>\n\t\t\t\t\t\t\t\t\t  <\/div>\n\t\t\t\t\t\t\t\t\t  \n\t\t\t\t\t\t\t\t   <span class=\"yuzo__text--title\" style=\"font-size:14px;\">Seile und \u201eMeer\u201c-Senf<\/span>\n\t\t\t\t\t\t\t  \n\t\t\t\t\t\t\t  \n\t\t\t\t\t\t\t  <\/a>\n\n\t\t\t\t\t\t  <\/div>\n\t\t\t\t\t\t  <div class=\"relatedthumb \" style=\"width:145px;float:left;overflow:hidden;\">  \n\t\t\t\t\t\t\t  \n\t\t\t\t\t\t\t  <a  href=\"https:\/\/blogs.nabu.de\/trischen\/brutbeginn-bei-emma-und-jonathan\/\"  >\n\t\t\t\t\t\t\t\t\t  <div class=\"yuzo-img-wrap \" style=\"width: 145px;height:145px;\">\n\t\t\t\t\t\t\t\t\t\t\n\t\t\t\t\t\t\t\t\t\t<div class=\"yuzo-img\" style=\"background:url('https:\/\/blogs.nabu.de\/trischen\/wp-content\/uploads\/sites\/7\/2017\/05\/moewen_web-150x150.jpg') 50% 50% no-repeat;width: 145px;height:145px;margin-bottom: 5px;background-size: cover; \"><\/div>\n\t\t\t\t\t\t\t\t\t  <\/div>\n\t\t\t\t\t\t\t\t\t  \n\t\t\t\t\t\t\t\t   <span class=\"yuzo__text--title\" style=\"font-size:14px;\">Brutbeginn bei Emma und Jonathan<\/span>\n\t\t\t\t\t\t\t  \n\t\t\t\t\t\t\t  \n\t\t\t\t\t\t\t  <\/a>\n\n\t\t\t\t\t\t  <\/div>\n\t\t\t\t\t\t  <div class=\"relatedthumb \" style=\"width:145px;float:left;overflow:hidden;\">  \n\t\t\t\t\t\t\t  \n\t\t\t\t\t\t\t  <a  href=\"https:\/\/blogs.nabu.de\/trischen\/fruehe-brueter-und-gern-gesehene-gaeste\/\"  >\n\t\t\t\t\t\t\t\t\t  <div class=\"yuzo-img-wrap \" style=\"width: 145px;height:145px;\">\n\t\t\t\t\t\t\t\t\t\t\n\t\t\t\t\t\t\t\t\t\t<div class=\"yuzo-img\" style=\"background:url('https:\/\/blogs.nabu.de\/trischen\/wp-content\/uploads\/sites\/7\/2018\/03\/Goldammer02-150x150.jpg') 50% 50% no-repeat;width: 145px;height:145px;margin-bottom: 5px;background-size: cover; \"><\/div>\n\t\t\t\t\t\t\t\t\t  <\/div>\n\t\t\t\t\t\t\t\t\t  \n\t\t\t\t\t\t\t\t   <span class=\"yuzo__text--title\" style=\"font-size:14px;\">Fr\u00fche Br\u00fcter und gern gesehene G\u00e4ste<\/span>\n\t\t\t\t\t\t\t  \n\t\t\t\t\t\t\t  \n\t\t\t\t\t\t\t  <\/a>\n\n\t\t\t\t\t\t  <\/div>\n<\/div> <style>\n\t\t\t\t\t\t\t\t.yuzo_related_post img{width:155px !important; height:145px !important;}\n\t\t\t\t\t\t\t\t.yuzo_related_post .relatedthumb{line-height:16px;background: !important;color:!important;}\n\t\t\t\t\t\t\t\t.yuzo_related_post .relatedthumb:hover{background:#fcfcf4 !important; -webkit-transition: background 0.2s linear; -moz-transition: background 0.2s linear; -o-transition: background 0.2s linear; transition: background 0.2s linear;;color:!important;}\n\t\t\t\t\t\t\t\t.yuzo_related_post .relatedthumb a{color:!important;}\n\t\t\t\t\t\t\t\t.yuzo_related_post .relatedthumb a:hover{ color:}!important;}\n\t\t\t\t\t\t\t\t.yuzo_related_post .relatedthumb:hover a{ color:!important;}\n\t\t\t\t\t\t\t\t.yuzo_related_post .yuzo_text {color:!important;}\n\t\t\t\t\t\t\t\t.yuzo_related_post .relatedthumb:hover .yuzo_text {color:!important;}\n\t\t\t\t\t\t\t\t.yuzo_related_post .relatedthumb{  margin: 0px  0px  0px  0px;   padding: 5px  5px  5px  5px;  }\n\t\t\t\t\t\t\t\t\n\t\t\t\t\t\t\t\t<\/style> <script>\n\t\t\t\t\t\t  jQuery(document).ready(function( $ ){\n\t\t\t\t\t\t\t\/\/jQuery('.yuzo_related_post').equalizer({ overflow : 'relatedthumb' });\n\t\t\t\t\t\t\tjQuery('.yuzo_related_post .yuzo_wraps').equalizer({ columns : '> div' });\n\t\t\t\t\t\t   })\n\t\t\t\t\t\t  <\/script> <!-- End Yuzo :) -->","protected":false},"excerpt":{"rendered":"<p>Moin, ich freue mich, dass Sie die Trischen-Website besuchen. Mein Name ist Christin Kunze. Ich bin 27 Jahre alt und in dieser Saison von M\u00e4rz bis Oktober als [&hellip;]<\/p>\n","protected":false},"author":64,"featured_media":2039,"parent":0,"menu_order":0,"comment_status":"closed","ping_status":"closed","template":"","meta":{"jetpack_post_was_ever_published":false},"jetpack_shortlink":"https:\/\/wp.me\/P7gGqE-wS","jetpack-related-posts":[{"id":1778,"url":"https:\/\/blogs.nabu.de\/trischen\/archiv\/","url_meta":{"origin":2038,"position":0},"title":"Archiv","date":"6. Februar 2017","format":false,"excerpt":"Ehemalige Vogelwarte Melanie Theel (2023) Till Holsten (2022) Anne Evers (2020 \/ 2021) Anne de Walmont (2019) Jonas (2018) Tore (2017) Marco (2016) Christin (2015) Vogelartenlisten Artenliste Brutv\u00f6gel Brutvogeldaten 2018 Brutvogeldaten 2017 Brutvogeldaten 2016 Blogbeitr\u00e4ge 2018 2017 2016 Beobachtungsliste seit 2017 2016 Strandfunde seit 2017 2016 Trischen in Bildern 2020\u2026","rel":"","context":"\u00c4hnlicher Beitrag","img":{"alt_text":"","src":"","width":0,"height":0},"classes":[]},{"id":5631,"url":"https:\/\/blogs.nabu.de\/trischen\/vogelwartin-2021\/","url_meta":{"origin":2038,"position":1},"title":"Vogelwartin 2021","date":"12. M\u00e4rz 2020","format":false,"excerpt":"Moin, und herzlich Willkommen auf dem NABU-blog der Insel Trischen \u2013 sch\u00f6n, dass sie hier vorbeischauen! Mein Name ist Anne Evers und f\u00fcr die Saison 2021 bin ich Vogelwartin auf der Insel Trischen. Trischen liegt in der Schutzzone 1 des Nationalparks Schleswig-Holsteinisches Wattenmeer und darf somit nur von sehr wenigen\u2026","rel":"","context":"\u00c4hnlicher Beitrag","img":{"alt_text":"","src":"","width":0,"height":0},"classes":[]},{"id":7064,"url":"https:\/\/blogs.nabu.de\/trischen\/vogelwartin-2023\/","url_meta":{"origin":2038,"position":2},"title":"Vogelwartin 2023","date":"24. Februar 2023","format":false,"excerpt":"Moin Moin und herzlich willkommen auf dem NABU Blog der Insel Trischen. Egal, ob sie zuf\u00e4llig hereingeschneit sind oder diesen Blog schon l\u00e4nger verfolgen, ich lade sie herzlich dazu ein, mich auf diesen Seiten in den kommenden Monaten bei meinen kleinen und gro\u00dfen Erlebnissen auf Trischen zu begleiten. F\u00fcr den\u2026","rel":"","context":"\u00c4hnlicher Beitrag","img":{"alt_text":"","src":"https:\/\/i0.wp.com\/blogs.nabu.de\/trischen\/wp-content\/uploads\/sites\/7\/2023\/03\/Bild_Melli2-225x300.jpg?resize=350%2C200&ssl=1","width":350,"height":200},"classes":[]},{"id":5621,"url":"https:\/\/blogs.nabu.de\/trischen\/anne-de-walmont-2019\/","url_meta":{"origin":2038,"position":3},"title":"Die Vogelwartin 2019","date":"9. M\u00e4rz 2020","format":false,"excerpt":"Moin, (Foto: A. de Walmont) sch\u00f6n, dass Sie auf dem NABU-blog der Insel Trischen vorbeischauen! Mein Name ist Anne de Walmont und f\u00fcr die Saison 2019 bin ich\u00a0 die Vogelwartin auf Trischen. Auf dieser Internetseite werde ich \u00fcber aktuelle Geschehnisse und Beobachtungen auf der Insel berichten. Aufgewachsen an der nieders\u00e4chsischen\u2026","rel":"","context":"\u00c4hnlicher Beitrag","img":{"alt_text":"","src":"https:\/\/i0.wp.com\/blogs.nabu.de\/trischen\/wp-content\/uploads\/sites\/7\/2019\/04\/Anne-de-Walmont220.jpg?resize=350%2C200&ssl=1","width":350,"height":200},"classes":[]},{"id":300,"url":"https:\/\/blogs.nabu.de\/trischen\/mehr-zu-trischen\/","url_meta":{"origin":2038,"position":4},"title":"Mehr zu Trischen","date":"31. M\u00e4rz 2016","format":false,"excerpt":"Trischen \u2013 Perle im Nationalpark \u00a0 Trischen ist etwas ganz Besonderes und das aus vielen Gr\u00fcnden. Schon lange vor Nationalpark und Weltnaturerbe haben Menschen den Wert f\u00fcr die Natur erkannt und so geh\u00f6rt Trischen seit 1909 zu den gesch\u00fctzten Seevogelfreist\u00e4tten. Schon seit \u00fcber einhundert Jahren gibt es Vogelschutz auf der\u2026","rel":"","context":"\u00c4hnlicher Beitrag","img":{"alt_text":"","src":"https:\/\/i0.wp.com\/blogs.nabu.de\/trischen\/wp-content\/uploads\/sites\/7\/2016\/03\/Trischen-von-oben.jpeg?resize=350%2C200","width":350,"height":200},"classes":[]},{"id":5611,"url":"https:\/\/blogs.nabu.de\/trischen\/trischen-in-bildern-2020\/","url_meta":{"origin":2038,"position":5},"title":"Trischen in Bildern 2021 bis 2026","date":"9. M\u00e4rz 2020","format":false,"excerpt":"April 2026 Nachdem der M\u00e4rz sehr trocken war, bescherte der April dann doch zumindest ein paar wenige Regentage, und so bekommt die Insel langsam auch Farbe. \u00a0 \u00a0 M\u00e4rz 2026 Meine erste Woche auf der Insel. September 2025 Der Herbst ist da, die Tage werden k\u00fcrzer, der Queller verf\u00e4rbt sich\u2026","rel":"","context":"\u00c4hnlicher Beitrag","img":{"alt_text":"","src":"https:\/\/i0.wp.com\/blogs.nabu.de\/trischen\/wp-content\/uploads\/sites\/7\/2021\/10\/IMG_0934.jpg?resize=350%2C200&ssl=1","width":350,"height":200},"classes":[]}],"jetpack_sharing_enabled":true,"_links":{"self":[{"href":"https:\/\/blogs.nabu.de\/trischen\/wp-json\/wp\/v2\/pages\/2038"}],"collection":[{"href":"https:\/\/blogs.nabu.de\/trischen\/wp-json\/wp\/v2\/pages"}],"about":[{"href":"https:\/\/blogs.nabu.de\/trischen\/wp-json\/wp\/v2\/types\/page"}],"author":[{"embeddable":true,"href":"https:\/\/blogs.nabu.de\/trischen\/wp-json\/wp\/v2\/users\/64"}],"replies":[{"embeddable":true,"href":"https:\/\/blogs.nabu.de\/trischen\/wp-json\/wp\/v2\/comments?post=2038"}],"version-history":[{"count":1,"href":"https:\/\/blogs.nabu.de\/trischen\/wp-json\/wp\/v2\/pages\/2038\/revisions"}],"predecessor-version":[{"id":2040,"href":"https:\/\/blogs.nabu.de\/trischen\/wp-json\/wp\/v2\/pages\/2038\/revisions\/2040"}],"wp:featuredmedia":[{"embeddable":true,"href":"https:\/\/blogs.nabu.de\/trischen\/wp-json\/wp\/v2\/media\/2039"}],"wp:attachment":[{"href":"https:\/\/blogs.nabu.de\/trischen\/wp-json\/wp\/v2\/media?parent=2038"}],"curies":[{"name":"wp","href":"https:\/\/api.w.org\/{rel}","templated":true}]}}