{"id":1831,"date":"2017-02-18T15:27:36","date_gmt":"2017-02-18T14:27:36","guid":{"rendered":"http:\/\/blogs.nabu.de\/trischen\/?page_id=1831"},"modified":"2018-02-14T14:40:30","modified_gmt":"2018-02-14T13:40:30","slug":"toremq","status":"publish","type":"page","link":"https:\/\/blogs.nabu.de\/trischen\/toremq\/","title":{"rendered":"Tore Mayland-Quellhorst (2017)"},"content":{"rendered":"<div id=\"attachment_1942\" style=\"width: 310px\" class=\"wp-caption alignright\"><img aria-describedby=\"caption-attachment-1942\" data-attachment-id=\"1942\" data-permalink=\"https:\/\/blogs.nabu.de\/trischen\/toremq2_web\/\" data-orig-file=\"https:\/\/blogs.nabu.de\/trischen\/wp-content\/uploads\/sites\/7\/2017\/03\/toremq2_web.jpg\" data-orig-size=\"1000,667\" data-comments-opened=\"0\" data-image-meta=\"{&quot;aperture&quot;:&quot;0&quot;,&quot;credit&quot;:&quot;Tore J. Mayland-Quellhorst&quot;,&quot;camera&quot;:&quot;&quot;,&quot;caption&quot;:&quot;&quot;,&quot;created_timestamp&quot;:&quot;0&quot;,&quot;copyright&quot;:&quot;Tore J. Mayland-Quellhorst&quot;,&quot;focal_length&quot;:&quot;0&quot;,&quot;iso&quot;:&quot;0&quot;,&quot;shutter_speed&quot;:&quot;0&quot;,&quot;title&quot;:&quot;&quot;,&quot;orientation&quot;:&quot;0&quot;}\" data-image-title=\"Tore Mayland-Quellhorst, Naturschutzwart 2017, vor H\u00fctte auf Trischen (Foto: Tore J. Mayland-Quellhorst).\" data-image-description=\"\" data-image-caption=\"&lt;p&gt;Tore Mayland-Quellhorst, Naturschutzwart 2017, vor H\u00fctte auf Trischen (Foto: Tore J. Mayland-Quellhorst).&lt;\/p&gt;\n\" data-medium-file=\"https:\/\/blogs.nabu.de\/trischen\/wp-content\/uploads\/sites\/7\/2017\/03\/toremq2_web-300x200.jpg\" data-large-file=\"https:\/\/blogs.nabu.de\/trischen\/wp-content\/uploads\/sites\/7\/2017\/03\/toremq2_web-1000x667.jpg\" decoding=\"async\" loading=\"lazy\" class=\"wp-image-1942 size-medium\" src=\"http:\/\/blogs.nabu.de\/trischen\/wp-content\/uploads\/sites\/7\/2017\/03\/toremq2_web-300x200.jpg\" alt=\"\" width=\"300\" height=\"200\" \/><p id=\"caption-attachment-1942\" class=\"wp-caption-text\">Tore Mayland-Quellhorst, Naturschutzwart 2017, vor H\u00fctte auf Trischen (Foto: Tore J. Mayland-Quellhorst).<\/p><\/div>\n<p><strong>Moin,<\/strong><\/p>\n<p>es freut mich, dass Sie den Weg auf dieses Blog gefunden haben.<\/p>\n<p>Mein Name ist Tore Mayland-Quellhorst und f\u00fcr dieses Jahr bin ich der \u201eVogelwart\u201c von Trischen. Genau genommen lebe ich von M\u00e4rz bis Oktober auf der Insel, da das Wetter und die See im Rest des Jahres zu ungem\u00fctlich sind.<\/p>\n<p>Trischen, die \u201ePerle des Nationalparks Schleswig-Holsteinisches Wattenmeer\u201c, liegt in der Schutzzone I des Nationalparks und darf somit nur von wenigen Personen betreten werden. Daher m\u00f6chte ich Sie an dieser Stelle an Einblicken und Eindr\u00fccken von der und dem Leben auf Trischen teilhaben lassen. Und so k\u00f6nnen Sie die Insel zu jeder Zeit besuchen.<\/p>\n<p>Neben dem \u201eSchaufenster\u201c mit allgemeinen Beitr\u00e4gen m\u00f6chte ich im Speziellen \u201eBeobachtungen des Tages\u201c von V\u00f6geln und anderen Lebewesen sowie \u201eStrandfunde\u201c mit Ihnen teilen. Ich hoffe, die Homepage sagt Ihnen zu und Sie besuchen sie das ein oder andere Mal wieder. Ihre Meinung und Ihre Geschichten interessieren mich sehr und ich\u00a0freue mich stets \u00fcber neue Eintr\u00e4ge im G\u00e4stebuch.<\/p>\n<p>Was macht man so die Ganze Zeit auf einer einsamen Insel?<br \/>\nDie \u00d6ffentlichkeitsarbeit, zu der auch diese Seite geh\u00f6rt, ist nat\u00fcrlich nur ein Teil meiner Aufgaben als Naturschutzwart. Eine Hauptaufgabe ist die Erfassung von Brut- und Rastv\u00f6geln. Die br\u00fctenden V\u00f6gel werden\u00a0mehrmals im Fr\u00fchjahr kartiert. Die Rastv\u00f6gel werden w\u00e4hrend der gesamten Saison regelm\u00e4\u00dfig bei Springtiden gez\u00e4hlt und auch durchziehende V\u00f6gel werden im Fr\u00fchjahr und Herbst regelm\u00e4\u00dfig erfasst. Weiterhin achte ich auf Meeress\u00e4uger und Pflanzen ebenso wie Wetter, Schiffsverkehr und St\u00f6rungen. Schlie\u00dflich erfasse ich auch die Ver\u00e4nderungen der sehr dynamischen Insel.<\/p>\n<p>Ich freue mich auf eine spannende und ereignisreiche Saison 2017 und hoffe, dass ich Ihnen durch meine Berichte die Insel Trischen und ihre Besonderheit im Wattenmeer etwas n\u00e4her bringen kann. Wenn Sie Trischen bereits aus den vergangenen Jahren kennen, dann w\u00fcnsche ich Ihnen viel Spa\u00df beim Erleben der neuen Saison, wenn nicht, dann freue mich, dass Sie den Weg hierher gefunden haben und w\u00fcnsche viel Vergn\u00fcgen beim Entdecken der Insel.<\/p>\n<!-- Begin Yuzo --><div class='yuzo_related_post style-1'  data-version='5.12.74'><!-- without result --><div class='yuzo_clearfixed yuzo__title yuzo__title'><h3>Related Post<\/h3><\/div>\n\t\t\t\t\t\t  <div class=\"relatedthumb \" style=\"width:145px;float:left;overflow:hidden;\">  \n\t\t\t\t\t\t\t  \n\t\t\t\t\t\t\t  <a  href=\"https:\/\/blogs.nabu.de\/trischen\/ein-schaufenster-zu-geputzten-fenstern\/\"  >\n\t\t\t\t\t\t\t\t\t  <div class=\"yuzo-img-wrap \" style=\"width: 145px;height:145px;\">\n\t\t\t\t\t\t\t\t\t\t\n\t\t\t\t\t\t\t\t\t\t<div class=\"yuzo-img\" style=\"background:url('https:\/\/blogs.nabu.de\/trischen\/wp-content\/uploads\/sites\/7\/2018\/04\/IMG_1621web-150x150.jpg') 50% 50% no-repeat;width: 145px;height:145px;margin-bottom: 5px;background-size: cover; \"><\/div>\n\t\t\t\t\t\t\t\t\t  <\/div>\n\t\t\t\t\t\t\t\t\t  \n\t\t\t\t\t\t\t\t   <span class=\"yuzo__text--title\" style=\"font-size:14px;\">Ein Schaufenster zu geputzten Fenstern<\/span>\n\t\t\t\t\t\t\t  \n\t\t\t\t\t\t\t  \n\t\t\t\t\t\t\t  <\/a>\n\n\t\t\t\t\t\t  <\/div>\n\t\t\t\t\t\t  <div class=\"relatedthumb \" style=\"width:145px;float:left;overflow:hidden;\">  \n\t\t\t\t\t\t\t  \n\t\t\t\t\t\t\t  <a  href=\"https:\/\/blogs.nabu.de\/trischen\/sterne-ueber-und-sterne-unter-mir\/\"  >\n\t\t\t\t\t\t\t\t\t  <div class=\"yuzo-img-wrap \" style=\"width: 145px;height:145px;\">\n\t\t\t\t\t\t\t\t\t\t\n\t\t\t\t\t\t\t\t\t\t<div class=\"yuzo-img\" style=\"background:url('https:\/\/blogs.nabu.de\/trischen\/wp-content\/uploads\/sites\/7\/2023\/10\/Luise-1-150x150.jpg') 50% 50% no-repeat;width: 145px;height:145px;margin-bottom: 5px;background-size: cover; \"><\/div>\n\t\t\t\t\t\t\t\t\t  <\/div>\n\t\t\t\t\t\t\t\t\t  \n\t\t\t\t\t\t\t\t   <span class=\"yuzo__text--title\" style=\"font-size:14px;\">Sterne \u00fcber und Sterne unter mir<\/span>\n\t\t\t\t\t\t\t  \n\t\t\t\t\t\t\t  \n\t\t\t\t\t\t\t  <\/a>\n\n\t\t\t\t\t\t  <\/div>\n\t\t\t\t\t\t  <div class=\"relatedthumb \" style=\"width:145px;float:left;overflow:hidden;\">  \n\t\t\t\t\t\t\t  \n\t\t\t\t\t\t\t  <a  href=\"https:\/\/blogs.nabu.de\/trischen\/kurzer-huettenbesuch\/\"  >\n\t\t\t\t\t\t\t\t\t  <div class=\"yuzo-img-wrap \" style=\"width: 145px;height:145px;\">\n\t\t\t\t\t\t\t\t\t\t\n\t\t\t\t\t\t\t\t\t\t<div class=\"yuzo-img\" style=\"background:url('https:\/\/blogs.nabu.de\/trischen\/wp-content\/uploads\/sites\/7\/2019\/07\/IMG_7780-150x150.jpg') 50% 50% no-repeat;width: 145px;height:145px;margin-bottom: 5px;background-size: cover; \"><\/div>\n\t\t\t\t\t\t\t\t\t  <\/div>\n\t\t\t\t\t\t\t\t\t  \n\t\t\t\t\t\t\t\t   <span class=\"yuzo__text--title\" style=\"font-size:14px;\">Kurzer H\u00fcttenbesuch<\/span>\n\t\t\t\t\t\t\t  \n\t\t\t\t\t\t\t  \n\t\t\t\t\t\t\t  <\/a>\n\n\t\t\t\t\t\t  <\/div>\n\t\t\t\t\t\t  <div class=\"relatedthumb \" style=\"width:145px;float:left;overflow:hidden;\">  \n\t\t\t\t\t\t\t  \n\t\t\t\t\t\t\t  <a  href=\"https:\/\/blogs.nabu.de\/trischen\/saisonabschluss-auf-trischen\/\"  >\n\t\t\t\t\t\t\t\t\t  <div class=\"yuzo-img-wrap \" style=\"width: 145px;height:145px;\">\n\t\t\t\t\t\t\t\t\t\t\n\t\t\t\t\t\t\t\t\t\t<div class=\"yuzo-img\" style=\"background:url('https:\/\/blogs.nabu.de\/trischen\/wp-content\/uploads\/sites\/7\/2018\/10\/IMG_6831-150x150.jpg') 50% 50% no-repeat;width: 145px;height:145px;margin-bottom: 5px;background-size: cover; \"><\/div>\n\t\t\t\t\t\t\t\t\t  <\/div>\n\t\t\t\t\t\t\t\t\t  \n\t\t\t\t\t\t\t\t   <span class=\"yuzo__text--title\" style=\"font-size:14px;\">Saisonabschluss auf Trischen<\/span>\n\t\t\t\t\t\t\t  \n\t\t\t\t\t\t\t  \n\t\t\t\t\t\t\t  <\/a>\n\n\t\t\t\t\t\t  <\/div>\n<\/div> <style>\n\t\t\t\t\t\t\t\t.yuzo_related_post img{width:155px !important; height:145px !important;}\n\t\t\t\t\t\t\t\t.yuzo_related_post .relatedthumb{line-height:16px;background: !important;color:!important;}\n\t\t\t\t\t\t\t\t.yuzo_related_post .relatedthumb:hover{background:#fcfcf4 !important; -webkit-transition: background 0.2s linear; -moz-transition: background 0.2s linear; -o-transition: background 0.2s linear; transition: background 0.2s linear;;color:!important;}\n\t\t\t\t\t\t\t\t.yuzo_related_post .relatedthumb a{color:!important;}\n\t\t\t\t\t\t\t\t.yuzo_related_post .relatedthumb a:hover{ color:}!important;}\n\t\t\t\t\t\t\t\t.yuzo_related_post .relatedthumb:hover a{ color:!important;}\n\t\t\t\t\t\t\t\t.yuzo_related_post .yuzo_text {color:!important;}\n\t\t\t\t\t\t\t\t.yuzo_related_post .relatedthumb:hover .yuzo_text {color:!important;}\n\t\t\t\t\t\t\t\t.yuzo_related_post .relatedthumb{  margin: 0px  0px  0px  0px;   padding: 5px  5px  5px  5px;  }\n\t\t\t\t\t\t\t\t\n\t\t\t\t\t\t\t\t<\/style> <script>\n\t\t\t\t\t\t  jQuery(document).ready(function( $ ){\n\t\t\t\t\t\t\t\/\/jQuery('.yuzo_related_post').equalizer({ overflow : 'relatedthumb' });\n\t\t\t\t\t\t\tjQuery('.yuzo_related_post .yuzo_wraps').equalizer({ columns : '> div' });\n\t\t\t\t\t\t   })\n\t\t\t\t\t\t  <\/script> <!-- End Yuzo :) -->","protected":false},"excerpt":{"rendered":"<p>Moin, es freut mich, dass Sie den Weg auf dieses Blog gefunden haben. Mein Name ist Tore Mayland-Quellhorst und f\u00fcr dieses Jahr bin ich der \u201eVogelwart\u201c von Trischen. [&hellip;]<\/p>\n","protected":false},"author":64,"featured_media":0,"parent":0,"menu_order":0,"comment_status":"closed","ping_status":"closed","template":"","meta":{"jetpack_post_was_ever_published":false},"jetpack_shortlink":"https:\/\/wp.me\/P7gGqE-tx","jetpack-related-posts":[{"id":300,"url":"https:\/\/blogs.nabu.de\/trischen\/mehr-zu-trischen\/","url_meta":{"origin":1831,"position":0},"title":"Mehr zu Trischen","date":"31. M\u00e4rz 2016","format":false,"excerpt":"Trischen \u2013 Perle im Nationalpark \u00a0 Trischen ist etwas ganz Besonderes und das aus vielen Gr\u00fcnden. Schon lange vor Nationalpark und Weltnaturerbe haben Menschen den Wert f\u00fcr die Natur erkannt und so geh\u00f6rt Trischen seit 1909 zu den gesch\u00fctzten Seevogelfreist\u00e4tten. Schon seit \u00fcber einhundert Jahren gibt es Vogelschutz auf der\u2026","rel":"","context":"\u00c4hnlicher Beitrag","img":{"alt_text":"","src":"https:\/\/i0.wp.com\/blogs.nabu.de\/trischen\/wp-content\/uploads\/sites\/7\/2016\/03\/Trischen-von-oben.jpeg?resize=350%2C200","width":350,"height":200},"classes":[]},{"id":8032,"url":"https:\/\/blogs.nabu.de\/trischen\/naturschutzwart-2026\/","url_meta":{"origin":1831,"position":1},"title":"Naturschutzwart 2026","date":"18. Juni 2025","format":false,"excerpt":"\u00a0 Moin! Mein Name ist David und ich habe das gro\u00dfe Gl\u00fcck, 2026 als Naturschutzwart auf der Insel Trischen arbeiten zu d\u00fcrfen. Die M\u00f6glichkeit, an diesem besonderen Ort zu leben und t\u00e4tig zu sein, bedeutet f\u00fcr mich eine gro\u00dfe pers\u00f6nliche, aber auch fachliche Bereicherung. Meine Faszination f\u00fcr das Wattenmeer und\u2026","rel":"","context":"\u00c4hnlicher Beitrag","img":{"alt_text":"","src":"https:\/\/i0.wp.com\/blogs.nabu.de\/trischen\/wp-content\/uploads\/sites\/7\/2026\/03\/1-e1774958864922-257x300.jpg?resize=350%2C200&ssl=1","width":350,"height":200},"classes":[]},{"id":7582,"url":"https:\/\/blogs.nabu.de\/trischen\/vogelwart-2026\/","url_meta":{"origin":1831,"position":2},"title":"Naturschutzwart 2026","date":"4. M\u00e4rz 2024","format":false,"excerpt":"Moin! Mein Name ist David Grupp und ich habe das gro\u00dfe Gl\u00fcck, 2026 als Naturschutzwart auf der Insel Trischen arbeiten zu d\u00fcrfen. Die M\u00f6glichkeit, an diesem besonderen Ort zu leben und t\u00e4tig zu sein, bedeutet f\u00fcr mich eine gro\u00dfe pers\u00f6nliche, aber auch fachliche Bereicherung. Meine Faszination f\u00fcr das Wattenmeer und\u2026","rel":"","context":"\u00c4hnlicher Beitrag","img":{"alt_text":"","src":"https:\/\/i0.wp.com\/blogs.nabu.de\/trischen\/wp-content\/uploads\/sites\/7\/2026\/03\/1-e1774958864922-257x300.jpg?resize=350%2C200&ssl=1","width":350,"height":200},"classes":[]},{"id":5631,"url":"https:\/\/blogs.nabu.de\/trischen\/vogelwartin-2021\/","url_meta":{"origin":1831,"position":3},"title":"Vogelwartin 2021","date":"12. M\u00e4rz 2020","format":false,"excerpt":"Moin, und herzlich Willkommen auf dem NABU-blog der Insel Trischen \u2013 sch\u00f6n, dass sie hier vorbeischauen! Mein Name ist Anne Evers und f\u00fcr die Saison 2021 bin ich Vogelwartin auf der Insel Trischen. Trischen liegt in der Schutzzone 1 des Nationalparks Schleswig-Holsteinisches Wattenmeer und darf somit nur von sehr wenigen\u2026","rel":"","context":"\u00c4hnlicher Beitrag","img":{"alt_text":"","src":"","width":0,"height":0},"classes":[]},{"id":7064,"url":"https:\/\/blogs.nabu.de\/trischen\/vogelwartin-2023\/","url_meta":{"origin":1831,"position":4},"title":"Vogelwartin 2023","date":"24. Februar 2023","format":false,"excerpt":"Moin Moin und herzlich willkommen auf dem NABU Blog der Insel Trischen. Egal, ob sie zuf\u00e4llig hereingeschneit sind oder diesen Blog schon l\u00e4nger verfolgen, ich lade sie herzlich dazu ein, mich auf diesen Seiten in den kommenden Monaten bei meinen kleinen und gro\u00dfen Erlebnissen auf Trischen zu begleiten. F\u00fcr den\u2026","rel":"","context":"\u00c4hnlicher Beitrag","img":{"alt_text":"","src":"https:\/\/i0.wp.com\/blogs.nabu.de\/trischen\/wp-content\/uploads\/sites\/7\/2023\/03\/Bild_Melli2-225x300.jpg?resize=350%2C200&ssl=1","width":350,"height":200},"classes":[]},{"id":2038,"url":"https:\/\/blogs.nabu.de\/trischen\/christinkunze\/","url_meta":{"origin":1831,"position":5},"title":"Christin Kunze (2015)","date":"6. April 2017","format":false,"excerpt":"Moin, ich freue mich, dass Sie die Trischen-Website besuchen. Mein Name ist Christin Kunze. Ich bin 27 Jahre alt und in dieser Saison von M\u00e4rz bis Oktober als NABU-Vogelwartin auf Trischen t\u00e4tig. Ob Sie das Geschehen auf Trischen schon l\u00e4nger verfolgen oder gerade erst davon erfahren haben und nun neugierig\u2026","rel":"","context":"\u00c4hnlicher Beitrag","img":{"alt_text":"","src":"https:\/\/i0.wp.com\/blogs.nabu.de\/trischen\/wp-content\/uploads\/sites\/7\/2017\/04\/vogelwartin_spektiv_klein.jpg?resize=350%2C200&ssl=1","width":350,"height":200},"classes":[]}],"jetpack_sharing_enabled":false,"_links":{"self":[{"href":"https:\/\/blogs.nabu.de\/trischen\/wp-json\/wp\/v2\/pages\/1831"}],"collection":[{"href":"https:\/\/blogs.nabu.de\/trischen\/wp-json\/wp\/v2\/pages"}],"about":[{"href":"https:\/\/blogs.nabu.de\/trischen\/wp-json\/wp\/v2\/types\/page"}],"author":[{"embeddable":true,"href":"https:\/\/blogs.nabu.de\/trischen\/wp-json\/wp\/v2\/users\/64"}],"replies":[{"embeddable":true,"href":"https:\/\/blogs.nabu.de\/trischen\/wp-json\/wp\/v2\/comments?post=1831"}],"version-history":[{"count":9,"href":"https:\/\/blogs.nabu.de\/trischen\/wp-json\/wp\/v2\/pages\/1831\/revisions"}],"predecessor-version":[{"id":2897,"href":"https:\/\/blogs.nabu.de\/trischen\/wp-json\/wp\/v2\/pages\/1831\/revisions\/2897"}],"wp:attachment":[{"href":"https:\/\/blogs.nabu.de\/trischen\/wp-json\/wp\/v2\/media?parent=1831"}],"curies":[{"name":"wp","href":"https:\/\/api.w.org\/{rel}","templated":true}]}}