{"id":1778,"date":"2017-02-06T14:33:56","date_gmt":"2017-02-06T13:33:56","guid":{"rendered":"http:\/\/blogs.nabu.de\/trischen\/?page_id=1778"},"modified":"2024-03-04T08:55:46","modified_gmt":"2024-03-04T07:55:46","slug":"archiv","status":"publish","type":"page","link":"https:\/\/blogs.nabu.de\/trischen\/archiv\/","title":{"rendered":"Archiv"},"content":{"rendered":"<p><strong>Ehemalige <\/strong><strong>Vogelwarte<\/strong><\/p>\n<ul>\n<li><a href=\"https:\/\/blogs.nabu.de\/trischen\/vogelwartin-2023\/\">Melanie Theel (2023)<\/a><\/li>\n<li><a href=\"https:\/\/blogs.nabu.de\/trischen\/vogelwart-2022-2\/\">Till Holsten (2022)<\/a><\/li>\n<li><a href=\"https:\/\/blogs.nabu.de\/trischen\/vogelwartin-2021\/\">Anne Evers (2020 \/ 2021)<\/a><\/li>\n<li><span style=\"color: #333333;\"><a style=\"color: #333333;\" href=\"http:\/\/blogs.nabu.de\/trischen\/anne-de-walmont-2019\/\">Anne de Walmont (2019)<\/a><\/span><\/li>\n<li><a href=\"http:\/\/blogs.nabu.de\/trischen\/jonaskotlarz\/\">Jonas (2018)<\/a><\/li>\n<li><a href=\"http:\/\/blogs.nabu.de\/trischen\/toremq\/\">Tore (2017)<\/a><\/li>\n<li><a href=\"http:\/\/blogs.nabu.de\/trischen\/marcovieregge\/\">Marco (2016)<\/a><\/li>\n<li><a href=\"http:\/\/blogs.nabu.de\/trischen\/christinkunze\/\">Christin (2015)<\/a><\/li>\n<\/ul>\n<p><strong>Vogelartenlisten<\/strong><\/p>\n<ul>\n<li><a href=\"http:\/\/blogs.nabu.de\/trischen\/vogelartenliste\/\">Artenliste<\/a><\/li>\n<\/ul>\n<p><strong>Brutv\u00f6gel<\/strong><\/p>\n<ul>\n<li><a href=\"https:\/\/blogs.nabu.de\/trischen\/brutvoegel\/brutvoegel-2018\/\">Brutvogeldaten 2018<\/a><\/li>\n<li><a href=\"https:\/\/blogs.nabu.de\/trischen\/brutvoegel\/brutvogeldaten-2017\/\">Brutvogeldaten 2017<\/a><\/li>\n<li><a href=\"http:\/\/blogs.nabu.de\/trischen\/brutvogeldaten-2016\/\">Brutvogeldaten 2016<\/a><\/li>\n<\/ul>\n<p><strong>Blogbeitr\u00e4ge<\/strong><\/p>\n<ul>\n<li><a href=\"https:\/\/blogs.nabu.de\/trischen\/2018\/\">2018<\/a><\/li>\n<li><a href=\"https:\/\/blogs.nabu.de\/trischen\/2017\/\">2017<\/a><\/li>\n<li><a href=\"https:\/\/blogs.nabu.de\/trischen\/2016\/\">2016<\/a><\/li>\n<\/ul>\n<p><strong>Beobachtungsliste<\/strong><\/p>\n<ul>\n<li><a href=\"https:\/\/blogs.nabu.de\/trischen\/category\/beobachtungen\/\">seit 2017<\/a><\/li>\n<li><a href=\"http:\/\/blogs.nabu.de\/trischen\/beobachtungsliste2016\">2016<\/a><\/li>\n<\/ul>\n<p><strong>Strandfunde<\/strong><\/p>\n<ul>\n<li><a href=\"https:\/\/blogs.nabu.de\/trischen\/category\/strandfunde\/\">seit 2017<\/a><\/li>\n<li><a href=\"https:\/\/blogs.nabu.de\/trischen\/strandfunde2016\/\">2016<\/a><\/li>\n<\/ul>\n<p><strong>Trischen in Bildern<\/strong><\/p>\n<ul>\n<li><a href=\"https:\/\/blogs.nabu.de\/trischen\/trischen-in-bildern-2020\/\">2020<\/a><\/li>\n<li><a href=\"https:\/\/blogs.nabu.de\/trischen\/trischen-in-bildern2018\/\">2018<\/a><\/li>\n<li><a href=\"https:\/\/blogs.nabu.de\/trischen\/trischen-in-bildern2017\/\">2017<\/a><\/li>\n<li><a href=\"https:\/\/blogs.nabu.de\/trischen\/trischen-in-bildern2016\/\">2016<\/a><\/li>\n<\/ul>\n<p><strong>Alle Blogeintr\u00e4ge sortiert nach&#8230;<\/strong><\/p>\n<!-- Begin Yuzo --><div class='yuzo_related_post style-1'  data-version='5.12.74'><!-- without result --><div class='yuzo_clearfixed yuzo__title yuzo__title'><h3>Related Post<\/h3><\/div>\n\t\t\t\t\t\t  <div class=\"relatedthumb \" style=\"width:145px;float:left;overflow:hidden;\">  \n\t\t\t\t\t\t\t  \n\t\t\t\t\t\t\t  <a  href=\"https:\/\/blogs.nabu.de\/trischen\/rauchschwalben-beziehen-nisthilfe-an-der-huette\/\"  >\n\t\t\t\t\t\t\t\t\t  <div class=\"yuzo-img-wrap \" style=\"width: 145px;height:145px;\">\n\t\t\t\t\t\t\t\t\t\t\n\t\t\t\t\t\t\t\t\t\t<div class=\"yuzo-img\" style=\"background:url('https:\/\/blogs.nabu.de\/trischen\/wp-content\/uploads\/sites\/7\/2016\/06\/Rauchschwalben-brueten-III-150x150.jpg') 50% 50% no-repeat;width: 145px;height:145px;margin-bottom: 5px;background-size: cover; \"><\/div>\n\t\t\t\t\t\t\t\t\t  <\/div>\n\t\t\t\t\t\t\t\t\t  \n\t\t\t\t\t\t\t\t   <span class=\"yuzo__text--title\" style=\"font-size:14px;\">Rauchschwalben beziehen Nisthilfe an der H\u00fctte<\/span>\n\t\t\t\t\t\t\t  \n\t\t\t\t\t\t\t  \n\t\t\t\t\t\t\t  <\/a>\n\n\t\t\t\t\t\t  <\/div>\n\t\t\t\t\t\t  <div class=\"relatedthumb \" style=\"width:145px;float:left;overflow:hidden;\">  \n\t\t\t\t\t\t\t  \n\t\t\t\t\t\t\t  <a  href=\"https:\/\/blogs.nabu.de\/trischen\/vogelwaerterfreunde\/\"  >\n\t\t\t\t\t\t\t\t\t  <div class=\"yuzo-img-wrap \" style=\"width: 145px;height:145px;\">\n\t\t\t\t\t\t\t\t\t\t\n\t\t\t\t\t\t\t\t\t\t<div class=\"yuzo-img\" style=\"background:url('https:\/\/blogs.nabu.de\/trischen\/wp-content\/uploads\/sites\/7\/2024\/09\/240818_Oeff_Trischen_ZPB-1-Wasserzeichen-150x150.jpg') 50% 50% no-repeat;width: 145px;height:145px;margin-bottom: 5px;background-size: cover; \"><\/div>\n\t\t\t\t\t\t\t\t\t  <\/div>\n\t\t\t\t\t\t\t\t\t  \n\t\t\t\t\t\t\t\t   <span class=\"yuzo__text--title\" style=\"font-size:14px;\">Vogelw\u00e4rterfreunde<\/span>\n\t\t\t\t\t\t\t  \n\t\t\t\t\t\t\t  \n\t\t\t\t\t\t\t  <\/a>\n\n\t\t\t\t\t\t  <\/div>\n\t\t\t\t\t\t  <div class=\"relatedthumb \" style=\"width:145px;float:left;overflow:hidden;\">  \n\t\t\t\t\t\t\t  \n\t\t\t\t\t\t\t  <a  href=\"https:\/\/blogs.nabu.de\/trischen\/die-letzten-tage\/\"  >\n\t\t\t\t\t\t\t\t\t  <div class=\"yuzo-img-wrap \" style=\"width: 145px;height:145px;\">\n\t\t\t\t\t\t\t\t\t\t\n\t\t\t\t\t\t\t\t\t\t<div class=\"yuzo-img\" style=\"background:url('https:\/\/blogs.nabu.de\/trischen\/wp-content\/uploads\/sites\/7\/2019\/10\/Salzwiese-150x150.jpg') 50% 50% no-repeat;width: 145px;height:145px;margin-bottom: 5px;background-size: cover; \"><\/div>\n\t\t\t\t\t\t\t\t\t  <\/div>\n\t\t\t\t\t\t\t\t\t  \n\t\t\t\t\t\t\t\t   <span class=\"yuzo__text--title\" style=\"font-size:14px;\">Die letzten Tage<\/span>\n\t\t\t\t\t\t\t  \n\t\t\t\t\t\t\t  \n\t\t\t\t\t\t\t  <\/a>\n\n\t\t\t\t\t\t  <\/div>\n\t\t\t\t\t\t  <div class=\"relatedthumb \" style=\"width:145px;float:left;overflow:hidden;\">  \n\t\t\t\t\t\t\t  \n\t\t\t\t\t\t\t  <a  href=\"https:\/\/blogs.nabu.de\/trischen\/fuer-zwischendurch-etwas-andere-insel-gedanken\/\"  >\n\t\t\t\t\t\t\t\t\t  <div class=\"yuzo-img-wrap \" style=\"width: 145px;height:145px;\">\n\t\t\t\t\t\t\t\t\t\t\n\t\t\t\t\t\t\t\t\t\t<div class=\"yuzo-img\" style=\"background:url('https:\/\/blogs.nabu.de\/trischen\/wp-content\/uploads\/sites\/7\/2023\/04\/M\u00f6weRing_komprimiert-150x150.jpg') 50% 50% no-repeat;width: 145px;height:145px;margin-bottom: 5px;background-size: cover; \"><\/div>\n\t\t\t\t\t\t\t\t\t  <\/div>\n\t\t\t\t\t\t\t\t\t  \n\t\t\t\t\t\t\t\t   <span class=\"yuzo__text--title\" style=\"font-size:14px;\">F\u00fcr Zwischendurch: Etwas andere Insel-Gedanken<\/span>\n\t\t\t\t\t\t\t  \n\t\t\t\t\t\t\t  \n\t\t\t\t\t\t\t  <\/a>\n\n\t\t\t\t\t\t  <\/div>\n<\/div> <style>\n\t\t\t\t\t\t\t\t.yuzo_related_post img{width:155px !important; height:145px !important;}\n\t\t\t\t\t\t\t\t.yuzo_related_post .relatedthumb{line-height:16px;background: !important;color:!important;}\n\t\t\t\t\t\t\t\t.yuzo_related_post .relatedthumb:hover{background:#fcfcf4 !important; -webkit-transition: background 0.2s linear; -moz-transition: background 0.2s linear; -o-transition: background 0.2s linear; transition: background 0.2s linear;;color:!important;}\n\t\t\t\t\t\t\t\t.yuzo_related_post .relatedthumb a{color:!important;}\n\t\t\t\t\t\t\t\t.yuzo_related_post .relatedthumb a:hover{ color:}!important;}\n\t\t\t\t\t\t\t\t.yuzo_related_post .relatedthumb:hover a{ color:!important;}\n\t\t\t\t\t\t\t\t.yuzo_related_post .yuzo_text {color:!important;}\n\t\t\t\t\t\t\t\t.yuzo_related_post .relatedthumb:hover .yuzo_text {color:!important;}\n\t\t\t\t\t\t\t\t.yuzo_related_post .relatedthumb{  margin: 0px  0px  0px  0px;   padding: 5px  5px  5px  5px;  }\n\t\t\t\t\t\t\t\t\n\t\t\t\t\t\t\t\t<\/style> <script>\n\t\t\t\t\t\t  jQuery(document).ready(function( $ ){\n\t\t\t\t\t\t\t\/\/jQuery('.yuzo_related_post').equalizer({ overflow : 'relatedthumb' });\n\t\t\t\t\t\t\tjQuery('.yuzo_related_post .yuzo_wraps').equalizer({ columns : '> div' });\n\t\t\t\t\t\t   })\n\t\t\t\t\t\t  <\/script> <!-- End Yuzo :) -->","protected":false},"excerpt":{"rendered":"<p>Ehemalige Vogelwarte Melanie Theel (2023) Till Holsten (2022) Anne Evers (2020 \/ 2021) Anne de Walmont (2019) Jonas (2018) Tore (2017) Marco (2016) Christin (2015) Vogelartenlisten Artenliste Brutv\u00f6gel [&hellip;]<\/p>\n","protected":false},"author":1,"featured_media":0,"parent":0,"menu_order":0,"comment_status":"closed","ping_status":"closed","template":"archives.php","meta":{"jetpack_post_was_ever_published":false},"jetpack_shortlink":"https:\/\/wp.me\/P7gGqE-sG","jetpack-related-posts":[{"id":5621,"url":"https:\/\/blogs.nabu.de\/trischen\/anne-de-walmont-2019\/","url_meta":{"origin":1778,"position":0},"title":"Die Vogelwartin 2019","date":"9. M\u00e4rz 2020","format":false,"excerpt":"Moin, (Foto: A. de Walmont) sch\u00f6n, dass Sie auf dem NABU-blog der Insel Trischen vorbeischauen! Mein Name ist Anne de Walmont und f\u00fcr die Saison 2019 bin ich\u00a0 die Vogelwartin auf Trischen. Auf dieser Internetseite werde ich \u00fcber aktuelle Geschehnisse und Beobachtungen auf der Insel berichten. Aufgewachsen an der nieders\u00e4chsischen\u2026","rel":"","context":"\u00c4hnlicher Beitrag","img":{"alt_text":"","src":"https:\/\/i0.wp.com\/blogs.nabu.de\/trischen\/wp-content\/uploads\/sites\/7\/2019\/04\/Anne-de-Walmont220.jpg?resize=350%2C200&ssl=1","width":350,"height":200},"classes":[]},{"id":5631,"url":"https:\/\/blogs.nabu.de\/trischen\/vogelwartin-2021\/","url_meta":{"origin":1778,"position":1},"title":"Vogelwartin 2021","date":"12. M\u00e4rz 2020","format":false,"excerpt":"Moin, und herzlich Willkommen auf dem NABU-blog der Insel Trischen \u2013 sch\u00f6n, dass sie hier vorbeischauen! Mein Name ist Anne Evers und f\u00fcr die Saison 2021 bin ich Vogelwartin auf der Insel Trischen. Trischen liegt in der Schutzzone 1 des Nationalparks Schleswig-Holsteinisches Wattenmeer und darf somit nur von sehr wenigen\u2026","rel":"","context":"\u00c4hnlicher Beitrag","img":{"alt_text":"","src":"","width":0,"height":0},"classes":[]},{"id":897,"url":"https:\/\/blogs.nabu.de\/trischen\/brutvoegel\/brutvogeldaten-2016\/","url_meta":{"origin":1778,"position":2},"title":"Brutvogeldaten 2016","date":"4. Juli 2016","format":false,"excerpt":"Auf dieser Seite sind die Brutvogeldaten des Jahres 2016 f\u00fcr Sie aufbereitet und zur Verf\u00fcgung gestellt. F\u00fcr jede der Arten, die in den letzten Jahren regelm\u00e4\u00dfig auf Trischen br\u00fcteteten, ist eine Grafik mit der Bestandsentwicklung der letzten 16 Jahren angef\u00fchrt. Zudem gibt die Tabelle exakte Zahlen f\u00fcr die letzen vier\u2026","rel":"","context":"\u00c4hnlicher Beitrag","img":{"alt_text":"","src":"https:\/\/i0.wp.com\/blogs.nabu.de\/trischen\/wp-content\/uploads\/sites\/7\/2016\/07\/Sturmm\u00f6we-300x225.jpg?resize=350%2C200&ssl=1","width":350,"height":200},"classes":[]},{"id":1820,"url":"https:\/\/blogs.nabu.de\/trischen\/beobachtungsliste2017\/","url_meta":{"origin":1778,"position":3},"title":"Beobachtungsliste","date":"18. Februar 2017","format":false,"excerpt":"In dieser Rubrik werden spannende Beobachtungen, die auf Trischen gemacht werden, aufgelistet und dargestellt.","rel":"","context":"\u00c4hnlicher Beitrag","img":{"alt_text":"","src":"https:\/\/i0.wp.com\/blogs.nabu.de\/trischen\/wp-content\/uploads\/sites\/7\/2016\/03\/DSC04841-Kopie.jpg?resize=350%2C200","width":350,"height":200},"classes":[]},{"id":138,"url":"https:\/\/blogs.nabu.de\/trischen\/marcovieregge\/","url_meta":{"origin":1778,"position":4},"title":"Marco Vieregge (2016)","date":"3. M\u00e4rz 2016","format":false,"excerpt":"Moin, Ich bin Marco Maier (weil ich geheiratet habe, hei\u00dfe ich seit Okt. 2016 Marco Vieregge) und betreue Trischen in der Saison 2016 als Vogelwart. Daf\u00fcr lebe ich von M\u00e4rz bis Oktober in einer kleinen H\u00fctte auf der Insel. Mit diesem Blog versuche ich, Sie durch Bilder und Beitr\u00e4ge auf\u2026","rel":"","context":"\u00c4hnlicher Beitrag","img":{"alt_text":"","src":"https:\/\/i0.wp.com\/blogs.nabu.de\/trischen\/wp-content\/uploads\/sites\/7\/2016\/03\/DSC08040-Kopie-225x300.jpg?resize=350%2C200","width":350,"height":200},"classes":[]},{"id":191,"url":"https:\/\/blogs.nabu.de\/trischen\/beobachtungsliste2016\/","url_meta":{"origin":1778,"position":5},"title":"Beobachtungsliste 2016","date":"4. M\u00e4rz 2016","format":false,"excerpt":"16 Oktober Der Nebel zwang einige Singv\u00f6gel zur Rast. W\u00e4re ich nicht mit dem Auszug besch\u00e4ftigt gewesen, so h\u00e4tte ich heute etliche Drosseln und Rotkehlchen, Wintergoldh\u00e4nchen usw. an der H\u00fctte beobachten k\u00f6nnen. Geh\u00f6rt hatte ich zumindest einige! Auch G\u00e4nse, vor allem Nonneng\u00e4nse und Bl\u00e4\u00dfg\u00e4nse zogen, hoch \u00fcber dem Nebel \u00fcber\u2026","rel":"","context":"\u00c4hnlicher Beitrag","img":{"alt_text":"","src":"https:\/\/i0.wp.com\/blogs.nabu.de\/trischen\/wp-content\/uploads\/sites\/7\/2016\/03\/DSC07216.jpg?resize=350%2C200&ssl=1","width":350,"height":200},"classes":[]}],"jetpack_sharing_enabled":false,"_links":{"self":[{"href":"https:\/\/blogs.nabu.de\/trischen\/wp-json\/wp\/v2\/pages\/1778"}],"collection":[{"href":"https:\/\/blogs.nabu.de\/trischen\/wp-json\/wp\/v2\/pages"}],"about":[{"href":"https:\/\/blogs.nabu.de\/trischen\/wp-json\/wp\/v2\/types\/page"}],"author":[{"embeddable":true,"href":"https:\/\/blogs.nabu.de\/trischen\/wp-json\/wp\/v2\/users\/1"}],"replies":[{"embeddable":true,"href":"https:\/\/blogs.nabu.de\/trischen\/wp-json\/wp\/v2\/comments?post=1778"}],"version-history":[{"count":35,"href":"https:\/\/blogs.nabu.de\/trischen\/wp-json\/wp\/v2\/pages\/1778\/revisions"}],"predecessor-version":[{"id":7593,"href":"https:\/\/blogs.nabu.de\/trischen\/wp-json\/wp\/v2\/pages\/1778\/revisions\/7593"}],"wp:attachment":[{"href":"https:\/\/blogs.nabu.de\/trischen\/wp-json\/wp\/v2\/media?parent=1778"}],"curies":[{"name":"wp","href":"https:\/\/api.w.org\/{rel}","templated":true}]}}