{"id":138,"date":"2016-03-03T09:57:44","date_gmt":"2016-03-03T08:57:44","guid":{"rendered":"http:\/\/blogs.nabu.de\/trischen\/?page_id=138"},"modified":"2017-03-30T15:43:29","modified_gmt":"2017-03-30T13:43:29","slug":"marcovieregge","status":"publish","type":"page","link":"https:\/\/blogs.nabu.de\/trischen\/marcovieregge\/","title":{"rendered":"Marco Vieregge (2016)"},"content":{"rendered":"<p style=\"text-align: justify\"><strong>Moin,<\/strong><\/p>\n<p style=\"text-align: justify\">Ich bin Marco Maier (weil ich geheiratet habe, hei\u00dfe ich seit Okt. 2016 Marco Vieregge) und betreue Trischen in der Saison 2016 als Vogelwart.<\/p>\n<div id=\"attachment_1218\" style=\"width: 310px\" class=\"wp-caption alignright\"><img aria-describedby=\"caption-attachment-1218\" data-attachment-id=\"1218\" data-permalink=\"https:\/\/blogs.nabu.de\/trischen\/marcovieregge\/dsc08040-kopie\/\" data-orig-file=\"https:\/\/blogs.nabu.de\/trischen\/wp-content\/uploads\/sites\/7\/2016\/03\/DSC08040-Kopie.jpg\" data-orig-size=\"750,1000\" data-comments-opened=\"0\" data-image-meta=\"{&quot;aperture&quot;:&quot;8&quot;,&quot;credit&quot;:&quot;&quot;,&quot;camera&quot;:&quot;DSC-HX60&quot;,&quot;caption&quot;:&quot;&quot;,&quot;created_timestamp&quot;:&quot;1463507811&quot;,&quot;copyright&quot;:&quot;&quot;,&quot;focal_length&quot;:&quot;4.3&quot;,&quot;iso&quot;:&quot;100&quot;,&quot;shutter_speed&quot;:&quot;0.033333333333333&quot;,&quot;title&quot;:&quot;&quot;,&quot;orientation&quot;:&quot;1&quot;}\" data-image-title=\"Marco Maier_ Vogelwart Trischen 2016 (Foto: M.Maier)\" data-image-description=\"\" data-image-caption=\"&lt;p&gt;Marco Maier_ Vogelwart Trischen 2016&lt;\/p&gt;\n\" data-medium-file=\"https:\/\/blogs.nabu.de\/trischen\/wp-content\/uploads\/sites\/7\/2016\/03\/DSC08040-Kopie-225x300.jpg\" data-large-file=\"https:\/\/blogs.nabu.de\/trischen\/wp-content\/uploads\/sites\/7\/2016\/03\/DSC08040-Kopie-750x1000.jpg\" decoding=\"async\" loading=\"lazy\" class=\"wp-image-1218\" src=\"http:\/\/blogs.nabu.de\/trischen\/wp-content\/uploads\/sites\/7\/2016\/03\/DSC08040-Kopie-225x300.jpg\" alt=\"Marco Maier - Vogelwart auf Trischen 2016\" width=\"300\" height=\"400\" \/><p id=\"caption-attachment-1218\" class=\"wp-caption-text\">Marco Maier &#8211; Vogelwart auf Trischen 2016<\/p><\/div>\n<p style=\"text-align: justify\">Daf\u00fcr lebe ich von M\u00e4rz bis Oktober in einer kleinen H\u00fctte auf der Insel. Mit diesem Blog versuche ich, Sie durch Bilder und Beitr\u00e4ge auf dem Laufenden zu halten und Sie mit spannenden Geschichten von der Insel zu versorgen. Neben dem &#8222;Schaufenster&#8220;, was einen aktuellen Einblick in das Geschehen auf der Insel gibt, gibt es die Rubriken &#8222;Strandfunde&#8220;, &#8222;Beobachtungsliste&#8220; und &#8222;Bildergalerie&#8220;. Hier stelle ich spannende Beobachtungen und Strandfunde sowie sch\u00f6ne Bilder aus dem jeweiligen Monat vor. Ich hoffe, die Homepage sagt Ihnen zu und Sie besuchen sie das ein oder andere Mal.<\/p>\n<p style=\"text-align: justify\">Ein Vogelwart hat verschiedenste Aufgaben und ein relativ breites Einsatzgebiet: Neben den Rastv\u00f6geln, die ich regelm\u00e4\u00dfig zu Hochwasser erfasse, kartiere ich die Brut- aber auch die Zugv\u00f6gel nach einem standardisierten Verfahren.<\/p>\n<p style=\"text-align: justify\">Au\u00dferhalb der ornithologischen Arbeiten darf ich die Wetter- und Schiffserfassung nicht vergessen. Auch die Meeress\u00e4uger habe ich im Blick. St\u00f6rungen durch Schiffe oder Flugzeuge nehme ich auf und melde sie gegebenenfalls. Denn die Bewohner und die G\u00e4ste der Insel w\u00fcrden auf Trischen sehr gerne ungest\u00f6rt rasten und ihrer Brut nachgehen!<\/p>\n<p style=\"text-align: justify\">Im Sommer wende ich mich der Insel selbst und ihrer Wanderung durch das Wattenmeer zu. Denn Trischen ist eine der letzten Inseln im Nationalparkt, die frei &#8222;umherwandern&#8220; d\u00fcrfen, ohne dass der Mensch ihren Lauf durch K\u00fcstenschutzbauwerke beeiflusst.<\/p>\n<p style=\"text-align: justify\">Nicht nur die Tierwelt, auch die Flora auf Trischen wird untersucht und kartiert. Daf\u00fcr kommen Experten vom Festland zu mir auf die Insel. Das Watt um Trischen herum ist f\u00fcr die Brut- und Rastv\u00f6gel sehr wichtig, da sie hier bei Ebbe Muscheln und Krebse zur Nahrung finden. Aus diesem Grund wird das\u00a0 Watt von mir\u00a0 genauer unter die Lupe genommen. Ich werde, einmal im Fr\u00fchling und einmal im Hochsommer, nachsehen, wie es um seine Bewohner bestellt ist.<\/p>\n<p style=\"text-align: justify\">Ein ebenfalls sehr wichtiger Bereich meiner T\u00e4tigkeit ist die \u00d6ffentlichkeitsarbeit: \u00dcber diese Homepage (aber auch durch evtl. Fernsehbeitr\u00e4ge oder Interviews) versuche ich, Ihnen so viel wie m\u00f6glich \u00fcber Trischen zu erz\u00e4hlen und Ihnen die Insel, ihre Bewohner und ihre Geschichten so nah wie m\u00f6glich zu bringen.<\/p>\n<p style=\"text-align: justify\">Da f\u00fcr die Insel ein striktes Betretungsverbot gilt, k\u00f6nnen Besuche nur virtuell, \u00fcber diese Homepage gemacht werden. Daf\u00fcr aber sooft Sie wollen und zu jeder Tageszeit. F\u00fcr Ihre Meinung und Ihre Geschichten interessiere ich mich sehr und daher freue ich mich stets \u00fcber neue Eintr\u00e4ge im G\u00e4stebuch.<\/p>\n<p style=\"text-align: justify\">Ich freue mich auf eine spannende und ereignisreiche Saison 2016 und hoffe, dass ich Ihnen durch meinen Bericht die Insel Trischen und ihre Besonderheit im Wattenmeer etwas n\u00e4her bringen kann. Wenn Sie Trischen bereits aus den vergangenen Jahren kennen, dann w\u00fcnsche ich Ihnen viel Spa\u00df beim Erleben dieser neuen Saison, allen anderen w\u00fcnsche ich viel Vergn\u00fcgen beim Entdecken der Insel!<\/p>\n<p style=\"text-align: center\"><a href=\"https:\/\/blogs.nabu.de\/trischen\/archiv\/\">Zur\u00fcck zum Archiv<\/a><\/p>\n<!-- Begin Yuzo --><div class='yuzo_related_post style-1'  data-version='5.12.74'><!-- without result --><div class='yuzo_clearfixed yuzo__title yuzo__title'><h3>Related Post<\/h3><\/div>\n\t\t\t\t\t\t  <div class=\"relatedthumb \" style=\"width:145px;float:left;overflow:hidden;\">  \n\t\t\t\t\t\t\t  \n\t\t\t\t\t\t\t  <a  href=\"https:\/\/blogs.nabu.de\/trischen\/international-coastal-cleanup-day\/\"  >\n\t\t\t\t\t\t\t\t\t  <div class=\"yuzo-img-wrap \" style=\"width: 145px;height:145px;\">\n\t\t\t\t\t\t\t\t\t\t\n\t\t\t\t\t\t\t\t\t\t<div class=\"yuzo-img\" style=\"background:url('https:\/\/blogs.nabu.de\/trischen\/wp-content\/uploads\/sites\/7\/2016\/09\/CleanUpDay-4-150x150.jpg') 50% 50% no-repeat;width: 145px;height:145px;margin-bottom: 5px;background-size: cover; \"><\/div>\n\t\t\t\t\t\t\t\t\t  <\/div>\n\t\t\t\t\t\t\t\t\t  \n\t\t\t\t\t\t\t\t   <span class=\"yuzo__text--title\" style=\"font-size:14px;\">International Coastal Cleanup Day<\/span>\n\t\t\t\t\t\t\t  \n\t\t\t\t\t\t\t  \n\t\t\t\t\t\t\t  <\/a>\n\n\t\t\t\t\t\t  <\/div>\n\t\t\t\t\t\t  <div class=\"relatedthumb \" style=\"width:145px;float:left;overflow:hidden;\">  \n\t\t\t\t\t\t\t  \n\t\t\t\t\t\t\t  <a  href=\"https:\/\/blogs.nabu.de\/trischen\/sturm-bringt-schwalbenmoewe-nach-trischen\/\"  >\n\t\t\t\t\t\t\t\t\t  <div class=\"yuzo-img-wrap \" style=\"width: 145px;height:145px;\">\n\t\t\t\t\t\t\t\t\t\t\n\t\t\t\t\t\t\t\t\t\t<div class=\"yuzo-img\" style=\"background:url('https:\/\/blogs.nabu.de\/trischen\/wp-content\/uploads\/sites\/7\/2019\/09\/Schwalbenm\u00f6we-auf-Trischen-150x150.jpg') 50% 50% no-repeat;width: 145px;height:145px;margin-bottom: 5px;background-size: cover; \"><\/div>\n\t\t\t\t\t\t\t\t\t  <\/div>\n\t\t\t\t\t\t\t\t\t  \n\t\t\t\t\t\t\t\t   <span class=\"yuzo__text--title\" style=\"font-size:14px;\">Sturm bringt Schwalbenm\u00f6we nach Trischen<\/span>\n\t\t\t\t\t\t\t  \n\t\t\t\t\t\t\t  \n\t\t\t\t\t\t\t  <\/a>\n\n\t\t\t\t\t\t  <\/div>\n\t\t\t\t\t\t  <div class=\"relatedthumb \" style=\"width:145px;float:left;overflow:hidden;\">  \n\t\t\t\t\t\t\t  \n\t\t\t\t\t\t\t  <a  href=\"https:\/\/blogs.nabu.de\/trischen\/mein-manifesttag\/\"  >\n\t\t\t\t\t\t\t\t\t  <div class=\"yuzo-img-wrap \" style=\"width: 145px;height:145px;\">\n\t\t\t\t\t\t\t\t\t\t\n\t\t\t\t\t\t\t\t\t\t<div class=\"yuzo-img\" style=\"background:url('https:\/\/blogs.nabu.de\/trischen\/wp-content\/uploads\/sites\/7\/2022\/05\/20220512_200615klein-150x150.jpg') 50% 50% no-repeat;width: 145px;height:145px;margin-bottom: 5px;background-size: cover; \"><\/div>\n\t\t\t\t\t\t\t\t\t  <\/div>\n\t\t\t\t\t\t\t\t\t  \n\t\t\t\t\t\t\t\t   <span class=\"yuzo__text--title\" style=\"font-size:14px;\">Mein Manifesttag<\/span>\n\t\t\t\t\t\t\t  \n\t\t\t\t\t\t\t  \n\t\t\t\t\t\t\t  <\/a>\n\n\t\t\t\t\t\t  <\/div>\n\t\t\t\t\t\t  <div class=\"relatedthumb \" style=\"width:145px;float:left;overflow:hidden;\">  \n\t\t\t\t\t\t\t  \n\t\t\t\t\t\t\t  <a  href=\"https:\/\/blogs.nabu.de\/trischen\/kuestenputztag\/\"  >\n\t\t\t\t\t\t\t\t\t  <div class=\"yuzo-img-wrap \" style=\"width: 145px;height:145px;\">\n\t\t\t\t\t\t\t\t\t\t\n\t\t\t\t\t\t\t\t\t\t<div class=\"yuzo-img\" style=\"background:url('https:\/\/blogs.nabu.de\/trischen\/wp-content\/uploads\/sites\/7\/2021\/09\/IMG_0063-150x150.jpg') 50% 50% no-repeat;width: 145px;height:145px;margin-bottom: 5px;background-size: cover; \"><\/div>\n\t\t\t\t\t\t\t\t\t  <\/div>\n\t\t\t\t\t\t\t\t\t  \n\t\t\t\t\t\t\t\t   <span class=\"yuzo__text--title\" style=\"font-size:14px;\">K\u00fcstenputztag<\/span>\n\t\t\t\t\t\t\t  \n\t\t\t\t\t\t\t  \n\t\t\t\t\t\t\t  <\/a>\n\n\t\t\t\t\t\t  <\/div>\n<\/div> <style>\n\t\t\t\t\t\t\t\t.yuzo_related_post img{width:155px !important; height:145px !important;}\n\t\t\t\t\t\t\t\t.yuzo_related_post .relatedthumb{line-height:16px;background: !important;color:!important;}\n\t\t\t\t\t\t\t\t.yuzo_related_post .relatedthumb:hover{background:#fcfcf4 !important; -webkit-transition: background 0.2s linear; -moz-transition: background 0.2s linear; -o-transition: background 0.2s linear; transition: background 0.2s linear;;color:!important;}\n\t\t\t\t\t\t\t\t.yuzo_related_post .relatedthumb a{color:!important;}\n\t\t\t\t\t\t\t\t.yuzo_related_post .relatedthumb a:hover{ color:}!important;}\n\t\t\t\t\t\t\t\t.yuzo_related_post .relatedthumb:hover a{ color:!important;}\n\t\t\t\t\t\t\t\t.yuzo_related_post .yuzo_text {color:!important;}\n\t\t\t\t\t\t\t\t.yuzo_related_post .relatedthumb:hover .yuzo_text {color:!important;}\n\t\t\t\t\t\t\t\t.yuzo_related_post .relatedthumb{  margin: 0px  0px  0px  0px;   padding: 5px  5px  5px  5px;  }\n\t\t\t\t\t\t\t\t\n\t\t\t\t\t\t\t\t<\/style> <script>\n\t\t\t\t\t\t  jQuery(document).ready(function( $ ){\n\t\t\t\t\t\t\t\/\/jQuery('.yuzo_related_post').equalizer({ overflow : 'relatedthumb' });\n\t\t\t\t\t\t\tjQuery('.yuzo_related_post .yuzo_wraps').equalizer({ columns : '> div' });\n\t\t\t\t\t\t   })\n\t\t\t\t\t\t  <\/script> <!-- End Yuzo :) -->","protected":false},"excerpt":{"rendered":"<p>Moin, Ich bin Marco Maier (weil ich geheiratet habe, hei\u00dfe ich seit Okt. 2016 Marco Vieregge) und betreue Trischen in der Saison 2016 als Vogelwart. Daf\u00fcr lebe ich [&hellip;]<\/p>\n","protected":false},"author":50,"featured_media":0,"parent":0,"menu_order":0,"comment_status":"closed","ping_status":"closed","template":"","meta":{"jetpack_post_was_ever_published":false},"jetpack_shortlink":"https:\/\/wp.me\/P7gGqE-2e","jetpack-related-posts":[{"id":1778,"url":"https:\/\/blogs.nabu.de\/trischen\/archiv\/","url_meta":{"origin":138,"position":0},"title":"Archiv","date":"6. Februar 2017","format":false,"excerpt":"Ehemalige Vogelwarte Melanie Theel (2023) Till Holsten (2022) Anne Evers (2020 \/ 2021) Anne de Walmont (2019) Jonas (2018) Tore (2017) Marco (2016) Christin (2015) Vogelartenlisten Artenliste Brutv\u00f6gel Brutvogeldaten 2018 Brutvogeldaten 2017 Brutvogeldaten 2016 Blogbeitr\u00e4ge 2018 2017 2016 Beobachtungsliste seit 2017 2016 Strandfunde seit 2017 2016 Trischen in Bildern 2020\u2026","rel":"","context":"\u00c4hnlicher Beitrag","img":{"alt_text":"","src":"","width":0,"height":0},"classes":[]},{"id":2898,"url":"https:\/\/blogs.nabu.de\/trischen\/jonaskotlarz\/","url_meta":{"origin":138,"position":1},"title":"Jonas Kotlarz (2018)","date":"14. Februar 2018","format":false,"excerpt":"Moin, herzlich willkommen auf diesem Blog, ich freue mich \u00fcber Ihren Besuch. Mein Name ist Jonas Kotlarz und in diesem Jahr habe ich die gro\u00dfe Ehre, als NABU-Vogelwart die Saison von M\u00e4rz bis Oktober auf der Insel Trischen verbringen zu d\u00fcrfen. An dem Leben unter V\u00f6geln und im Rhythmus der\u2026","rel":"","context":"\u00c4hnlicher Beitrag","img":{"alt_text":"","src":"https:\/\/i0.wp.com\/blogs.nabu.de\/trischen\/wp-content\/uploads\/sites\/7\/2018\/02\/JonasKotlarz_Vogelwart2018-300x200.jpg?resize=350%2C200","width":350,"height":200},"classes":[]},{"id":1831,"url":"https:\/\/blogs.nabu.de\/trischen\/toremq\/","url_meta":{"origin":138,"position":2},"title":"Tore Mayland-Quellhorst (2017)","date":"18. Februar 2017","format":false,"excerpt":"Moin, es freut mich, dass Sie den Weg auf dieses Blog gefunden haben. Mein Name ist Tore Mayland-Quellhorst und f\u00fcr dieses Jahr bin ich der \u201eVogelwart\u201c von Trischen. Genau genommen lebe ich von M\u00e4rz bis Oktober auf der Insel, da das Wetter und die See im Rest des Jahres zu\u2026","rel":"","context":"\u00c4hnlicher Beitrag","img":{"alt_text":"","src":"https:\/\/i0.wp.com\/blogs.nabu.de\/trischen\/wp-content\/uploads\/sites\/7\/2017\/03\/toremq2_web-300x200.jpg?resize=350%2C200","width":350,"height":200},"classes":[]},{"id":1815,"url":"https:\/\/blogs.nabu.de\/trischen\/strandfunde2017\/","url_meta":{"origin":138,"position":3},"title":"Strandfunde","date":"18. Februar 2017","format":false,"excerpt":"Hier werden die Strandfunde, die im Laufe der Saison gemacht werden,\u00a0 vorgestellt und die ein oder andere Geschichte dazu erz\u00e4hlt.","rel":"","context":"\u00c4hnlicher Beitrag","img":{"alt_text":"","src":"https:\/\/i0.wp.com\/blogs.nabu.de\/trischen\/wp-content\/uploads\/sites\/7\/2016\/03\/US-Menu-18-Kopie.jpg?resize=350%2C200","width":350,"height":200},"classes":[]},{"id":193,"url":"https:\/\/blogs.nabu.de\/trischen\/strandfunde2016\/","url_meta":{"origin":138,"position":4},"title":"Strandfunde 2016","date":"4. M\u00e4rz 2016","format":false,"excerpt":"Ei eines Nagelrochens Es gibt Rochenarten, die geb\u00e4ren lebend, \u201eEchte Rochen\u201c (Raiidae) hingegen legen Eier. Diese Eier sind \u00a0charakteristisch geformt und nicht allzu selten am Strand der Nord- und Ostsee zu finden. So fand ich heute eines. Diese Eikapsel stammt von einem Nagelrochen (Raja cavata). Nagelrochen k\u00f6nnen bis zu 1,2m\u2026","rel":"","context":"\u00c4hnlicher Beitrag","img":{"alt_text":"","src":"https:\/\/i0.wp.com\/blogs.nabu.de\/trischen\/wp-content\/uploads\/sites\/7\/2016\/03\/Rochenei-2-Kopie-300x225.jpg?resize=350%2C200&ssl=1","width":350,"height":200},"classes":[]},{"id":6422,"url":"https:\/\/blogs.nabu.de\/trischen\/vogelwart-2022-2\/","url_meta":{"origin":138,"position":5},"title":"Vogelwart 2022","date":"1. M\u00e4rz 2022","format":false,"excerpt":"Moin, liebe Leserin und lieber Leser! Haben Sie schon einmal beobachtet, wie ein emsiges Vogelpaar seine Jungen aufzieht? Haben Sie schon einmal die Nase so tief im Sturm gehabt, dass es Ihnen fast den Atem verschlug? Haben Sie sich, die F\u00fc\u00dfe im warmen Sand, schon einmal gefragt, welche Muschel das\u2026","rel":"","context":"\u00c4hnlicher Beitrag","img":{"alt_text":"","src":"https:\/\/i0.wp.com\/blogs.nabu.de\/trischen\/wp-content\/uploads\/sites\/7\/2022\/02\/till-holsten-vogelwart2022-300x200.jpg?resize=350%2C200&ssl=1","width":350,"height":200},"classes":[]}],"jetpack_sharing_enabled":true,"_links":{"self":[{"href":"https:\/\/blogs.nabu.de\/trischen\/wp-json\/wp\/v2\/pages\/138"}],"collection":[{"href":"https:\/\/blogs.nabu.de\/trischen\/wp-json\/wp\/v2\/pages"}],"about":[{"href":"https:\/\/blogs.nabu.de\/trischen\/wp-json\/wp\/v2\/types\/page"}],"author":[{"embeddable":true,"href":"https:\/\/blogs.nabu.de\/trischen\/wp-json\/wp\/v2\/users\/50"}],"replies":[{"embeddable":true,"href":"https:\/\/blogs.nabu.de\/trischen\/wp-json\/wp\/v2\/comments?post=138"}],"version-history":[{"count":39,"href":"https:\/\/blogs.nabu.de\/trischen\/wp-json\/wp\/v2\/pages\/138\/revisions"}],"predecessor-version":[{"id":1850,"href":"https:\/\/blogs.nabu.de\/trischen\/wp-json\/wp\/v2\/pages\/138\/revisions\/1850"}],"wp:attachment":[{"href":"https:\/\/blogs.nabu.de\/trischen\/wp-json\/wp\/v2\/media?parent=138"}],"curies":[{"name":"wp","href":"https:\/\/api.w.org\/{rel}","templated":true}]}}