{"id":10,"date":"2016-02-23T15:44:31","date_gmt":"2016-02-23T14:44:31","guid":{"rendered":"http:\/\/blogs.nabu.de\/trischen\/?page_id=10"},"modified":"2017-03-07T13:46:24","modified_gmt":"2017-03-07T12:46:24","slug":"seite-nicht-gefunden","status":"publish","type":"page","link":"https:\/\/blogs.nabu.de\/trischen\/seite-nicht-gefunden\/","title":{"rendered":"Seite nicht gefunden"},"content":{"rendered":"<h1>Alle V\u00f6gel sind schon ausgeflogen!<\/h1>\n<h2>Entschuldigung. Diese Seite existiert leider nicht.<\/h2>\n<p>&nbsp;<\/p>\n<p style=\"text-align: center;\"> <form class=\"search\" action=\"https:\/\/blogs.nabu.de\/trischen\/\" >\n                <input type=\"text\" class=\"s\" name=\"s\" placeholder=\"Suche...\" \/>\n                <input type=\"submit\" class=\"submit\" value=\"Jetzt suchen!\" \/>\n<\/form>\n<p style=\"text-align: center;\"><img data-attachment-id=\"108\" data-permalink=\"https:\/\/blogs.nabu.de\/trischen\/flasche-und-steinwaelzer\/\" data-orig-file=\"https:\/\/blogs.nabu.de\/trischen\/wp-content\/uploads\/sites\/7\/2016\/02\/IMG_1026-e1456393327869.jpg\" data-orig-size=\"1000,716\" data-comments-opened=\"0\" data-image-meta=\"{&quot;aperture&quot;:&quot;0&quot;,&quot;credit&quot;:&quot;&quot;,&quot;camera&quot;:&quot;&quot;,&quot;caption&quot;:&quot;&quot;,&quot;created_timestamp&quot;:&quot;0&quot;,&quot;copyright&quot;:&quot;&quot;,&quot;focal_length&quot;:&quot;0&quot;,&quot;iso&quot;:&quot;0&quot;,&quot;shutter_speed&quot;:&quot;0&quot;,&quot;title&quot;:&quot;&quot;,&quot;orientation&quot;:&quot;0&quot;}\" data-image-title=\"Flasche und Steinw\u00e4lzer\" data-image-description=\"\" data-image-caption=\"&lt;p&gt;M\u00fcll auf Trischen Julia Baer&lt;\/p&gt;\n\" data-medium-file=\"https:\/\/blogs.nabu.de\/trischen\/wp-content\/uploads\/sites\/7\/2016\/02\/IMG_1026-e1456393327869-300x215.jpg\" data-large-file=\"https:\/\/blogs.nabu.de\/trischen\/wp-content\/uploads\/sites\/7\/2016\/02\/IMG_1026-e1456393327869-1000x716.jpg\" decoding=\"async\" loading=\"lazy\" class=\"alignnone wp-image-108 size-full\" src=\"http:\/\/blogs.nabu.de\/base\/wp-content\/uploads\/2015\/03\/141219-nabu-nest-fotolia.jpg\" alt=\"141219-nabu-nest-fotolia\" width=\"680\" height=\"453\" \/><\/p>\n<!-- Begin Yuzo --><div class='yuzo_related_post style-1'  data-version='5.12.74'><!-- without result --><div class='yuzo_clearfixed yuzo__title yuzo__title'><h3>Related Post<\/h3><\/div>\n\t\t\t\t\t\t  <div class=\"relatedthumb \" style=\"width:145px;float:left;overflow:hidden;\">  \n\t\t\t\t\t\t\t  \n\t\t\t\t\t\t\t  <a  href=\"https:\/\/blogs.nabu.de\/trischen\/arbeiten-an-der-trischen-huette\/\"  >\n\t\t\t\t\t\t\t\t\t  <div class=\"yuzo-img-wrap \" style=\"width: 145px;height:145px;\">\n\t\t\t\t\t\t\t\t\t\t\n\t\t\t\t\t\t\t\t\t\t<div class=\"yuzo-img\" style=\"background:url('https:\/\/blogs.nabu.de\/trischen\/wp-content\/uploads\/sites\/7\/2019\/09\/Zimmerleute-vor-neuer-Verkleidung-150x150.jpg') 50% 50% no-repeat;width: 145px;height:145px;margin-bottom: 5px;background-size: cover; \"><\/div>\n\t\t\t\t\t\t\t\t\t  <\/div>\n\t\t\t\t\t\t\t\t\t  \n\t\t\t\t\t\t\t\t   <span class=\"yuzo__text--title\" style=\"font-size:14px;\">Arbeiten an der Trischen-H\u00fctte<\/span>\n\t\t\t\t\t\t\t  \n\t\t\t\t\t\t\t  \n\t\t\t\t\t\t\t  <\/a>\n\n\t\t\t\t\t\t  <\/div>\n\t\t\t\t\t\t  <div class=\"relatedthumb \" style=\"width:145px;float:left;overflow:hidden;\">  \n\t\t\t\t\t\t\t  \n\t\t\t\t\t\t\t  <a  href=\"https:\/\/blogs.nabu.de\/trischen\/die-erste-wespenspinne-der-saison\/\"  >\n\t\t\t\t\t\t\t\t\t  <div class=\"yuzo-img-wrap \" style=\"width: 145px;height:145px;\">\n\t\t\t\t\t\t\t\t\t\t\n\t\t\t\t\t\t\t\t\t\t<div class=\"yuzo-img\" style=\"background:url('https:\/\/blogs.nabu.de\/trischen\/wp-content\/uploads\/sites\/7\/2018\/08\/P8128323-150x150.jpg') 50% 50% no-repeat;width: 145px;height:145px;margin-bottom: 5px;background-size: cover; \"><\/div>\n\t\t\t\t\t\t\t\t\t  <\/div>\n\t\t\t\t\t\t\t\t\t  \n\t\t\t\t\t\t\t\t   <span class=\"yuzo__text--title\" style=\"font-size:14px;\">Die erste Wespenspinne der Saison<\/span>\n\t\t\t\t\t\t\t  \n\t\t\t\t\t\t\t  \n\t\t\t\t\t\t\t  <\/a>\n\n\t\t\t\t\t\t  <\/div>\n\t\t\t\t\t\t  <div class=\"relatedthumb \" style=\"width:145px;float:left;overflow:hidden;\">  \n\t\t\t\t\t\t\t  \n\t\t\t\t\t\t\t  <a  href=\"https:\/\/blogs.nabu.de\/trischen\/land-unter-mal-richtig\/\"  >\n\t\t\t\t\t\t\t\t\t  <div class=\"yuzo-img-wrap \" style=\"width: 145px;height:145px;\">\n\t\t\t\t\t\t\t\t\t\t\n\t\t\t\t\t\t\t\t\t\t<div class=\"yuzo-img\" style=\"background:url('https:\/\/blogs.nabu.de\/trischen\/wp-content\/uploads\/sites\/7\/2017\/09\/2017-09-13_huette-im-wasser_tmq_web-150x150.jpg') 50% 50% no-repeat;width: 145px;height:145px;margin-bottom: 5px;background-size: cover; \"><\/div>\n\t\t\t\t\t\t\t\t\t  <\/div>\n\t\t\t\t\t\t\t\t\t  \n\t\t\t\t\t\t\t\t   <span class=\"yuzo__text--title\" style=\"font-size:14px;\">Land unter mal richtig<\/span>\n\t\t\t\t\t\t\t  \n\t\t\t\t\t\t\t  \n\t\t\t\t\t\t\t  <\/a>\n\n\t\t\t\t\t\t  <\/div>\n\t\t\t\t\t\t  <div class=\"relatedthumb \" style=\"width:145px;float:left;overflow:hidden;\">  \n\t\t\t\t\t\t\t  \n\t\t\t\t\t\t\t  <a  href=\"https:\/\/blogs.nabu.de\/trischen\/30-juni-dauerregen-und-nasse-voegel\/\"  >\n\t\t\t\t\t\t\t\t\t  <div class=\"yuzo-img-wrap \" style=\"width: 145px;height:145px;\">\n\t\t\t\t\t\t\t\t\t\t\n\t\t\t\t\t\t\t\t\t\t<div class=\"yuzo-img\" style=\"background:url('https:\/\/blogs.nabu.de\/trischen\/wp-content\/uploads\/sites\/7\/2017\/07\/fichtenkreuzschnabel-klein_web-150x150.jpg') 50% 50% no-repeat;width: 145px;height:145px;margin-bottom: 5px;background-size: cover; \"><\/div>\n\t\t\t\t\t\t\t\t\t  <\/div>\n\t\t\t\t\t\t\t\t\t  \n\t\t\t\t\t\t\t\t   <span class=\"yuzo__text--title\" style=\"font-size:14px;\">30. Juni: Dauerregen und nasse V\u00f6gel<\/span>\n\t\t\t\t\t\t\t  \n\t\t\t\t\t\t\t  \n\t\t\t\t\t\t\t  <\/a>\n\n\t\t\t\t\t\t  <\/div>\n<\/div> <style>\n\t\t\t\t\t\t\t\t.yuzo_related_post img{width:155px !important; height:145px !important;}\n\t\t\t\t\t\t\t\t.yuzo_related_post .relatedthumb{line-height:16px;background: !important;color:!important;}\n\t\t\t\t\t\t\t\t.yuzo_related_post .relatedthumb:hover{background:#fcfcf4 !important; -webkit-transition: background 0.2s linear; -moz-transition: background 0.2s linear; -o-transition: background 0.2s linear; transition: background 0.2s linear;;color:!important;}\n\t\t\t\t\t\t\t\t.yuzo_related_post .relatedthumb a{color:!important;}\n\t\t\t\t\t\t\t\t.yuzo_related_post .relatedthumb a:hover{ color:}!important;}\n\t\t\t\t\t\t\t\t.yuzo_related_post .relatedthumb:hover a{ color:!important;}\n\t\t\t\t\t\t\t\t.yuzo_related_post .yuzo_text {color:!important;}\n\t\t\t\t\t\t\t\t.yuzo_related_post .relatedthumb:hover .yuzo_text {color:!important;}\n\t\t\t\t\t\t\t\t.yuzo_related_post .relatedthumb{  margin: 0px  0px  0px  0px;   padding: 5px  5px  5px  5px;  }\n\t\t\t\t\t\t\t\t\n\t\t\t\t\t\t\t\t<\/style> <script>\n\t\t\t\t\t\t  jQuery(document).ready(function( $ ){\n\t\t\t\t\t\t\t\/\/jQuery('.yuzo_related_post').equalizer({ overflow : 'relatedthumb' });\n\t\t\t\t\t\t\tjQuery('.yuzo_related_post .yuzo_wraps').equalizer({ columns : '> div' });\n\t\t\t\t\t\t   })\n\t\t\t\t\t\t  <\/script> <!-- End Yuzo :) -->","protected":false},"excerpt":{"rendered":"<p>Alle V\u00f6gel sind schon ausgeflogen! Entschuldigung. Diese Seite existiert leider nicht. &nbsp; Related Post Ab ins Gr\u00fcne Verdopplung der br\u00fctenden Schwarzkopfm\u00f6wen! Anhaltenden West \u2013 Nordwestwind l\u00e4sst D\u00fcne w&#8230; [&hellip;]<\/p>\n","protected":false},"author":1,"featured_media":0,"parent":0,"menu_order":0,"comment_status":"closed","ping_status":"closed","template":"","meta":{"jetpack_post_was_ever_published":false},"jetpack_shortlink":"https:\/\/wp.me\/P7gGqE-a","jetpack-related-posts":[{"id":193,"url":"https:\/\/blogs.nabu.de\/trischen\/strandfunde2016\/","url_meta":{"origin":10,"position":0},"title":"Strandfunde 2016","date":"4. M\u00e4rz 2016","format":false,"excerpt":"Ei eines Nagelrochens Es gibt Rochenarten, die geb\u00e4ren lebend, \u201eEchte Rochen\u201c (Raiidae) hingegen legen Eier. Diese Eier sind \u00a0charakteristisch geformt und nicht allzu selten am Strand der Nord- und Ostsee zu finden. So fand ich heute eines. Diese Eikapsel stammt von einem Nagelrochen (Raja cavata). Nagelrochen k\u00f6nnen bis zu 1,2m\u2026","rel":"","context":"\u00c4hnlicher Beitrag","img":{"alt_text":"","src":"https:\/\/i0.wp.com\/blogs.nabu.de\/trischen\/wp-content\/uploads\/sites\/7\/2016\/03\/Rochenei-2-Kopie-300x225.jpg?resize=350%2C200&ssl=1","width":350,"height":200},"classes":[]},{"id":138,"url":"https:\/\/blogs.nabu.de\/trischen\/marcovieregge\/","url_meta":{"origin":10,"position":1},"title":"Marco Vieregge (2016)","date":"3. M\u00e4rz 2016","format":false,"excerpt":"Moin, Ich bin Marco Maier (weil ich geheiratet habe, hei\u00dfe ich seit Okt. 2016 Marco Vieregge) und betreue Trischen in der Saison 2016 als Vogelwart. Daf\u00fcr lebe ich von M\u00e4rz bis Oktober in einer kleinen H\u00fctte auf der Insel. Mit diesem Blog versuche ich, Sie durch Bilder und Beitr\u00e4ge auf\u2026","rel":"","context":"\u00c4hnlicher Beitrag","img":{"alt_text":"","src":"https:\/\/i0.wp.com\/blogs.nabu.de\/trischen\/wp-content\/uploads\/sites\/7\/2016\/03\/DSC08040-Kopie-225x300.jpg?resize=350%2C200","width":350,"height":200},"classes":[]},{"id":5621,"url":"https:\/\/blogs.nabu.de\/trischen\/anne-de-walmont-2019\/","url_meta":{"origin":10,"position":2},"title":"Die Vogelwartin 2019","date":"9. M\u00e4rz 2020","format":false,"excerpt":"Moin, (Foto: A. de Walmont) sch\u00f6n, dass Sie auf dem NABU-blog der Insel Trischen vorbeischauen! Mein Name ist Anne de Walmont und f\u00fcr die Saison 2019 bin ich\u00a0 die Vogelwartin auf Trischen. Auf dieser Internetseite werde ich \u00fcber aktuelle Geschehnisse und Beobachtungen auf der Insel berichten. Aufgewachsen an der nieders\u00e4chsischen\u2026","rel":"","context":"\u00c4hnlicher Beitrag","img":{"alt_text":"","src":"https:\/\/i0.wp.com\/blogs.nabu.de\/trischen\/wp-content\/uploads\/sites\/7\/2019\/04\/Anne-de-Walmont220.jpg?resize=350%2C200&ssl=1","width":350,"height":200},"classes":[]},{"id":191,"url":"https:\/\/blogs.nabu.de\/trischen\/beobachtungsliste2016\/","url_meta":{"origin":10,"position":3},"title":"Beobachtungsliste 2016","date":"4. M\u00e4rz 2016","format":false,"excerpt":"16 Oktober Der Nebel zwang einige Singv\u00f6gel zur Rast. W\u00e4re ich nicht mit dem Auszug besch\u00e4ftigt gewesen, so h\u00e4tte ich heute etliche Drosseln und Rotkehlchen, Wintergoldh\u00e4nchen usw. an der H\u00fctte beobachten k\u00f6nnen. Geh\u00f6rt hatte ich zumindest einige! Auch G\u00e4nse, vor allem Nonneng\u00e4nse und Bl\u00e4\u00dfg\u00e4nse zogen, hoch \u00fcber dem Nebel \u00fcber\u2026","rel":"","context":"\u00c4hnlicher Beitrag","img":{"alt_text":"","src":"https:\/\/i0.wp.com\/blogs.nabu.de\/trischen\/wp-content\/uploads\/sites\/7\/2016\/03\/DSC07216.jpg?resize=350%2C200&ssl=1","width":350,"height":200},"classes":[]},{"id":1778,"url":"https:\/\/blogs.nabu.de\/trischen\/archiv\/","url_meta":{"origin":10,"position":4},"title":"Archiv","date":"6. Februar 2017","format":false,"excerpt":"Ehemalige Vogelwarte Melanie Theel (2023) Till Holsten (2022) Anne Evers (2020 \/ 2021) Anne de Walmont (2019) Jonas (2018) Tore (2017) Marco (2016) Christin (2015) Vogelartenlisten Artenliste Brutv\u00f6gel Brutvogeldaten 2018 Brutvogeldaten 2017 Brutvogeldaten 2016 Blogbeitr\u00e4ge 2018 2017 2016 Beobachtungsliste seit 2017 2016 Strandfunde seit 2017 2016 Trischen in Bildern 2020\u2026","rel":"","context":"\u00c4hnlicher Beitrag","img":{"alt_text":"","src":"","width":0,"height":0},"classes":[]},{"id":2898,"url":"https:\/\/blogs.nabu.de\/trischen\/jonaskotlarz\/","url_meta":{"origin":10,"position":5},"title":"Jonas Kotlarz (2018)","date":"14. Februar 2018","format":false,"excerpt":"Moin, herzlich willkommen auf diesem Blog, ich freue mich \u00fcber Ihren Besuch. Mein Name ist Jonas Kotlarz und in diesem Jahr habe ich die gro\u00dfe Ehre, als NABU-Vogelwart die Saison von M\u00e4rz bis Oktober auf der Insel Trischen verbringen zu d\u00fcrfen. An dem Leben unter V\u00f6geln und im Rhythmus der\u2026","rel":"","context":"\u00c4hnlicher Beitrag","img":{"alt_text":"","src":"https:\/\/i0.wp.com\/blogs.nabu.de\/trischen\/wp-content\/uploads\/sites\/7\/2018\/02\/JonasKotlarz_Vogelwart2018-300x200.jpg?resize=350%2C200","width":350,"height":200},"classes":[]}],"jetpack_sharing_enabled":true,"_links":{"self":[{"href":"https:\/\/blogs.nabu.de\/trischen\/wp-json\/wp\/v2\/pages\/10"}],"collection":[{"href":"https:\/\/blogs.nabu.de\/trischen\/wp-json\/wp\/v2\/pages"}],"about":[{"href":"https:\/\/blogs.nabu.de\/trischen\/wp-json\/wp\/v2\/types\/page"}],"author":[{"embeddable":true,"href":"https:\/\/blogs.nabu.de\/trischen\/wp-json\/wp\/v2\/users\/1"}],"replies":[{"embeddable":true,"href":"https:\/\/blogs.nabu.de\/trischen\/wp-json\/wp\/v2\/comments?post=10"}],"version-history":[{"count":3,"href":"https:\/\/blogs.nabu.de\/trischen\/wp-json\/wp\/v2\/pages\/10\/revisions"}],"predecessor-version":[{"id":1872,"href":"https:\/\/blogs.nabu.de\/trischen\/wp-json\/wp\/v2\/pages\/10\/revisions\/1872"}],"wp:attachment":[{"href":"https:\/\/blogs.nabu.de\/trischen\/wp-json\/wp\/v2\/media?parent=10"}],"curies":[{"name":"wp","href":"https:\/\/api.w.org\/{rel}","templated":true}]}}