{"id":12,"date":"2017-09-22T15:32:36","date_gmt":"2017-09-22T13:32:36","guid":{"rendered":"http:\/\/blogs.nabu.de\/thueringen\/?page_id=12"},"modified":"2023-05-24T12:30:30","modified_gmt":"2023-05-24T10:30:30","slug":"impressum","status":"publish","type":"page","link":"https:\/\/blogs.nabu.de\/thueringen\/impressum\/","title":{"rendered":"Impressum"},"content":{"rendered":"<h2>Impressum und Datenschutzhinweis<\/h2>\n<p>Der Naturschutzbund Deutschland (NABU) e.V., Landesverband Th\u00fcringen, m\u00f6chte Menschen daf\u00fcr begeistern, sich durch gemeinschaftliches Handeln f\u00fcr die Natur einzusetzen. Wir wollen, dass auch kommende Generationen eine Erde vorfinden, die lebenswert ist, die \u00fcber eine gro\u00dfe Vielfalt an Lebensr\u00e4umen und Arten, sowie \u00fcber gute Luft, sauberes Wasser, gesunde B\u00f6den und ein H\u00f6chstma\u00df an endlichen Ressourcen verf\u00fcgt.<br \/>\nNaturschutzbund Deutschland (NABU)<br \/>\nLandesverband Th\u00fcringen e.V.<br \/>\nLeutra 15<br \/>\n07751 Jena<\/p>\n<p>Tel. 0 36 41 &#8211; 60 57 04<br \/>\nFax 0 36 41 &#8211; 21 54 11<br \/>\n<a href=\"mailto:Lgs@NABU-Thueringen.de\">Lgs@NABU-Thueringen.de<\/a><a href=\"Lgs@NABU-Thueringen.de\"><br \/>\n<\/a><a href=\"https:\/\/thueringen.nabu.de\/\">https:\/\/thueringen.nabu.de\/<\/a><br \/>\nRegistergericht: Amtsgericht Jena | Registriernummer: VR 11<\/p>\n<p><strong>Postanschrift<\/strong><\/p>\n<p>Naturschutzbund Deutschland (NABU), Landesverband Th\u00fcringen e.V.<br \/>\nLeutra 15<br \/>\n07751 Jena<\/p>\n<p><b>Landesvorsitzender<\/b><br \/>\nMartin Schmidt<\/p>\n<p><b>Gesch\u00e4ftsf\u00fchrung<\/b><br \/>\nKirsten Schellenberg (V.i.s.d.P.)<\/p>\n<p><b>Redaktion<\/b><br \/>\nJ\u00fcrgen Ehrhardt<br \/>\nE-Mail: Juergen.Ehrhardt@NABU-Thueringen.de<\/p>\n<p>blogs.NABU.de\/thueringen ist ein Teil des Onlineangebots des NABU <b>Th\u00fcringen<\/b>. Hier befindet sich das vollst\u00e4ndige Impressum: <a href=\"https:\/\/thueringen.nabu.de\/wir-ueber-uns\/impressum\/index.html\">https:\/\/thueringen.nabu.de\/wir-ueber-uns\/impressum\/index.html<\/a><\/p>\n<p><strong>Datenschutzhinweis<\/strong>: Es gelten die Datenschutzhinweise von <a href=\"https:\/\/bremen.nabu.de\/wir-ueber-uns\/impressum\/index.html\" target=\"_blank\" rel=\"noopener\">www.NABU-Thueringen.de<\/a><\/p>\n<p>Wir verwenden Ihre Daten nur f\u00fcr den Betrieb dieses Blogs. Grunds\u00e4tzlich werden Ihre Daten nicht an Dritte weiter gegeben, es sei denn, Sie \u00fcbermitteln sie uns zur Ver\u00f6ffentlichung. Der Verwendung Ihrer Daten k\u00f6nnen Sie jederzeit formlos widersprechen, z.B. per E-Mail an <a href=\"mailto:Lgs@NABU-Thueringen.de\">Lgs@NABU-Thueringen.de<\/a><\/p>\n<p>E-Mail-Benachrichtigungen: Sie haben die M\u00f6glichkeit, sich neue Blogbeitr\u00e4ge automatisch per E-Mail zusenden zu lassen. Dazu tragen Sie Ihre E-Mail-Adresse in das entsprechende Formular in der rechten Spalte ein. Ihre E-Mail-Adresse wird nicht an Dritte weitergegeben.<\/p>\n<p>Copyright Hintergrundbild: Leo\/fokus-natur.de<\/p>\n<p><strong>Real Cookie Banner<\/strong><\/p>\n<p>Zur Verwaltung der eingesetzten Cookies und \u00e4hnlichen Technologien (Tracking-Pixel, Web-Beacons etc.) und diesbez\u00fcglicher Einwilligungen setzen wir das Consent Tool &#8222;Real Cookie Banner&#8220; ein. Details zur Funktionsweise von &#8222;Real Cookie Banner&#8220; findest du unter &lt;a href=&#8220;https:\/\/devowl.io\/de\/rcb\/datenverarbeitung\/&#8220; rel=&#8220;noreferrer&#8220; target=&#8220;_blank&#8220;&gt;https:\/\/devowl.io\/de\/rcb\/datenverarbeitung\/&lt;\/a&gt;.<\/p>\n<p>Rechtsgrundlagen f\u00fcr die Verarbeitung von personenbezogenen Daten in diesem Zusammenhang sind Art. 6 Abs. 1 lit. c DS-GVO und Art. 6 Abs. 1 lit. f DS-GVO. Unser berechtigtes Interesse ist die Verwaltung der eingesetzten Cookies und \u00e4hnlichen Technologien und der diesbez\u00fcglichen Einwilligungen.<\/p>\n<p>Die Bereitstellung der personenbezogenen Daten ist weder vertraglich vorgeschrieben noch f\u00fcr den Abschluss eines Vertrages notwendig. Du bist nicht verpflichtet die personenbezogenen Daten bereitzustellen. Wenn du die personenbezogenen Daten nicht bereitstellst, k\u00f6nnen wir deine Einwilligungen nicht verwalten.<\/p>\n<!-- Begin Yuzo --><div class='yuzo_related_post style-1'  data-version='5.12.74'><!-- without result --><div class='yuzo_clearfixed yuzo__title yuzo__title'><h3>Related Post<\/h3><\/div>\n\t\t\t\t\t\t  <div class=\"relatedthumb \" style=\"width:125px;float:left;overflow:hidden;\">  \n\t\t\t\t\t\t\t  \n\t\t\t\t\t\t\t  <a  href=\"https:\/\/blogs.nabu.de\/thueringen\/2019\/09\/der-luchs-braucht-mehr-ungestoerte-naturwaelder\/\"  >\n\t\t\t\t\t\t\t\t\t  <div class=\"yuzo-img-wrap \" style=\"width: 125px;height:90px;\">\n\t\t\t\t\t\t\t\t\t\t\n\t\t\t\t\t\t\t\t\t\t<div class=\"yuzo-img\" style=\"background:url('https:\/\/blogs.nabu.de\/thueringen\/wp-content\/uploads\/sites\/11\/2019\/09\/IMG_20190919_120238-150x150.jpg') 50% 50% no-repeat;width: 125px;height:90px;margin-bottom: 5px;background-size: cover; \"><\/div>\n\t\t\t\t\t\t\t\t\t  <\/div>\n\t\t\t\t\t\t\t\t\t  \n\t\t\t\t\t\t\t\t   <span class=\"yuzo__text--title\" style=\"font-size:13px;\">Der Luchs braucht ungest\u00f6rte NaturW\u00e4lder!<\/span>\n\t\t\t\t\t\t\t  \n\t\t\t\t\t\t\t  \n\t\t\t\t\t\t\t  <\/a>\n\n\t\t\t\t\t\t  <\/div>\n\t\t\t\t\t\t  <div class=\"relatedthumb \" style=\"width:125px;float:left;overflow:hidden;\">  \n\t\t\t\t\t\t\t  \n\t\t\t\t\t\t\t  <a  href=\"https:\/\/blogs.nabu.de\/thueringen\/2020\/07\/ist-es-aslan-aktuelle-luchsssichtung-bei-ilmenau\/\"  >\n\t\t\t\t\t\t\t\t\t  <div class=\"yuzo-img-wrap \" style=\"width: 125px;height:90px;\">\n\t\t\t\t\t\t\t\t\t\t\n\t\t\t\t\t\t\t\t\t\t<div class=\"yuzo-img\" style=\"background:url('https:\/\/blogs.nabu.de\/thueringen\/wp-content\/uploads\/sites\/11\/2020\/07\/WhatsApp-Image-2020-07-06-at-14.02.37-150x150.jpeg') 50% 50% no-repeat;width: 125px;height:90px;margin-bottom: 5px;background-size: cover; \"><\/div>\n\t\t\t\t\t\t\t\t\t  <\/div>\n\t\t\t\t\t\t\t\t\t  \n\t\t\t\t\t\t\t\t   <span class=\"yuzo__text--title\" style=\"font-size:13px;\">Ist es ASLAN? Aktuelle Luchsssichtung bei Ilmenau!<\/span>\n\t\t\t\t\t\t\t  \n\t\t\t\t\t\t\t  \n\t\t\t\t\t\t\t  <\/a>\n\n\t\t\t\t\t\t  <\/div>\n\t\t\t\t\t\t  <div class=\"relatedthumb \" style=\"width:125px;float:left;overflow:hidden;\">  \n\t\t\t\t\t\t\t  \n\t\t\t\t\t\t\t  <a  href=\"https:\/\/blogs.nabu.de\/thueringen\/2019\/03\/schlaegt-das-gruene-herz-auch-fuer-den-luchs\/\"  >\n\t\t\t\t\t\t\t\t\t  <div class=\"yuzo-img-wrap \" style=\"width: 125px;height:90px;\">\n\t\t\t\t\t\t\t\t\t\t\n\t\t\t\t\t\t\t\t\t\t<div class=\"yuzo-img\" style=\"background:url('https:\/\/blogs.nabu.de\/thueringen\/wp-content\/uploads\/sites\/11\/2019\/03\/IMG_20190315_133814-150x150.jpg') 50% 50% no-repeat;width: 125px;height:90px;margin-bottom: 5px;background-size: cover; \"><\/div>\n\t\t\t\t\t\t\t\t\t  <\/div>\n\t\t\t\t\t\t\t\t\t  \n\t\t\t\t\t\t\t\t   <span class=\"yuzo__text--title\" style=\"font-size:13px;\">Schl\u00e4gt das Gr\u00fcne Herz auch f\u00fcr den Luchs ?<\/span>\n\t\t\t\t\t\t\t  \n\t\t\t\t\t\t\t  \n\t\t\t\t\t\t\t  <\/a>\n\n\t\t\t\t\t\t  <\/div>\n\t\t\t\t\t\t  <div class=\"relatedthumb \" style=\"width:125px;float:left;overflow:hidden;\">  \n\t\t\t\t\t\t\t  \n\t\t\t\t\t\t\t  <a  href=\"https:\/\/blogs.nabu.de\/thueringen\/2020\/04\/wichtiges-signal-plan-p-wie-pinselohr-geht-in-der-corona-krise-weiter\/\"  >\n\t\t\t\t\t\t\t\t\t  <div class=\"yuzo-img-wrap \" style=\"width: 125px;height:90px;\">\n\t\t\t\t\t\t\t\t\t\t\n\t\t\t\t\t\t\t\t\t\t<div class=\"yuzo-img\" style=\"background:url('https:\/\/blogs.nabu.de\/thueringen\/wp-content\/uploads\/sites\/11\/2020\/04\/Tierpark-Suhl-2016-1-150x150.jpg') 50% 50% no-repeat;width: 125px;height:90px;margin-bottom: 5px;background-size: cover; \"><\/div>\n\t\t\t\t\t\t\t\t\t  <\/div>\n\t\t\t\t\t\t\t\t\t  \n\t\t\t\t\t\t\t\t   <span class=\"yuzo__text--title\" style=\"font-size:13px;\">Ein gutes Zeichen \u2013 PLAN P wie Pinselohr geh...<\/span>\n\t\t\t\t\t\t\t  \n\t\t\t\t\t\t\t  \n\t\t\t\t\t\t\t  <\/a>\n\n\t\t\t\t\t\t  <\/div>\n<\/div> <style>\n\t\t\t\t\t\t\t\t.yuzo_related_post img{width:120px !important; height:110px !important;}\n\t\t\t\t\t\t\t\t.yuzo_related_post .relatedthumb{line-height:15px;background: !important;color:!important;}\n\t\t\t\t\t\t\t\t.yuzo_related_post .relatedthumb:hover{background:#fcfcf4 !important; -webkit-transition: background 0.2s linear; -moz-transition: background 0.2s linear; -o-transition: background 0.2s linear; transition: background 0.2s linear;;color:!important;}\n\t\t\t\t\t\t\t\t.yuzo_related_post .relatedthumb a{color:!important;}\n\t\t\t\t\t\t\t\t.yuzo_related_post .relatedthumb a:hover{ color:}!important;}\n\t\t\t\t\t\t\t\t.yuzo_related_post .relatedthumb:hover a{ color:!important;}\n\t\t\t\t\t\t\t\t.yuzo_related_post .yuzo_text {color:!important;}\n\t\t\t\t\t\t\t\t.yuzo_related_post .relatedthumb:hover .yuzo_text {color:!important;}\n\t\t\t\t\t\t\t\t.yuzo_related_post .relatedthumb{  margin: 0px  0px  0px  0px;   padding: 5px  5px  5px  5px;  }\n\t\t\t\t\t\t\t\t\n\t\t\t\t\t\t\t\t<\/style> <script>\n\t\t\t\t\t\t  jQuery(document).ready(function( $ ){\n\t\t\t\t\t\t\t\/\/jQuery('.yuzo_related_post').equalizer({ overflow : 'relatedthumb' });\n\t\t\t\t\t\t\tjQuery('.yuzo_related_post .yuzo_wraps').equalizer({ columns : '> div' });\n\t\t\t\t\t\t   })\n\t\t\t\t\t\t  <\/script> <!-- End Yuzo :) -->","protected":false},"excerpt":{"rendered":"<p>Impressum und Datenschutzhinweis Der Naturschutzbund Deutschland (NABU) e.V., Landesverband Th\u00fcringen, m\u00f6chte Menschen daf\u00fcr begeistern, sich durch gemeinschaftliches Handeln f\u00fcr die Natur einzusetzen. Wir wollen, dass auch kommende Generationen [&hellip;]<\/p>\n","protected":false},"author":1,"featured_media":0,"parent":0,"menu_order":0,"comment_status":"closed","ping_status":"closed","template":"","meta":{"jetpack_post_was_ever_published":false},"jetpack_shortlink":"https:\/\/wp.me\/P9cVpQ-c","jetpack-related-posts":[],"_links":{"self":[{"href":"https:\/\/blogs.nabu.de\/thueringen\/wp-json\/wp\/v2\/pages\/12"}],"collection":[{"href":"https:\/\/blogs.nabu.de\/thueringen\/wp-json\/wp\/v2\/pages"}],"about":[{"href":"https:\/\/blogs.nabu.de\/thueringen\/wp-json\/wp\/v2\/types\/page"}],"author":[{"embeddable":true,"href":"https:\/\/blogs.nabu.de\/thueringen\/wp-json\/wp\/v2\/users\/1"}],"replies":[{"embeddable":true,"href":"https:\/\/blogs.nabu.de\/thueringen\/wp-json\/wp\/v2\/comments?post=12"}],"version-history":[{"count":7,"href":"https:\/\/blogs.nabu.de\/thueringen\/wp-json\/wp\/v2\/pages\/12\/revisions"}],"predecessor-version":[{"id":1156,"href":"https:\/\/blogs.nabu.de\/thueringen\/wp-json\/wp\/v2\/pages\/12\/revisions\/1156"}],"wp:attachment":[{"href":"https:\/\/blogs.nabu.de\/thueringen\/wp-json\/wp\/v2\/media?parent=12"}],"curies":[{"name":"wp","href":"https:\/\/api.w.org\/{rel}","templated":true}]}}