{"id":15,"date":"2015-07-29T11:41:33","date_gmt":"2015-07-29T09:41:33","guid":{"rendered":"http:\/\/blogs.nabu.de\/stoerche-auf-reisen\/?page_id=15"},"modified":"2026-02-19T08:00:11","modified_gmt":"2026-02-19T07:00:11","slug":"impressum","status":"publish","type":"page","link":"https:\/\/blogs.nabu.de\/stoerche-auf-reisen\/impressum\/","title":{"rendered":"Impressum"},"content":{"rendered":"<p>&#8222;S\u00f6trche auf Reisen&#8220; ist ein Onlineangebot des Naturschutzbunds Deutschland (NABU) e.V. Wir m\u00f6chten Menschen daf\u00fcr begeistern, sich durch gemeinschaftliches Handeln f\u00fcr die Natur einzusetzen. Wir wollen, dass auch kommende Generationen eine Erde vorfinden, die lebenswert ist, die \u00fcber eine gro\u00dfe Vielfalt an Lebensr\u00e4umen und Arten, sowie \u00fcber gute Luft, sauberes Wasser, gesunde B\u00f6den und ein H\u00f6chstma\u00df an endlichen Ressourcen verf\u00fcgt.<\/p>\n<p>NABU \u2013 Naturschutzbund Deutschland e.V.<br \/>\nCharit\u00e9stra\u00dfe 3<br \/>\n10117 Berlin<\/p>\n<p>Tel. 030-28 49 84-0<br \/>\nFax 030-28 49 84-20 00<br \/>\n<a href=\"mailto:redaktion@NABU.de\">redaktion@NABU.de<\/a><a href=\"mailto:NABU@NABU.de\"><br \/>\n<\/a><a href=\"http:\/\/www.NABU.de\">www.NABU.de <\/a><\/p>\n<p><strong>Postanschrift<\/strong><br \/>\nNABU \u2013 Naturschutzbund Deutschland e.V.<br \/>\n10108 Berlin<\/p>\n<p>Registergericht: Amtsgericht Stuttgart | Registernummer: VR 2303<br \/>\nUmsatzsteueridentifikation-Nr.: DE 155765809<\/p>\n<p><strong>Pr\u00e4sident<\/strong><br \/>\nJ\u00f6rg-Andreas Kr\u00fcger<\/p>\n<p><strong>Gesch\u00e4ftsf\u00fchrung<\/strong><br \/>\nSusanne Baumann, Ingo Ammermann (V.i.S.d.P.)<\/p>\n<p>blogs.NABU.de sind ein Teil des Onlineangebots des NABU. Hier befindet sich das vollst\u00e4ndige Impressum: <a href=\"https:\/\/www.nabu.de\/wir-ueber-uns\/impressum.html\" target=\"_blank\" rel=\"noopener\">www.nabu.de\/wir-ueber-uns\/impressum.html<\/a><\/p>\n<p>Inhaltlich-Verantwortlicher: Kai-Michael Thomsen<\/p>\n<p><strong>Datenschutzhinweis<\/strong>: Es gibt der Datenschutzhinweis von <a href=\"https:\/\/www.nabu.de\/wir-ueber-uns\/datenschutz.html\" target=\"_blank\" rel=\"noopener\">www.NABU.de<\/a><\/p>\n<p>Wir verwenden Ihre Daten nur f\u00fcr den Betrieb dieses Blogs. Grunds\u00e4tzlich werden Ihre Daten nicht an Dritte weiter gegeben, es sei denn, Sie<br \/>\n\u00fcbermitteln sie uns zur Ver\u00f6ffentlichung. Der Verwendung Ihrer Daten k\u00f6nnen Sie jederzeit formlos widersprechen, z.B. per E-Mail an redaktion@nabu.de.<\/p>\n<p>E-Mail-Benachrichtigungen: Sie haben die M\u00f6glichkeit, sich neue Blogbeitr\u00e4ge automatisch per E-Mail zusenden zu lassen. Dazu tragen Sie Ihre E-Mail-Adresse in das entsprechende Formular in der rechten Spalte ein. Ihre E-Mail-Adresse wird nicht an Dritte weitergegeben.<\/p>\n<p>Bild Hintergrund: Thomas Krumenacker<\/p>\n<p>&nbsp;<\/p>\n<p><strong>Real Cookie Banner<\/strong><\/p>\n<p>Zur Verwaltung der eingesetzten Cookies und \u00e4hnlichen Technologien (Tracking-Pixel, Web-Beacons etc.) und diesbez\u00fcglicher Einwilligungen setzen wir das Consent Tool &#8222;Real Cookie Banner&#8220; ein. Details zur Funktionsweise von &#8222;Real Cookie Banner&#8220; findest du unter <a href=\"https:\/\/devowl.io\/de\/rcb\/datenverarbeitung\/\" target=\"_blank\" rel=\"noopener noreferrer\">https:\/\/devowl.io\/de\/rcb\/datenverarbeitung\/<\/a>.<\/p>\n<p>Rechtsgrundlagen f\u00fcr die Verarbeitung von personenbezogenen Daten in diesem Zusammenhang sind Art. 6 Abs. 1 lit. c DS-GVO und Art. 6 Abs. 1 lit. f DS-GVO. Unser berechtigtes Interesse ist die Verwaltung der eingesetzten Cookies und \u00e4hnlichen Technologien und der diesbez\u00fcglichen Einwilligungen.<\/p>\n<p>Die Bereitstellung der personenbezogenen Daten ist weder vertraglich vorgeschrieben noch f\u00fcr den Abschluss eines Vertrages notwendig. Du bist nicht verpflichtet die personenbezogenen Daten bereitzustellen. Wenn du die personenbezogenen Daten nicht bereitstellst, k\u00f6nnen wir deine Einwilligungen nicht verwalten.<\/p>\n","protected":false},"excerpt":{"rendered":"<p>&#8222;S\u00f6trche auf Reisen&#8220; ist ein Onlineangebot des Naturschutzbunds Deutschland (NABU) e.V. Wir m\u00f6chten Menschen daf\u00fcr begeistern, sich durch gemeinschaftliches Handeln f\u00fcr die Natur einzusetzen. Wir wollen, dass auch [&hellip;]<\/p>\n","protected":false},"author":1,"featured_media":0,"parent":0,"menu_order":0,"comment_status":"open","ping_status":"open","template":"","meta":{"jetpack_post_was_ever_published":false},"jetpack_sharing_enabled":true,"jetpack_shortlink":"https:\/\/wp.me\/P6wIP2-f","_links":{"self":[{"href":"https:\/\/blogs.nabu.de\/stoerche-auf-reisen\/wp-json\/wp\/v2\/pages\/15"}],"collection":[{"href":"https:\/\/blogs.nabu.de\/stoerche-auf-reisen\/wp-json\/wp\/v2\/pages"}],"about":[{"href":"https:\/\/blogs.nabu.de\/stoerche-auf-reisen\/wp-json\/wp\/v2\/types\/page"}],"author":[{"embeddable":true,"href":"https:\/\/blogs.nabu.de\/stoerche-auf-reisen\/wp-json\/wp\/v2\/users\/1"}],"replies":[{"embeddable":true,"href":"https:\/\/blogs.nabu.de\/stoerche-auf-reisen\/wp-json\/wp\/v2\/comments?post=15"}],"version-history":[{"count":9,"href":"https:\/\/blogs.nabu.de\/stoerche-auf-reisen\/wp-json\/wp\/v2\/pages\/15\/revisions"}],"predecessor-version":[{"id":3977,"href":"https:\/\/blogs.nabu.de\/stoerche-auf-reisen\/wp-json\/wp\/v2\/pages\/15\/revisions\/3977"}],"wp:attachment":[{"href":"https:\/\/blogs.nabu.de\/stoerche-auf-reisen\/wp-json\/wp\/v2\/media?parent=15"}],"curies":[{"name":"wp","href":"https:\/\/api.w.org\/{rel}","templated":true}]}}