{"id":13,"date":"2015-07-29T11:41:09","date_gmt":"2015-07-29T09:41:09","guid":{"rendered":"http:\/\/blogs.nabu.de\/stoerche-auf-reisen\/?page_id=13"},"modified":"2015-08-25T15:41:25","modified_gmt":"2015-08-25T13:41:25","slug":"ueber-das-projekt","status":"publish","type":"page","link":"https:\/\/blogs.nabu.de\/stoerche-auf-reisen\/ueber-das-projekt\/","title":{"rendered":"\u00dcber das Projekt"},"content":{"rendered":"<p><strong>St\u00f6rche auf Reisen<\/strong><\/p>\n<p>In dem NABU-Projekt \u201eSt\u00f6rche auf Reisen\u201c wird \u00fcber mehrere Jahre der Zug der St\u00f6rche in den S\u00fcden verfolgt. Dadurch wollen wir unter anderem Erkenntnisse dar\u00fcber gewinnen, welche Gefahren die St\u00f6rche auf ihrer Reise ausgesetzt sind, wo die St\u00f6rche den Winter genau verbringen und wovon sie sich dort ern\u00e4hren.<\/p>\n<p>2009 gestartet, wurden in dem Projekt bisher mehr als 15 V\u00f6gel mit einem Spezialsender versehen, der die Standortkoordinaten der St\u00f6rche sammelt und weitersendet. Die 35 bis 50 Gramm leichten Solarsender werden wie Rucks\u00e4cke auf dem R\u00fccken befestigt und behindern die V\u00f6gel nicht. Der Sender speichert die GPS-Koordinaten des Storches und sendet sie an einen Satelliten. Diese Daten werden dann regelm\u00e4\u00dfig in unserer Karte aktualisiert.<\/p>\n<p>Au\u00dferdem analysiert und kommentiert unser NABU-Storchenexperte Kai-Michael Thomsen die Daten in diesem Blog: Wo befinden sich die St\u00f6rche gerade, was finden sie dort zu fressen und weicht ihr Verhalten von fr\u00fcheren Jahren ab? Lesen Sie es nach in den Blogeintr\u00e4gen zu den einzelnen St\u00f6rchen.<\/p>\n<p>Das Projekt soll dabei helfen, St\u00f6rche in Zukunft besser zu sch\u00fctzen: Bisher unbekannte Rastpl\u00e4tze und Gefahrenzonen k\u00f6nnen entdeckt und die neuen Erkenntnisse k\u00f6nnen in zuk\u00fcnftige Schutzprogramme einflie\u00dfen.<\/p>\n<p>Au\u00dferdem soll erforscht werden, warum St\u00f6rche in manchen Jahren vermehrt sp\u00e4t oder gar nicht aus ihren \u00dcberwinterungsgebieten zur\u00fcckkehren. Dieses Ph\u00e4nomen wird \u201eSt\u00f6rungsjahr\u201c genannt: Dann geht die Zahl der Storchenpaare sehr stark zur\u00fcck und teilweise kommen sie so sp\u00e4t zu ihren Nestern zur\u00fcck, dass sie nicht mehr erfolgreich br\u00fcten k\u00f6nnen.<\/p>\n<p>Wir sind gespannt, was wir mit Hilfe von Gustav, Ronja, Michael und Co. \u00fcber den Storchenzug lernen k\u00f6nnen.<\/p>\n<p>Viele weitere Informationen \u00fcber das Projekt, unsere Senderst\u00f6rche und die vergangenen Jahre finden Sie unter <a href=\"https:\/\/www.nabu.de\/stoerche-auf-reisen\">www.nabu.de\/stoerche-auf-reisen<\/a>.<\/p>\n","protected":false},"excerpt":{"rendered":"<p>St\u00f6rche auf Reisen In dem NABU-Projekt \u201eSt\u00f6rche auf Reisen\u201c wird \u00fcber mehrere Jahre der Zug der St\u00f6rche in den S\u00fcden verfolgt. Dadurch wollen wir unter anderem Erkenntnisse dar\u00fcber [&hellip;]<\/p>\n","protected":false},"author":1,"featured_media":0,"parent":0,"menu_order":0,"comment_status":"open","ping_status":"open","template":"","meta":{"jetpack_post_was_ever_published":false},"jetpack_sharing_enabled":true,"jetpack_shortlink":"https:\/\/wp.me\/P6wIP2-d","_links":{"self":[{"href":"https:\/\/blogs.nabu.de\/stoerche-auf-reisen\/wp-json\/wp\/v2\/pages\/13"}],"collection":[{"href":"https:\/\/blogs.nabu.de\/stoerche-auf-reisen\/wp-json\/wp\/v2\/pages"}],"about":[{"href":"https:\/\/blogs.nabu.de\/stoerche-auf-reisen\/wp-json\/wp\/v2\/types\/page"}],"author":[{"embeddable":true,"href":"https:\/\/blogs.nabu.de\/stoerche-auf-reisen\/wp-json\/wp\/v2\/users\/1"}],"replies":[{"embeddable":true,"href":"https:\/\/blogs.nabu.de\/stoerche-auf-reisen\/wp-json\/wp\/v2\/comments?post=13"}],"version-history":[{"count":6,"href":"https:\/\/blogs.nabu.de\/stoerche-auf-reisen\/wp-json\/wp\/v2\/pages\/13\/revisions"}],"predecessor-version":[{"id":97,"href":"https:\/\/blogs.nabu.de\/stoerche-auf-reisen\/wp-json\/wp\/v2\/pages\/13\/revisions\/97"}],"wp:attachment":[{"href":"https:\/\/blogs.nabu.de\/stoerche-auf-reisen\/wp-json\/wp\/v2\/media?parent=13"}],"curies":[{"name":"wp","href":"https:\/\/api.w.org\/{rel}","templated":true}]}}