{"id":26,"date":"2015-04-17T09:19:48","date_gmt":"2015-04-17T07:19:48","guid":{"rendered":"http:\/\/blogs.nabu.de\/naturschutzpolitik\/?page_id=26"},"modified":"2026-02-19T07:58:39","modified_gmt":"2026-02-19T06:58:39","slug":"impressum-und-datenschutz","status":"publish","type":"page","link":"https:\/\/blogs.nabu.de\/naturschaetze-retten\/impressum-und-datenschutz\/","title":{"rendered":"Impressum"},"content":{"rendered":"<p>Der Naturschutzbund Deutschland (NABU) e.V. m\u00f6chte Menschen daf\u00fcr begeistern, sich durch gemeinschaftliches Handeln f\u00fcr die Natur einzusetzen. Wir wollen, dass auch kommende Generationen eine Erde vorfinden, die lebenswert ist, die \u00fcber eine gro\u00dfe Vielfalt an Lebensr\u00e4umen und Arten, sowie \u00fcber gute Luft, sauberes Wasser, gesunde B\u00f6den und ein H\u00f6chstma\u00df an endlichen Ressourcen verf\u00fcgt.<\/p>\n<h2>Impressum<\/h2>\n<p>NABU \u2013 Naturschutzbund Deutschland e.V.<br \/>\nCharit\u00e9stra\u00dfe 3<br \/>\n10117 Berlin<\/p>\n<p>Tel. 030-28 49 84-0<br \/>\nFax 030-28 49 84-20 00<br \/>\n<a href=\"mailto:redaktion@NABU.de\">redaktion@NABU.de<\/a><a href=\"mailto:NABU@NABU.de\"><br \/>\n<\/a><a href=\"http:\/\/www.NABU.de\">www.NABU.de\u00a0<\/a><\/p>\n<p><strong>Postanschrift<\/strong><br \/>\nNABU \u2013 Naturschutzbund Deutschland e.V.<br \/>\n10108 Berlin<\/p>\n<p>Registergericht: Amtsgericht Stuttgart | Registernummer: VR 2303<br \/>\nUmsatzsteueridentifikation-Nr.: DE 155765809<\/p>\n<p><strong>Pr\u00e4sident<\/strong><br \/>\nJ\u00f6rg-Andreas Kr\u00fcger<\/p>\n<p><strong>Gesch\u00e4ftsf\u00fchrung<\/strong><br \/>\nSusanne Baumann, Ingo Ammermann (V.i.S.d.P.)<\/p>\n<p>blogs.NABU.de sind ein Teil des Onlineangebots des NABU. Hier befindet sich das vollst\u00e4ndige Impressu: <a href=\"https:\/\/www.nabu.de\/wir-ueber-uns\/impressum.html\" target=\"_blank\" rel=\"noopener\">www.nabu.de\/wir-ueber-uns\/impressum.html<\/a><\/p>\n<p>Inhaltlich-Verantwortlicher: Konstantin Kreiser<\/p>\n<p>Datenschutzhinweis: Es gilt der Datenschutzhinweis von <a href=\"https:\/\/www.nabu.de\/wir-ueber-uns\/datenschutz.html\" target=\"_blank\" rel=\"noopener\">www.NABU.de<\/a><\/p>\n<p><strong>Real Cookie Banner<\/strong><\/p>\n<p>Zur Verwaltung der eingesetzten Cookies und \u00e4hnlichen Technologien (Tracking-Pixel, Web-Beacons etc.) und diesbez\u00fcglicher Einwilligungen setzen wir das Consent Tool &#8222;Real Cookie Banner&#8220; ein. Details zur Funktionsweise von &#8222;Real Cookie Banner&#8220; findest du unter <a href=\"https:\/\/devowl.io\/de\/rcb\/datenverarbeitung\/\" target=\"_blank\" rel=\"noopener noreferrer\">https:\/\/devowl.io\/de\/rcb\/datenverarbeitung\/<\/a>.<\/p>\n<p>Rechtsgrundlagen f\u00fcr die Verarbeitung von personenbezogenen Daten in diesem Zusammenhang sind Art. 6 Abs. 1 lit. c DS-GVO und Art. 6 Abs. 1 lit. f DS-GVO. Unser berechtigtes Interesse ist die Verwaltung der eingesetzten Cookies und \u00e4hnlichen Technologien und der diesbez\u00fcglichen Einwilligungen.<\/p>\n<p>Die Bereitstellung der personenbezogenen Daten ist weder vertraglich vorgeschrieben noch f\u00fcr den Abschluss eines Vertrages notwendig. Du bist nicht verpflichtet die personenbezogenen Daten bereitzustellen. Wenn du die personenbezogenen Daten nicht bereitstellst, k\u00f6nnen wir deine Einwilligungen nicht verwalten.<\/p>\n<!-- Begin Yuzo --><div class='yuzo_related_post style-1'  data-version='5.12.74'><!-- without result --><div class='yuzo_clearfixed yuzo__title yuzo__title'><h3>Das k\u00f6nnte Sie auch interessieren<\/h3><\/div>\n\t\t\t\t\t\t  <div class=\"relatedthumb \" style=\"width:125px;float:left;overflow:hidden;\">  \n\t\t\t\t\t\t\t  \n\t\t\t\t\t\t\t  <a  href=\"https:\/\/blogs.nabu.de\/naturschaetze-retten\/wer-hat-das-sagen-in-der-eu-agrarpolitik\/\"  >\n\t\t\t\t\t\t\t\t\t  <div class=\"yuzo-img-wrap \" style=\"width: 125px;height:90px;\">\n\t\t\t\t\t\t\t\t\t\t\n\t\t\t\t\t\t\t\t\t\t<div class=\"yuzo-img\" style=\"background:url('https:\/\/blogs.nabu.de\/naturschaetze-retten\/wp-content\/uploads\/sites\/3\/2017\/07\/CAPHaveyoursay-1-340x226.png') 50% 50% no-repeat;width: 125px;height:90px;margin-bottom: 5px;background-size: cover; \"><\/div>\n\t\t\t\t\t\t\t\t\t  <\/div>\n\t\t\t\t\t\t\t\t\t  \n\t\t\t\t\t\t\t\t   <span class=\"yuzo__text--title\" style=\"font-size:13px;\">Wer hat das Sagen\u2026in der EU-Agrarpolitik?<\/span>\n\t\t\t\t\t\t\t  \n\t\t\t\t\t\t\t  \n\t\t\t\t\t\t\t  <\/a>\n\n\t\t\t\t\t\t  <\/div>\n\t\t\t\t\t\t  <div class=\"relatedthumb \" style=\"width:125px;float:left;overflow:hidden;\">  \n\t\t\t\t\t\t\t  \n\t\t\t\t\t\t\t  <a  href=\"https:\/\/blogs.nabu.de\/naturschaetze-retten\/ist-oeko-wirklich-besser\/\"  >\n\t\t\t\t\t\t\t\t\t  <div class=\"yuzo-img-wrap \" style=\"width: 125px;height:90px;\">\n\t\t\t\t\t\t\t\t\t\t\n\t\t\t\t\t\t\t\t\t\t<div class=\"yuzo-img\" style=\"background:url('https:\/\/blogs.nabu.de\/naturschaetze-retten\/wp-content\/uploads\/sites\/3\/2023\/02\/NABU_Agrar_Blog_Titel-e1633602782456-340x150.jpg') 50% 50% no-repeat;width: 125px;height:90px;margin-bottom: 5px;background-size: cover; \"><\/div>\n\t\t\t\t\t\t\t\t\t  <\/div>\n\t\t\t\t\t\t\t\t\t  \n\t\t\t\t\t\t\t\t   <span class=\"yuzo__text--title\" style=\"font-size:13px;\">Ist \u00d6ko wirklich besser? Neue Studie untermauert K...<\/span>\n\t\t\t\t\t\t\t  \n\t\t\t\t\t\t\t  \n\t\t\t\t\t\t\t  <\/a>\n\n\t\t\t\t\t\t  <\/div>\n\t\t\t\t\t\t  <div class=\"relatedthumb \" style=\"width:125px;float:left;overflow:hidden;\">  \n\t\t\t\t\t\t\t  \n\t\t\t\t\t\t\t  <a  href=\"https:\/\/blogs.nabu.de\/naturschaetze-retten\/mehr-natur-in-der-stadt-und-auch-um-die-stadt-herum-aktuelle-entwicklungen-verheissen-nichts-gutes\/\"  >\n\t\t\t\t\t\t\t\t\t  <div class=\"yuzo-img-wrap \" style=\"width: 125px;height:90px;\">\n\t\t\t\t\t\t\t\t\t\t\n\t\t\t\t\t\t\t\t\t\t<div class=\"yuzo-img\" style=\"background:url('https:\/\/blogs.nabu.de\/naturschaetze-retten\/wp-content\/uploads\/sites\/3\/2019\/07\/Baukrahn_2076_060225-340x226.jpg') 50% 50% no-repeat;width: 125px;height:90px;margin-bottom: 5px;background-size: cover; \"><\/div>\n\t\t\t\t\t\t\t\t\t  <\/div>\n\t\t\t\t\t\t\t\t\t  \n\t\t\t\t\t\t\t\t   <span class=\"yuzo__text--title\" style=\"font-size:13px;\">Mehr Natur in der Stadt \u2013 und auch um die Stadt he...<\/span>\n\t\t\t\t\t\t\t  \n\t\t\t\t\t\t\t  \n\t\t\t\t\t\t\t  <\/a>\n\n\t\t\t\t\t\t  <\/div>\n\t\t\t\t\t\t  <div class=\"relatedthumb \" style=\"width:125px;float:left;overflow:hidden;\">  \n\t\t\t\t\t\t\t  \n\t\t\t\t\t\t\t  <a  href=\"https:\/\/blogs.nabu.de\/naturschaetze-retten\/zwoelftausend\/\"  >\n\t\t\t\t\t\t\t\t\t  <div class=\"yuzo-img-wrap \" style=\"width: 125px;height:90px;\">\n\t\t\t\t\t\t\t\t\t\t\n\t\t\t\t\t\t\t\t\t\t<div class=\"yuzo-img\" style=\"background:url('https:\/\/blogs.nabu.de\/naturschaetze-retten\/wp-content\/uploads\/sites\/3\/2016\/05\/RZ_Illu_Tiere_vs._Maschienen__1200_x_627px-340x226.jpg') 50% 50% no-repeat;width: 125px;height:90px;margin-bottom: 5px;background-size: cover; \"><\/div>\n\t\t\t\t\t\t\t\t\t  <\/div>\n\t\t\t\t\t\t\t\t\t  \n\t\t\t\t\t\t\t\t   <span class=\"yuzo__text--title\" style=\"font-size:13px;\">Der Donner der Zw\u00f6lftausend<\/span>\n\t\t\t\t\t\t\t  \n\t\t\t\t\t\t\t  \n\t\t\t\t\t\t\t  <\/a>\n\n\t\t\t\t\t\t  <\/div>\n<\/div> <style>\n\t\t\t\t\t\t\t\t.yuzo_related_post img{width:120px !important; height:110px !important;}\n\t\t\t\t\t\t\t\t.yuzo_related_post .relatedthumb{line-height:15px;background: !important;color:!important;}\n\t\t\t\t\t\t\t\t.yuzo_related_post .relatedthumb:hover{background:#fcfcf4 !important; -webkit-transition: background 0.2s linear; -moz-transition: background 0.2s linear; -o-transition: background 0.2s linear; transition: background 0.2s linear;;color:!important;}\n\t\t\t\t\t\t\t\t.yuzo_related_post .relatedthumb a{color:!important;}\n\t\t\t\t\t\t\t\t.yuzo_related_post .relatedthumb a:hover{ color:}!important;}\n\t\t\t\t\t\t\t\t.yuzo_related_post .relatedthumb:hover a{ color:!important;}\n\t\t\t\t\t\t\t\t.yuzo_related_post .yuzo_text {color:!important;}\n\t\t\t\t\t\t\t\t.yuzo_related_post .relatedthumb:hover .yuzo_text {color:!important;}\n\t\t\t\t\t\t\t\t.yuzo_related_post .relatedthumb{  margin: 0px  0px  0px  0px;   padding: 5px  5px  5px  5px;  }\n\t\t\t\t\t\t\t\t\n\t\t\t\t\t\t\t\t<\/style> <script>\n\t\t\t\t\t\t  jQuery(document).ready(function( $ ){\n\t\t\t\t\t\t\t\/\/jQuery('.yuzo_related_post').equalizer({ overflow : 'relatedthumb' });\n\t\t\t\t\t\t\tjQuery('.yuzo_related_post .yuzo_wraps').equalizer({ columns : '> div' });\n\t\t\t\t\t\t   })\n\t\t\t\t\t\t  <\/script> <!-- End Yuzo :) -->","protected":false},"excerpt":{"rendered":"<p>Der Naturschutzbund Deutschland (NABU) e.V. m\u00f6chte Menschen daf\u00fcr begeistern, sich durch gemeinschaftliches Handeln f\u00fcr die Natur einzusetzen. Wir wollen, dass auch kommende Generationen eine Erde vorfinden, die lebenswert [&hellip;]<\/p>\n","protected":false},"author":1,"featured_media":0,"parent":0,"menu_order":0,"comment_status":"open","ping_status":"open","template":"","meta":{"jetpack_post_was_ever_published":false},"jetpack-related-posts":[{"id":15,"url":"https:\/\/blogs.nabu.de\/naturschaetze-retten\/ueber-diesen-blog\/","url_meta":{"origin":26,"position":0},"title":"\u00dcber diesen Blog","date":"16. April 2015","format":false,"excerpt":"\u00dcber diesen Blog Unter dem Motto \"Natursch\u00e4tze.Retten\" schreiben an dieser Stelle eine Reihe von Mitarbeiterinnen und Mitarbeitern des NABU-Bundesverbands im Wechsel zu aktuellen naturschutzpolitischen Themen. Ob Schutzgebietsmanagement, EU-Agrarpolitik oder Zugvogelschutz - dieser Blog greift auf, wo politische Entscheidungen anstehen, getroffen oder verschleppt werden, die f\u00fcr die biologische Vielfalt in Deutschland\u2026","rel":"","context":"\u00c4hnlicher Beitrag","img":{"alt_text":"","src":"","width":0,"height":0},"classes":[]},{"id":29,"url":"https:\/\/blogs.nabu.de\/naturschaetze-retten\/seite-nicht-gefunden\/","url_meta":{"origin":26,"position":1},"title":"Seite nicht gefunden","date":"17. April 2015","format":false,"excerpt":"Alle V\u00f6gel sind schon ausgeflogen! Entschuldigung. Diese Seite existiert leider nicht. \u00a0","rel":"","context":"\u00c4hnlicher Beitrag","img":{"alt_text":"141219-nabu-nest-fotolia","src":"https:\/\/i0.wp.com\/blogs.nabu.de\/base\/wp-content\/uploads\/2015\/03\/141219-nabu-nest-fotolia.jpg?resize=350%2C200","width":350,"height":200},"classes":[]},{"id":3193,"url":"https:\/\/blogs.nabu.de\/naturschaetze-retten\/unsere-autoren\/","url_meta":{"origin":26,"position":2},"title":"Unsere Autor*innen","date":"5. Juli 2017","format":false,"excerpt":"Autor*innen des \"Natursch\u00e4tze.Retten\"-Blogs Autor*innen des NABU-Haupt-Blogs","rel":"","context":"\u00c4hnlicher Beitrag","img":{"alt_text":"","src":"","width":0,"height":0},"classes":[]}],"jetpack_shortlink":"https:\/\/wp.me\/P67kDA-q","_links":{"self":[{"href":"https:\/\/blogs.nabu.de\/naturschaetze-retten\/wp-json\/wp\/v2\/pages\/26"}],"collection":[{"href":"https:\/\/blogs.nabu.de\/naturschaetze-retten\/wp-json\/wp\/v2\/pages"}],"about":[{"href":"https:\/\/blogs.nabu.de\/naturschaetze-retten\/wp-json\/wp\/v2\/types\/page"}],"author":[{"embeddable":true,"href":"https:\/\/blogs.nabu.de\/naturschaetze-retten\/wp-json\/wp\/v2\/users\/1"}],"replies":[{"embeddable":true,"href":"https:\/\/blogs.nabu.de\/naturschaetze-retten\/wp-json\/wp\/v2\/comments?post=26"}],"version-history":[{"count":6,"href":"https:\/\/blogs.nabu.de\/naturschaetze-retten\/wp-json\/wp\/v2\/pages\/26\/revisions"}],"predecessor-version":[{"id":8759,"href":"https:\/\/blogs.nabu.de\/naturschaetze-retten\/wp-json\/wp\/v2\/pages\/26\/revisions\/8759"}],"wp:attachment":[{"href":"https:\/\/blogs.nabu.de\/naturschaetze-retten\/wp-json\/wp\/v2\/media?parent=26"}],"curies":[{"name":"wp","href":"https:\/\/api.w.org\/{rel}","templated":true}]}}