{"id":19,"date":"2015-10-09T17:08:25","date_gmt":"2015-10-09T15:08:25","guid":{"rendered":"http:\/\/blogs.nabu.de\/bfd\/?page_id=19"},"modified":"2025-09-24T11:25:01","modified_gmt":"2025-09-24T09:25:01","slug":"impressum-und-datenschutz","status":"publish","type":"page","link":"https:\/\/blogs.nabu.de\/hessen\/impressum-und-datenschutz\/","title":{"rendered":"Impressum"},"content":{"rendered":"<h1>Impressum und Datenschutzhinweis<\/h1>\n<p>Der NABU (Naturschutzbund Deutschland), Landesverband Hessen e.V.,\u00a0 m\u00f6chte Menschen daf\u00fcr begeistern, sich durch gemeinschaftliches Handeln f\u00fcr die Natur einzusetzen. Wir wollen, dass auch kommende Generationen eine Erde vorfinden, die lebenswert ist, die \u00fcber eine gro\u00dfe Vielfalt an Lebensr\u00e4umen und Arten, sowie \u00fcber gute Luft, sauberes Wasser, gesunde B\u00f6den und ein H\u00f6chstma\u00df an endlichen Ressourcen verf\u00fcgt.<\/p>\n<p>NABU (Naturschutzbund Deutschland)<br \/>\nLandesverband Hessen e.V.<\/p>\n<p>Tel. 06441-67904-17<br \/>\nFax 06441-67904-29<br \/>\n<a href=\"mailto:info@NABU-Hessen.de\">info@nabu-Hessen.de<\/a><a href=\"mailto:NABU@NABU.de\"><br \/>\n<\/a><a href=\"http:\/\/www.NABU-Hessen.de\">www.nabu-hessen.de <\/a><\/p>\n<p><strong>Postanschrift<\/strong><br \/>\nNABU-Landesverband Hessen e.V.<br \/>\nFriedenstra\u00dfe 26<br \/>\n35578 Wetzlar<\/p>\n<p>Registergericht: Amtsgericht Wetzlar | Registernummer: VR 136<br \/>\nSteuernummer: DE 3925050881<\/p>\n<p><strong>Landesvorsitzender<\/strong><br \/>\nMaik Sommerhage<\/p>\n<p><strong>Gesch\u00e4ftsf\u00fchrung<\/strong><br \/>\nDr. Berthold Langenhorst (V.i.S.d.P.)<\/p>\n<p>blogs.NABU.de\/hessen sind ein Teil des Onlineangebots des NABU Landesverbands Hessen e.V.. Hier befindet sich das vollst\u00e4ndige Impressum: <a href=\"https:\/\/hessen.nabu.de\/wirueberuns\/impressum\/impressum.html\">www.hessen.nabu.de\/wirueberuns\/impressum\/impressum.html<\/a><\/p>\n<p><strong>Datenschutzhinweis<\/strong>: Es gelten die Datenschutzhinweise von <a href=\"http:\/\/www.hessen.nabu.de\/wirueberuns\/impressum\/impressum.html\" target=\"_blank\" rel=\"noopener\">www.nabu-hessen.de<\/a><\/p>\n<p>Wir verwenden Ihre Daten nur f\u00fcr den Betrieb dieses Blogs. Grunds\u00e4tzlich werden Ihre Daten nicht an Dritte weiter gegeben, es sei denn, Sie \u00fcbermitteln sie uns zur Ver\u00f6ffentlichung. Der Verwendung Ihrer Daten k\u00f6nnen Sie jederzeit formlos widersprechen, z.B. per E-Mail an <a href=\"mailto:datenschutz@NABU-Hessen.de\">datenschutz@nabu-hessen.de<\/a>.<\/p>\n<p>E-Mail-Benachrichtigungen: Sie haben die M\u00f6glichkeit, sich neue Blogbeitr\u00e4ge automatisch per E-Mail zusenden zu lassen. Dazu tragen Sie Ihre E-Mail-Adresse in das entsprechende Formular in der rechten Spalte ein. Ihre E-Mail-Adresse wird nicht an Dritte weitergegeben.<\/p>\n<p>&nbsp;<\/p>\n<p><strong>Real Cookie Banner<\/strong><\/p>\n<p>Zur Verwaltung der eingesetzten Cookies und \u00e4hnlichen Technologien (Tracking-Pixel, Web-Beacons etc.) und diesbez\u00fcglicher Einwilligungen setzen wir das Consent Tool &#8222;Real Cookie Banner&#8220; ein. Details zur Funktionsweise von &#8222;Real Cookie Banner&#8220; findest du unter &lt;a href=&#8220;https:\/\/devowl.io\/de\/rcb\/datenverarbeitung\/&#8220; rel=&#8220;noreferrer&#8220; target=&#8220;_blank&#8220;&gt;https:\/\/devowl.io\/de\/rcb\/datenverarbeitung\/&lt;\/a&gt;.<\/p>\n<p>Rechtsgrundlagen f\u00fcr die Verarbeitung von personenbezogenen Daten in diesem Zusammenhang sind Art. 6 Abs. 1 lit. c DS-GVO und Art. 6 Abs. 1 lit. f DS-GVO. Unser berechtigtes Interesse ist die Verwaltung der eingesetzten Cookies und \u00e4hnlichen Technologien und der diesbez\u00fcglichen Einwilligungen.<\/p>\n<p>Die Bereitstellung der personenbezogenen Daten ist weder vertraglich vorgeschrieben noch f\u00fcr den Abschluss eines Vertrages notwendig. Du bist nicht verpflichtet die personenbezogenen Daten bereitzustellen. Wenn du die personenbezogenen Daten nicht bereitstellst, k\u00f6nnen wir deine Einwilligungen nicht verwalten.<\/p>\n<!-- Begin Yuzo --><div class='yuzo_related_post style-1'  data-version='5.12.74'><!-- without result --><div class='yuzo_clearfixed yuzo__title yuzo__title'><h3>Related Post<\/h3><\/div>\n\t\t\t\t\t\t  <div class=\"relatedthumb \" style=\"width:125px;float:left;overflow:hidden;\">  \n\t\t\t\t\t\t\t  \n\t\t\t\t\t\t\t  <a  href=\"https:\/\/blogs.nabu.de\/hessen\/die-aktion-rueckt-naeher\/\"  >\n\t\t\t\t\t\t\t\t\t  <div class=\"yuzo-img-wrap \" style=\"width: 125px;height:90px;\">\n\t\t\t\t\t\t\t\t\t\t\n\t\t\t\t\t\t\t\t\t\t<div class=\"yuzo-img\" style=\"background:url('https:\/\/blogs.nabu.de\/hessen\/wp-content\/uploads\/sites\/6\/2017\/06\/IMG_2186-150x150.jpg') 50% 50% no-repeat;width: 125px;height:90px;margin-bottom: 5px;background-size: cover; \"><\/div>\n\t\t\t\t\t\t\t\t\t  <\/div>\n\t\t\t\t\t\t\t\t\t  \n\t\t\t\t\t\t\t\t   <span class=\"yuzo__text--title\" style=\"font-size:13px;\">Die Aktion r\u00fcckt n\u00e4her!<\/span>\n\t\t\t\t\t\t\t  \n\t\t\t\t\t\t\t  \n\t\t\t\t\t\t\t  <\/a>\n\n\t\t\t\t\t\t  <\/div>\n\t\t\t\t\t\t  <div class=\"relatedthumb \" style=\"width:125px;float:left;overflow:hidden;\">  \n\t\t\t\t\t\t\t  \n\t\t\t\t\t\t\t  <a  href=\"https:\/\/blogs.nabu.de\/hessen\/neptun-ankunft-spanien-oktober-2017\/\"  >\n\t\t\t\t\t\t\t\t\t  <div class=\"yuzo-img-wrap \" style=\"width: 125px;height:90px;\">\n\t\t\t\t\t\t\t\t\t\t\n\t\t\t\t\t\t\t\t\t\t<div class=\"yuzo-img\" style=\"background:url('https:\/\/blogs.nabu.de\/hessen\/wp-content\/uploads\/sites\/6\/2017\/10\/Neptun_Herbstzug_2017_Oktober_NABU-150x150.jpg') 50% 50% no-repeat;width: 125px;height:90px;margin-bottom: 5px;background-size: cover; \"><\/div>\n\t\t\t\t\t\t\t\t\t  <\/div>\n\t\t\t\t\t\t\t\t\t  \n\t\t\t\t\t\t\t\t   <span class=\"yuzo__text--title\" style=\"font-size:13px;\">Der Dritte im Bunde: Neptun erreicht ebenfalls Spa...<\/span>\n\t\t\t\t\t\t\t  \n\t\t\t\t\t\t\t  \n\t\t\t\t\t\t\t  <\/a>\n\n\t\t\t\t\t\t  <\/div>\n\t\t\t\t\t\t  <div class=\"relatedthumb \" style=\"width:125px;float:left;overflow:hidden;\">  \n\t\t\t\t\t\t\t  \n\t\t\t\t\t\t\t  <a  href=\"https:\/\/blogs.nabu.de\/hessen\/reflexionsseminar-auf-burg-hessenstein\/\"  >\n\t\t\t\t\t\t\t\t\t  <div class=\"yuzo-img-wrap \" style=\"width: 125px;height:90px;\">\n\t\t\t\t\t\t\t\t\t\t\n\t\t\t\t\t\t\t\t\t\t<div class=\"yuzo-img\" style=\"background:url('https:\/\/blogs.nabu.de\/hessen\/wp-content\/uploads\/sites\/6\/2017\/11\/IMG_2429-150x150.jpg') 50% 50% no-repeat;width: 125px;height:90px;margin-bottom: 5px;background-size: cover; \"><\/div>\n\t\t\t\t\t\t\t\t\t  <\/div>\n\t\t\t\t\t\t\t\t\t  \n\t\t\t\t\t\t\t\t   <span class=\"yuzo__text--title\" style=\"font-size:13px;\">Reflexionsseminar auf Burg Hessenstein<\/span>\n\t\t\t\t\t\t\t  \n\t\t\t\t\t\t\t  \n\t\t\t\t\t\t\t  <\/a>\n\n\t\t\t\t\t\t  <\/div>\n\t\t\t\t\t\t  <div class=\"relatedthumb \" style=\"width:125px;float:left;overflow:hidden;\">  \n\t\t\t\t\t\t\t  \n\t\t\t\t\t\t\t  <a  href=\"https:\/\/blogs.nabu.de\/hessen\/was-alles-so-am-dienstag-geschah\/\"  >\n\t\t\t\t\t\t\t\t\t  <div class=\"yuzo-img-wrap \" style=\"width: 125px;height:90px;\">\n\t\t\t\t\t\t\t\t\t\t\n\t\t\t\t\t\t\t\t\t\t<div class=\"yuzo-img\" style=\"background:url('https:\/\/blogs.nabu.de\/hessen\/wp-content\/uploads\/sites\/6\/2016\/11\/IMG_0496-150x150.jpg') 50% 50% no-repeat;width: 125px;height:90px;margin-bottom: 5px;background-size: cover; \"><\/div>\n\t\t\t\t\t\t\t\t\t  <\/div>\n\t\t\t\t\t\t\t\t\t  \n\t\t\t\t\t\t\t\t   <span class=\"yuzo__text--title\" style=\"font-size:13px;\">Was alles so am Dienstag geschah\u2026<\/span>\n\t\t\t\t\t\t\t  \n\t\t\t\t\t\t\t  \n\t\t\t\t\t\t\t  <\/a>\n\n\t\t\t\t\t\t  <\/div>\n<\/div> <style>\n\t\t\t\t\t\t\t\t.yuzo_related_post img{width:120px !important; height:110px !important;}\n\t\t\t\t\t\t\t\t.yuzo_related_post .relatedthumb{line-height:15px;background: !important;color:!important;}\n\t\t\t\t\t\t\t\t.yuzo_related_post .relatedthumb:hover{background:#fcfcf4 !important; -webkit-transition: background 0.2s linear; -moz-transition: background 0.2s linear; -o-transition: background 0.2s linear; transition: background 0.2s linear;;color:!important;}\n\t\t\t\t\t\t\t\t.yuzo_related_post .relatedthumb a{color:!important;}\n\t\t\t\t\t\t\t\t.yuzo_related_post .relatedthumb a:hover{ color:}!important;}\n\t\t\t\t\t\t\t\t.yuzo_related_post .relatedthumb:hover a{ color:!important;}\n\t\t\t\t\t\t\t\t.yuzo_related_post .yuzo_text {color:!important;}\n\t\t\t\t\t\t\t\t.yuzo_related_post .relatedthumb:hover .yuzo_text {color:!important;}\n\t\t\t\t\t\t\t\t.yuzo_related_post .relatedthumb{  margin: 0px  0px  0px  0px;   padding: 5px  5px  5px  5px;  }\n\t\t\t\t\t\t\t\t\n\t\t\t\t\t\t\t\t<\/style> <script>\n\t\t\t\t\t\t  jQuery(document).ready(function( $ ){\n\t\t\t\t\t\t\t\/\/jQuery('.yuzo_related_post').equalizer({ overflow : 'relatedthumb' });\n\t\t\t\t\t\t\tjQuery('.yuzo_related_post .yuzo_wraps').equalizer({ columns : '> div' });\n\t\t\t\t\t\t   })\n\t\t\t\t\t\t  <\/script> <!-- End Yuzo :) -->","protected":false},"excerpt":{"rendered":"<p>Impressum und Datenschutzhinweis Der NABU (Naturschutzbund Deutschland), Landesverband Hessen e.V.,\u00a0 m\u00f6chte Menschen daf\u00fcr begeistern, sich durch gemeinschaftliches Handeln f\u00fcr die Natur einzusetzen. Wir wollen, dass auch kommende Generationen [&hellip;]<\/p>\n","protected":false},"author":1,"featured_media":0,"parent":0,"menu_order":0,"comment_status":"closed","ping_status":"closed","template":"","meta":{"jetpack_post_was_ever_published":false},"jetpack_shortlink":"https:\/\/wp.me\/P6Q2c7-j","jetpack-related-posts":[{"id":568,"url":"https:\/\/blogs.nabu.de\/hessen\/startseite\/","url_meta":{"origin":19,"position":0},"title":"Startseite","date":"19. August 2016","format":false,"excerpt":"","rel":"","context":"\u00c4hnlicher Beitrag","img":{"alt_text":"","src":"","width":0,"height":0},"classes":[]}],"_links":{"self":[{"href":"https:\/\/blogs.nabu.de\/hessen\/wp-json\/wp\/v2\/pages\/19"}],"collection":[{"href":"https:\/\/blogs.nabu.de\/hessen\/wp-json\/wp\/v2\/pages"}],"about":[{"href":"https:\/\/blogs.nabu.de\/hessen\/wp-json\/wp\/v2\/types\/page"}],"author":[{"embeddable":true,"href":"https:\/\/blogs.nabu.de\/hessen\/wp-json\/wp\/v2\/users\/1"}],"replies":[{"embeddable":true,"href":"https:\/\/blogs.nabu.de\/hessen\/wp-json\/wp\/v2\/comments?post=19"}],"version-history":[{"count":14,"href":"https:\/\/blogs.nabu.de\/hessen\/wp-json\/wp\/v2\/pages\/19\/revisions"}],"predecessor-version":[{"id":1795,"href":"https:\/\/blogs.nabu.de\/hessen\/wp-json\/wp\/v2\/pages\/19\/revisions\/1795"}],"wp:attachment":[{"href":"https:\/\/blogs.nabu.de\/hessen\/wp-json\/wp\/v2\/media?parent=19"}],"curies":[{"name":"wp","href":"https:\/\/api.w.org\/{rel}","templated":true}]}}