{"id":2,"date":"2017-06-16T13:59:01","date_gmt":"2017-06-16T11:59:01","guid":{"rendered":"http:\/\/blogs.nabu.de\/bremen\/?page_id=2"},"modified":"2017-06-21T14:07:17","modified_gmt":"2017-06-21T12:07:17","slug":"ueber","status":"publish","type":"page","link":"https:\/\/blogs.nabu.de\/bremen\/ueber\/","title":{"rendered":"\u00dcber die Freizeiten"},"content":{"rendered":"<h1>\u00dcber die Freizeiten<\/h1>\n<p>Der NABU Bremen bietet Freizeiten f\u00fcr Kinder von 8 bis 14 Jahren im Schullandheim Dreptefarm in Wulsb\u00fcttel an. Freizeiten gibt zu den Oster-,Pfingst-, Sommer- und Herbstferien.<\/p>\n<p>F\u00fcr die Kinder steht ein breites Programm bereit, dass sich aus den Erfahrungen von \u00fcber hundert Freizeiten und neuen Ideen speist. Bastelrunden und Bewegungsspiele wechseln sich ebenso ab wie Radtouren und Lagerfeuer. Und nat\u00fcrlich sind da auch die Farmtiere, die t\u00e4glich versorgt werden wollen.<\/p>\n<p>Der Dorf-Badeteich steht in der Sommerfreizeit ganz klar im Mittelpunkt. Da k\u00f6nnen herrliche Wasserschlachten ausgetragen werden und die Kind verwandeln sich in Matschmonster. Aber auch andere Lebensr\u00e4ume wie der Forst D\u00fcngel oder das K\u00f6nigsmoor bringen die Natursch\u00fctzer den Kindern nah: Mit Blaubeersammeln und der Suche nach echten fleischfressenden Pflanzen. Hauptsache drau\u00dfen und viel zusammen erleben. Was alles so erlebt wird kann hier in unserem Blog nachgelesen werden.<\/p>\n<p>Weitere Infos und die Anmeldungen gibt es auf der <a href=\"https:\/\/bremen.nabu.de\/kids-und-co\/freizeiten\/\" target=\"_blank\" rel=\"noopener\">Website des NABU-Bremen. <\/a><\/p>\n<!-- Begin Yuzo --><div class='yuzo_related_post style-1'  data-version='5.12.74'><!-- without result -->\n\t\t\t\t\t\t  <div class=\"relatedthumb \" style=\"width:125px;float:left;overflow:hidden;\">  \n\t\t\t\t\t\t\t  \n\t\t\t\t\t\t\t  <a  href=\"https:\/\/blogs.nabu.de\/bremen\/2023\/03\/24\/online-tagebuch-der-osterfreizeit-i-2023\/\"  >\n\t\t\t\t\t\t\t\t\t  <div class=\"yuzo-img-wrap \" style=\"width: 125px;height:90px;\">\n\t\t\t\t\t\t\t\t\t\t\n\t\t\t\t\t\t\t\t\t\t<div class=\"yuzo-img\" style=\"background:url('https:\/\/blogs.nabu.de\/bremen\/wp-content\/uploads\/sites\/9\/2023\/03\/Titel-150x150.jpg') 50% 50% no-repeat;width: 125px;height:90px;margin-bottom: 5px;background-size: cover; \"><\/div>\n\t\t\t\t\t\t\t\t\t  <\/div>\n\t\t\t\t\t\t\t\t\t  \n\t\t\t\t\t\t\t\t   <span class=\"yuzo__text--title\" style=\"font-size:13px;\">Online-Tagebuch der Osterfreizeit I 2023<\/span>\n\t\t\t\t\t\t\t  \n\t\t\t\t\t\t\t  \n\t\t\t\t\t\t\t  <\/a>\n\n\t\t\t\t\t\t  <\/div>\n\t\t\t\t\t\t  <div class=\"relatedthumb \" style=\"width:125px;float:left;overflow:hidden;\">  \n\t\t\t\t\t\t\t  \n\t\t\t\t\t\t\t  <a  href=\"https:\/\/blogs.nabu.de\/bremen\/2022\/08\/13\/online-tagebuch-der-sommerwoche-v\/\"  >\n\t\t\t\t\t\t\t\t\t  <div class=\"yuzo-img-wrap \" style=\"width: 125px;height:90px;\">\n\t\t\t\t\t\t\t\t\t\t\n\t\t\t\t\t\t\t\t\t\t<div class=\"yuzo-img\" style=\"background:url('https:\/\/blogs.nabu.de\/bremen\/wp-content\/uploads\/sites\/9\/2022\/08\/NABU_Sommerfreizeit_V_2022_0001-150x150.jpg') 50% 50% no-repeat;width: 125px;height:90px;margin-bottom: 5px;background-size: cover; \"><\/div>\n\t\t\t\t\t\t\t\t\t  <\/div>\n\t\t\t\t\t\t\t\t\t  \n\t\t\t\t\t\t\t\t   <span class=\"yuzo__text--title\" style=\"font-size:13px;\">Online-Tagebuch der Sommerwoche V<\/span>\n\t\t\t\t\t\t\t  \n\t\t\t\t\t\t\t  \n\t\t\t\t\t\t\t  <\/a>\n\n\t\t\t\t\t\t  <\/div>\n\t\t\t\t\t\t  <div class=\"relatedthumb \" style=\"width:125px;float:left;overflow:hidden;\">  \n\t\t\t\t\t\t\t  \n\t\t\t\t\t\t\t  <a  href=\"https:\/\/blogs.nabu.de\/bremen\/2022\/04\/08\/online-tagebuch-der-osterfreizeit-ii-2022\/\"  >\n\t\t\t\t\t\t\t\t\t  <div class=\"yuzo-img-wrap \" style=\"width: 125px;height:90px;\">\n\t\t\t\t\t\t\t\t\t\t\n\t\t\t\t\t\t\t\t\t\t<div class=\"yuzo-img\" style=\"background:url('https:\/\/blogs.nabu.de\/bremen\/wp-content\/uploads\/sites\/9\/2022\/04\/NABU_Osterfreizeit_II_2022_0214-150x150.jpg') 50% 50% no-repeat;width: 125px;height:90px;margin-bottom: 5px;background-size: cover; \"><\/div>\n\t\t\t\t\t\t\t\t\t  <\/div>\n\t\t\t\t\t\t\t\t\t  \n\t\t\t\t\t\t\t\t   <span class=\"yuzo__text--title\" style=\"font-size:13px;\">Online-Tagebuch der Osterfreizeit II 2022<\/span>\n\t\t\t\t\t\t\t  \n\t\t\t\t\t\t\t  \n\t\t\t\t\t\t\t  <\/a>\n\n\t\t\t\t\t\t  <\/div>\n\t\t\t\t\t\t  <div class=\"relatedthumb \" style=\"width:125px;float:left;overflow:hidden;\">  \n\t\t\t\t\t\t\t  \n\t\t\t\t\t\t\t  <a  href=\"https:\/\/blogs.nabu.de\/bremen\/2022\/08\/06\/online-tagebuch-der-sommerwoche-iv\/\"  >\n\t\t\t\t\t\t\t\t\t  <div class=\"yuzo-img-wrap \" style=\"width: 125px;height:90px;\">\n\t\t\t\t\t\t\t\t\t\t\n\t\t\t\t\t\t\t\t\t\t<div class=\"yuzo-img\" style=\"background:url('https:\/\/blogs.nabu.de\/bremen\/wp-content\/uploads\/sites\/9\/2022\/08\/Betreuer_NABU_Sommerfreizeit_IV_2022_0001-150x150.jpg') 50% 50% no-repeat;width: 125px;height:90px;margin-bottom: 5px;background-size: cover; \"><\/div>\n\t\t\t\t\t\t\t\t\t  <\/div>\n\t\t\t\t\t\t\t\t\t  \n\t\t\t\t\t\t\t\t   <span class=\"yuzo__text--title\" style=\"font-size:13px;\">Online-Tagebuch der Sommerwoche IV<\/span>\n\t\t\t\t\t\t\t  \n\t\t\t\t\t\t\t  \n\t\t\t\t\t\t\t  <\/a>\n\n\t\t\t\t\t\t  <\/div>\n<\/div> <style>\n\t\t\t\t\t\t\t\t.yuzo_related_post img{width:120px !important; height:110px !important;}\n\t\t\t\t\t\t\t\t.yuzo_related_post .relatedthumb{line-height:15px;background: !important;color:!important;}\n\t\t\t\t\t\t\t\t.yuzo_related_post .relatedthumb:hover{background:#fcfcf4 !important; -webkit-transition: background 0.2s linear; -moz-transition: background 0.2s linear; -o-transition: background 0.2s linear; transition: background 0.2s linear;;color:!important;}\n\t\t\t\t\t\t\t\t.yuzo_related_post .relatedthumb a{color:!important;}\n\t\t\t\t\t\t\t\t.yuzo_related_post .relatedthumb a:hover{ color:}!important;}\n\t\t\t\t\t\t\t\t.yuzo_related_post .relatedthumb:hover a{ color:!important;}\n\t\t\t\t\t\t\t\t.yuzo_related_post .yuzo_text {color:!important;}\n\t\t\t\t\t\t\t\t.yuzo_related_post .relatedthumb:hover .yuzo_text {color:!important;}\n\t\t\t\t\t\t\t\t.yuzo_related_post .relatedthumb{  margin: 0px  0px  0px  0px;   padding: 5px  5px  5px  5px;  }\n\t\t\t\t\t\t\t\t\n\t\t\t\t\t\t\t\t<\/style> <script>\n\t\t\t\t\t\t  jQuery(document).ready(function( $ ){\n\t\t\t\t\t\t\t\/\/jQuery('.yuzo_related_post').equalizer({ overflow : 'relatedthumb' });\n\t\t\t\t\t\t\tjQuery('.yuzo_related_post .yuzo_wraps').equalizer({ columns : '> div' });\n\t\t\t\t\t\t   })\n\t\t\t\t\t\t  <\/script> <!-- End Yuzo :) -->","protected":false},"excerpt":{"rendered":"<p>\u00dcber die Freizeiten Der NABU Bremen bietet Freizeiten f\u00fcr Kinder von 8 bis 14 Jahren im Schullandheim Dreptefarm in Wulsb\u00fcttel an. Freizeiten gibt zu den Oster-,Pfingst-, Sommer- und [&hellip;]<\/p>\n","protected":false},"author":1,"featured_media":0,"parent":0,"menu_order":0,"comment_status":"closed","ping_status":"open","template":"","meta":{"jetpack_post_was_ever_published":false},"jetpack_sharing_enabled":true,"jetpack_shortlink":"https:\/\/wp.me\/P8QwBj-2","jetpack_likes_enabled":true,"jetpack-related-posts":[{"id":21,"url":"https:\/\/blogs.nabu.de\/bremen\/impressum-datenschutz\/","url_meta":{"origin":2,"position":0},"title":"Impressum","date":"19. Juni 2017","format":false,"excerpt":"<h1>Impressum und Datenschutzhinweis<\/h1> Der Naturschutzbund Deutschland (NABU) e.V., Landesverband Bremen, m\u00f6chte Menschen daf\u00fcr begeistern, sich durch gemeinschaftliches Handeln f\u00fcr die Natur einzusetzen. Wir wollen, dass auch kommende Generationen eine Erde vorfinden, die lebenswert ist, die \u00fcber eine gro\u00dfe Vielfalt an Lebensr\u00e4umen und Arten, sowie \u00fcber gute Luft, sauberes Wasser, gesunde\u2026","rel":"","context":"\u00c4hnlicher Beitrag","img":{"alt_text":"","src":"","width":0,"height":0},"classes":[]}],"_links":{"self":[{"href":"https:\/\/blogs.nabu.de\/bremen\/wp-json\/wp\/v2\/pages\/2"}],"collection":[{"href":"https:\/\/blogs.nabu.de\/bremen\/wp-json\/wp\/v2\/pages"}],"about":[{"href":"https:\/\/blogs.nabu.de\/bremen\/wp-json\/wp\/v2\/types\/page"}],"author":[{"embeddable":true,"href":"https:\/\/blogs.nabu.de\/bremen\/wp-json\/wp\/v2\/users\/1"}],"replies":[{"embeddable":true,"href":"https:\/\/blogs.nabu.de\/bremen\/wp-json\/wp\/v2\/comments?post=2"}],"version-history":[{"count":3,"href":"https:\/\/blogs.nabu.de\/bremen\/wp-json\/wp\/v2\/pages\/2\/revisions"}],"predecessor-version":[{"id":41,"href":"https:\/\/blogs.nabu.de\/bremen\/wp-json\/wp\/v2\/pages\/2\/revisions\/41"}],"wp:attachment":[{"href":"https:\/\/blogs.nabu.de\/bremen\/wp-json\/wp\/v2\/media?parent=2"}],"curies":[{"name":"wp","href":"https:\/\/api.w.org\/{rel}","templated":true}]}}